{"id":11140,"date":"2024-08-05T08:48:40","date_gmt":"2024-08-05T06:48:40","guid":{"rendered":"https:\/\/dev.hoinka.com\/wiredscore-ap-certificateurs-a-duesseldorf\/"},"modified":"2024-10-30T14:33:53","modified_gmt":"2024-10-30T13:33:53","slug":"wiredscore-ap-certificateurs-a-duesseldorf","status":"publish","type":"page","link":"https:\/\/hoinka.com\/fr\/wiredscore-ap-certificateurs-a-duesseldorf\/","title":{"rendered":"WiredScore AP &#8211; Certificateurs &#8211; \u00e0 D\u00fcsseldorf"},"content":{"rendered":"<h1><strong>WiredScore AP \u00e0 D\u00fcsseldorf<\/strong><\/h1>\n<p style=\"text-align: left;\">Nous vous assistons en tant que certificateur WiredScore (WiredScore AP) \u00e0 D\u00fcsseldorf.<\/p>\n\t<a class=\"paoc-popup-click paoc-popup-cust-6225 paoc-popup-button paoc-popup-btn \" href=\"javascript:void(0);\">Kontaktieren Sie uns<\/a>\r\n\n<hr \/>\n<h2>Nos services pour vous.<\/h2>\n<p>Nous r\u00e9pondons \u00e0 vos questions, vous conseillons et vous aidons \u00e0 r\u00e9ussir votre certification WiredScore.<br \/>\nApprenez-en plus sur le label allemand de la construction durable en ce qui concerne les crit\u00e8res d&#8217;exigence, les co\u00fbts de certification et le processus de certification.<\/p>\n<p style=\"text-align: left;\">Nous r\u00e9pondons \u00e0 vos questions, vous conseillons et vous aidons \u00e0 atteindre avec succ\u00e8s vos objectifs dans les domaines de la certification Green Building selon LEED, WiredScore, BREEAM, de l&#8217;optimisation \u00e9nerg\u00e9tique et de la simulation, de l&#8217;analyse du cycle de vie, de l&#8217;\u00e9cologie de la construction, du conseil en produits de construction dans les certifications de b\u00e2timents, Cradle to Cradle \u00ae et bien plus encore.<\/p>\n\n<hr \/>\n<h2>En savoir plus sur la certification WiredScore pour votre projet \u00e0 D\u00fcsseldorf<\/h2>\n<p style=\"text-align: left;\">Apprenez-en plus sur le certificat WiredScore en ce qui concerne les crit\u00e8res d&#8217;exigence, les co\u00fbts de certification et le processus de certification.<\/p>\n\n<hr \/>\n<h2 style=\"text-align: center;\">Vos contacts pour l&#8217;audit WiredScore de votre projet \u00e0 D\u00fcsseldorf<\/h2>\n<div class=\"su-spacer\" style=\"height:20px\"><\/div>\n\n<p class=\"buttonpopup\" style=\"text-align: center;\">\t<a class=\"paoc-popup-click paoc-popup-cust-6251 paoc-popup-button paoc-popup-btn \" href=\"javascript:void(0);\">Angebot anfordern<\/a>\r\n\n<p style=\"text-align: center;\">T\u00e9l\u00e9phone <a class=\"\" href=\"tel:%20711%\">+49 711 62049-340<\/a> Email <a class=\"\" href=\"mailto:info@hoinka.com\">info@hoinka.com<\/a><\/p>\n","protected":false},"excerpt":{"rendered":"<p>WiredScore AP \u00e0 D\u00fcsseldorf Nous vous assistons en tant que certificateur WiredScore (WiredScore AP) \u00e0 D\u00fcsseldorf. Nos services pour vous. Nous r\u00e9pondons \u00e0 vos questions, vous conseillons et vous aidons \u00e0 r\u00e9ussir votre certification WiredScore. Apprenez-en plus sur le label allemand de la construction durable en ce qui concerne les crit\u00e8res d&#8217;exigence, les co\u00fbts de &hellip;<\/p>\n","protected":false},"author":3,"featured_media":0,"parent":0,"menu_order":60,"comment_status":"closed","ping_status":"closed","template":"sections.php","meta":{"_acf_changed":false,"_genesis_hide_title":false,"_genesis_hide_breadcrumbs":false,"_genesis_hide_singular_image":false,"_genesis_hide_footer_widgets":false,"_genesis_custom_body_class":"","_genesis_custom_post_class":"","_genesis_layout":"full-width-content","footnotes":"","_links_to":"","_links_to_target":""},"class_list":{"0":"post-11140","1":"page","2":"type-page","3":"status-publish","5":"entry"},"acf":[],"yoast_head":"<!-- This site is optimized with the Yoast SEO plugin v27.0 - https:\/\/yoast.com\/product\/yoast-seo-wordpress\/ -->\n<title>WiredScore AP - Certificateurs - \u00e0 D\u00fcsseldorf &#8211; HOINKA<\/title>\n<meta name=\"description\" content=\"WiredScore AP \u00e0 D\u00fcsseldorf. Nous certifions votre b\u00e2timent et fournissons tous les services n\u00e9cessaires...\" \/>\n<meta name=\"robots\" content=\"index, follow, max-snippet:-1, max-image-preview:large, max-video-preview:-1\" \/>\n<link rel=\"canonical\" href=\"https:\/\/hoinka.com\/fr\/wiredscore-ap-certificateurs-a-duesseldorf\/\" \/>\n<meta property=\"og:locale\" content=\"fr_FR\" \/>\n<meta property=\"og:type\" content=\"article\" \/>\n<meta property=\"og:title\" content=\"WiredScore AP - Certificateurs - \u00e0 D\u00fcsseldorf &#8211; HOINKA\" \/>\n<meta property=\"og:description\" content=\"WiredScore AP \u00e0 D\u00fcsseldorf. Nous certifions votre b\u00e2timent et fournissons tous les services n\u00e9cessaires...\" \/>\n<meta property=\"og:url\" content=\"https:\/\/hoinka.com\/fr\/wiredscore-ap-certificateurs-a-duesseldorf\/\" \/>\n<meta property=\"og:site_name\" content=\"HOINKA\" \/>\n<meta property=\"article:publisher\" content=\"https:\/\/de-de.facebook.com\/pages\/category\/Consulting-Agency\/HOINKA-GmbH-202893899755765\/\" \/>\n<meta property=\"article:modified_time\" content=\"2024-10-30T13:33:53+00:00\" \/>\n<meta name=\"twitter:card\" content=\"summary_large_image\" \/>\n<meta name=\"twitter:label1\" content=\"Dur\u00e9e de lecture estim\u00e9e\" \/>\n\t<meta name=\"twitter:data1\" content=\"1 minute\" \/>\n<script type=\"application\/ld+json\" class=\"yoast-schema-graph\">{\"@context\":\"https:\/\/schema.org\",\"@graph\":[{\"@type\":\"WebPage\",\"@id\":\"https:\/\/hoinka.com\/fr\/wiredscore-ap-certificateurs-a-duesseldorf\/\",\"url\":\"https:\/\/hoinka.com\/fr\/wiredscore-ap-certificateurs-a-duesseldorf\/\",\"name\":\"WiredScore AP - Certificateurs - \u00e0 D\u00fcsseldorf &#8211; HOINKA\",\"isPartOf\":{\"@id\":\"https:\/\/hoinka.com\/fr\/#website\"},\"datePublished\":\"2024-08-05T06:48:40+00:00\",\"dateModified\":\"2024-10-30T13:33:53+00:00\",\"description\":\"WiredScore AP \u00e0 D\u00fcsseldorf. Nous certifions votre b\u00e2timent et fournissons tous les services n\u00e9cessaires...\",\"breadcrumb\":{\"@id\":\"https:\/\/hoinka.com\/fr\/wiredscore-ap-certificateurs-a-duesseldorf\/#breadcrumb\"},\"inLanguage\":\"fr-FR\",\"potentialAction\":[{\"@type\":\"ReadAction\",\"target\":[\"https:\/\/hoinka.com\/fr\/wiredscore-ap-certificateurs-a-duesseldorf\/\"]}]},{\"@type\":\"BreadcrumbList\",\"@id\":\"https:\/\/hoinka.com\/fr\/wiredscore-ap-certificateurs-a-duesseldorf\/#breadcrumb\",\"itemListElement\":[{\"@type\":\"ListItem\",\"position\":1,\"name\":\"Home\",\"item\":\"https:\/\/hoinka.com\/fr\/\"},{\"@type\":\"ListItem\",\"position\":2,\"name\":\"WiredScore AP &#8211; Certificateurs &#8211; \u00e0 D\u00fcsseldorf\"}]},{\"@type\":\"WebSite\",\"@id\":\"https:\/\/hoinka.com\/fr\/#website\",\"url\":\"https:\/\/hoinka.com\/fr\/\",\"name\":\"HOINKA\",\"description\":\"Geb\u00e4ude nachhaltig Planen - Green Building\",\"publisher\":{\"@id\":\"https:\/\/hoinka.com\/fr\/#organization\"},\"potentialAction\":[{\"@type\":\"SearchAction\",\"target\":{\"@type\":\"EntryPoint\",\"urlTemplate\":\"https:\/\/hoinka.com\/fr\/?s={search_term_string}\"},\"query-input\":{\"@type\":\"PropertyValueSpecification\",\"valueRequired\":true,\"valueName\":\"search_term_string\"}}],\"inLanguage\":\"fr-FR\"},{\"@type\":\"Organization\",\"@id\":\"https:\/\/hoinka.com\/fr\/#organization\",\"name\":\"HOINKA\",\"url\":\"https:\/\/hoinka.com\/fr\/\",\"logo\":{\"@type\":\"ImageObject\",\"inLanguage\":\"fr-FR\",\"@id\":\"https:\/\/hoinka.com\/fr\/#\/schema\/logo\/image\/\",\"url\":\"https:\/\/hoinka.com\/wp-content\/uploads\/logo_hoinka_sm.jpg\",\"contentUrl\":\"https:\/\/hoinka.com\/wp-content\/uploads\/logo_hoinka_sm.jpg\",\"width\":450,\"height\":92,\"caption\":\"HOINKA\"},\"image\":{\"@id\":\"https:\/\/hoinka.com\/fr\/#\/schema\/logo\/image\/\"},\"sameAs\":[\"https:\/\/de-de.facebook.com\/pages\/category\/Consulting-Agency\/HOINKA-GmbH-202893899755765\/\",\"https:\/\/www.linkedin.com\/company\/hoinka-gmbh?originalSubdomain=de\"]}]}<\/script>\n<!-- \/ Yoast SEO plugin. -->","yoast_head_json":{"title":"WiredScore AP - Certificateurs - \u00e0 D\u00fcsseldorf &#8211; HOINKA","description":"WiredScore AP \u00e0 D\u00fcsseldorf. Nous certifions votre b\u00e2timent et fournissons tous les services n\u00e9cessaires...","robots":{"index":"index","follow":"follow","max-snippet":"max-snippet:-1","max-image-preview":"max-image-preview:large","max-video-preview":"max-video-preview:-1"},"canonical":"https:\/\/hoinka.com\/fr\/wiredscore-ap-certificateurs-a-duesseldorf\/","og_locale":"fr_FR","og_type":"article","og_title":"WiredScore AP - Certificateurs - \u00e0 D\u00fcsseldorf &#8211; HOINKA","og_description":"WiredScore AP \u00e0 D\u00fcsseldorf. Nous certifions votre b\u00e2timent et fournissons tous les services n\u00e9cessaires...","og_url":"https:\/\/hoinka.com\/fr\/wiredscore-ap-certificateurs-a-duesseldorf\/","og_site_name":"HOINKA","article_publisher":"https:\/\/de-de.facebook.com\/pages\/category\/Consulting-Agency\/HOINKA-GmbH-202893899755765\/","article_modified_time":"2024-10-30T13:33:53+00:00","twitter_card":"summary_large_image","twitter_misc":{"Dur\u00e9e de lecture estim\u00e9e":"1 minute"},"schema":{"@context":"https:\/\/schema.org","@graph":[{"@type":"WebPage","@id":"https:\/\/hoinka.com\/fr\/wiredscore-ap-certificateurs-a-duesseldorf\/","url":"https:\/\/hoinka.com\/fr\/wiredscore-ap-certificateurs-a-duesseldorf\/","name":"WiredScore AP - Certificateurs - \u00e0 D\u00fcsseldorf &#8211; HOINKA","isPartOf":{"@id":"https:\/\/hoinka.com\/fr\/#website"},"datePublished":"2024-08-05T06:48:40+00:00","dateModified":"2024-10-30T13:33:53+00:00","description":"WiredScore AP \u00e0 D\u00fcsseldorf. Nous certifions votre b\u00e2timent et fournissons tous les services n\u00e9cessaires...","breadcrumb":{"@id":"https:\/\/hoinka.com\/fr\/wiredscore-ap-certificateurs-a-duesseldorf\/#breadcrumb"},"inLanguage":"fr-FR","potentialAction":[{"@type":"ReadAction","target":["https:\/\/hoinka.com\/fr\/wiredscore-ap-certificateurs-a-duesseldorf\/"]}]},{"@type":"BreadcrumbList","@id":"https:\/\/hoinka.com\/fr\/wiredscore-ap-certificateurs-a-duesseldorf\/#breadcrumb","itemListElement":[{"@type":"ListItem","position":1,"name":"Home","item":"https:\/\/hoinka.com\/fr\/"},{"@type":"ListItem","position":2,"name":"WiredScore AP &#8211; Certificateurs &#8211; \u00e0 D\u00fcsseldorf"}]},{"@type":"WebSite","@id":"https:\/\/hoinka.com\/fr\/#website","url":"https:\/\/hoinka.com\/fr\/","name":"HOINKA","description":"Geb\u00e4ude nachhaltig Planen - Green Building","publisher":{"@id":"https:\/\/hoinka.com\/fr\/#organization"},"potentialAction":[{"@type":"SearchAction","target":{"@type":"EntryPoint","urlTemplate":"https:\/\/hoinka.com\/fr\/?s={search_term_string}"},"query-input":{"@type":"PropertyValueSpecification","valueRequired":true,"valueName":"search_term_string"}}],"inLanguage":"fr-FR"},{"@type":"Organization","@id":"https:\/\/hoinka.com\/fr\/#organization","name":"HOINKA","url":"https:\/\/hoinka.com\/fr\/","logo":{"@type":"ImageObject","inLanguage":"fr-FR","@id":"https:\/\/hoinka.com\/fr\/#\/schema\/logo\/image\/","url":"https:\/\/hoinka.com\/wp-content\/uploads\/logo_hoinka_sm.jpg","contentUrl":"https:\/\/hoinka.com\/wp-content\/uploads\/logo_hoinka_sm.jpg","width":450,"height":92,"caption":"HOINKA"},"image":{"@id":"https:\/\/hoinka.com\/fr\/#\/schema\/logo\/image\/"},"sameAs":["https:\/\/de-de.facebook.com\/pages\/category\/Consulting-Agency\/HOINKA-GmbH-202893899755765\/","https:\/\/www.linkedin.com\/company\/hoinka-gmbh?originalSubdomain=de"]}]}},"_links":{"self":[{"href":"https:\/\/hoinka.com\/fr\/wp-json\/wp\/v2\/pages\/11140","targetHints":{"allow":["GET"]}}],"collection":[{"href":"https:\/\/hoinka.com\/fr\/wp-json\/wp\/v2\/pages"}],"about":[{"href":"https:\/\/hoinka.com\/fr\/wp-json\/wp\/v2\/types\/page"}],"author":[{"embeddable":true,"href":"https:\/\/hoinka.com\/fr\/wp-json\/wp\/v2\/users\/3"}],"replies":[{"embeddable":true,"href":"https:\/\/hoinka.com\/fr\/wp-json\/wp\/v2\/comments?post=11140"}],"version-history":[{"count":1,"href":"https:\/\/hoinka.com\/fr\/wp-json\/wp\/v2\/pages\/11140\/revisions"}],"predecessor-version":[{"id":11644,"href":"https:\/\/hoinka.com\/fr\/wp-json\/wp\/v2\/pages\/11140\/revisions\/11644"}],"wp:attachment":[{"href":"https:\/\/hoinka.com\/fr\/wp-json\/wp\/v2\/media?parent=11140"}],"curies":[{"name":"wp","href":"https:\/\/api.w.org\/{rel}","templated":true}]}}