{"id":10635,"date":"2023-09-22T11:58:07","date_gmt":"2023-09-22T09:58:07","guid":{"rendered":"https:\/\/dev.hoinka.com\/auditeur-dgnb-certificateur-au-luxembourg\/"},"modified":"2023-09-22T12:33:04","modified_gmt":"2023-09-22T10:33:04","slug":"auditeur-dgnb-certificateur-au-luxembourg","status":"publish","type":"page","link":"https:\/\/hoinka.com\/fr\/auditeur-dgnb-certificateur-au-luxembourg\/","title":{"rendered":"Auditeur DGNB &#8211; Certificateur &#8211; au Luxembourg"},"content":{"rendered":"<h1><strong>Auditeur DGNB au Luxembourg<\/strong><\/h1>\n<p style=\"text-align: left;\">Nous vous soutenons en tant que certificateur DGNB (auditeur DGNB) au Luxembourg.<\/p>\n\t<a class=\"paoc-popup-click paoc-popup-cust-6225 paoc-popup-button paoc-popup-btn \" href=\"javascript:void(0);\">Kontaktieren Sie uns<\/a>\r\n\n<hr>\n<h2>Nos services pour vous.<\/h2>\n<p>Nous r\u00e9pondons \u00e0 vos questions, vous conseillons et vous aidons \u00e0 r\u00e9ussir votre certification DGNB. Apprenez-en plus sur le label allemand de la construction durable en ce qui concerne les crit\u00e8res d&#8217;exigence, les co\u00fbts de certification et le d\u00e9roulement d&#8217;une certification. <\/p>\n<p style=\"text-align: left;\">Nous r\u00e9pondons \u00e0 vos questions, vous conseillons et vous aidons \u00e0 atteindre avec succ\u00e8s vos objectifs dans les domaines de la certification Green Building selon LEED, DGNB, BREEAM, de l&#8217;optimisation \u00e9nerg\u00e9tique et de la simulation, de l&#8217;analyse du cycle de vie, de l&#8217;\u00e9cologie de la construction, du conseil en produits de construction dans les certifications de b\u00e2timents, de Cradle to Cradle \u00ae et bien plus encore.<\/p>\n\n<hr>\n<h2>En savoir plus sur la certification DGNB pour votre projet au Luxembourg<\/h2>\n<p style=\"text-align: left;\">Apprenez-en plus sur le certificat DGNB en ce qui concerne les crit\u00c3\u00a8res d&#8217;exigence, les co\u00c3\u00bbts de certification et le processus de certification.<\/p>\n\n<hr>\n<h2 style=\"text-align: center;\">Vos contacts pour l&#8217;audit DGNB de votre projet au Luxembourg<\/h2>\n<div class=\"su-spacer\" style=\"height:20px\"><\/div>\n\n<p class=\"buttonpopup\" style=\"text-align: center;\">\t<a class=\"paoc-popup-click paoc-popup-cust-6251 paoc-popup-button paoc-popup-btn \" href=\"javascript:void(0);\">Angebot anfordern<\/a>\r\n\n<p style=\"text-align: center;\">T\u00e9l\u00e9phone <a class=\"\" href=\"tel:\/\/+49%20711%2062049-340\">+49 711 62049-340<\/a><br \/>\nEmail <a class=\"\" href=\"mailto:info@hoinka.com\">info@hoinka.com<\/a><\/p>\n","protected":false},"excerpt":{"rendered":"<p>Auditeur DGNB au Luxembourg Nous vous soutenons en tant que certificateur DGNB (auditeur DGNB) au Luxembourg. Nos services pour vous. Nous r\u00e9pondons \u00e0 vos questions, vous conseillons et vous aidons \u00e0 r\u00e9ussir votre certification DGNB. Apprenez-en plus sur le label allemand de la construction durable en ce qui concerne les crit\u00e8res d&#8217;exigence, les co\u00fbts de &hellip;<\/p>\n","protected":false},"author":3,"featured_media":0,"parent":0,"menu_order":60,"comment_status":"closed","ping_status":"closed","template":"sections.php","meta":{"_acf_changed":false,"_genesis_hide_title":false,"_genesis_hide_breadcrumbs":false,"_genesis_hide_singular_image":false,"_genesis_hide_footer_widgets":false,"_genesis_custom_body_class":"","_genesis_custom_post_class":"","_genesis_layout":"full-width-content","footnotes":"","_links_to":"","_links_to_target":""},"class_list":{"0":"post-10635","1":"page","2":"type-page","3":"status-publish","5":"entry"},"acf":[],"yoast_head":"<!-- This site is optimized with the Yoast SEO plugin v27.0 - https:\/\/yoast.com\/product\/yoast-seo-wordpress\/ -->\n<title>Auditeur DGNB - Certificateur - au Luxembourg &#8211; HOINKA<\/title>\n<meta name=\"description\" content=\"Auditeur DGNB au Luxembourg. Nous certifions votre b\u00e2timent pour vous. En tant que certificateur DGNB, nous vous soutenons avec tous les services.\" \/>\n<meta name=\"robots\" content=\"index, follow, max-snippet:-1, max-image-preview:large, max-video-preview:-1\" \/>\n<link rel=\"canonical\" href=\"https:\/\/hoinka.com\/fr\/auditeur-dgnb-certificateur-au-luxembourg\/\" \/>\n<meta property=\"og:locale\" content=\"fr_FR\" \/>\n<meta property=\"og:type\" content=\"article\" \/>\n<meta property=\"og:title\" content=\"Auditeur DGNB - Certificateur - au Luxembourg &#8211; HOINKA\" \/>\n<meta property=\"og:description\" content=\"Auditeur DGNB au Luxembourg. Nous certifions votre b\u00e2timent pour vous. En tant que certificateur DGNB, nous vous soutenons avec tous les services.\" \/>\n<meta property=\"og:url\" content=\"https:\/\/hoinka.com\/fr\/auditeur-dgnb-certificateur-au-luxembourg\/\" \/>\n<meta property=\"og:site_name\" content=\"HOINKA\" \/>\n<meta property=\"article:publisher\" content=\"https:\/\/de-de.facebook.com\/pages\/category\/Consulting-Agency\/HOINKA-GmbH-202893899755765\/\" \/>\n<meta property=\"article:modified_time\" content=\"2023-09-22T10:33:04+00:00\" \/>\n<meta name=\"twitter:card\" content=\"summary_large_image\" \/>\n<meta name=\"twitter:label1\" content=\"Dur\u00e9e de lecture estim\u00e9e\" \/>\n\t<meta name=\"twitter:data1\" content=\"1 minute\" \/>\n<script type=\"application\/ld+json\" class=\"yoast-schema-graph\">{\"@context\":\"https:\/\/schema.org\",\"@graph\":[{\"@type\":\"WebPage\",\"@id\":\"https:\/\/hoinka.com\/fr\/auditeur-dgnb-certificateur-au-luxembourg\/\",\"url\":\"https:\/\/hoinka.com\/fr\/auditeur-dgnb-certificateur-au-luxembourg\/\",\"name\":\"Auditeur DGNB - Certificateur - au Luxembourg &#8211; HOINKA\",\"isPartOf\":{\"@id\":\"https:\/\/hoinka.com\/fr\/#website\"},\"datePublished\":\"2023-09-22T09:58:07+00:00\",\"dateModified\":\"2023-09-22T10:33:04+00:00\",\"description\":\"Auditeur DGNB au Luxembourg. Nous certifions votre b\u00e2timent pour vous. En tant que certificateur DGNB, nous vous soutenons avec tous les services.\",\"breadcrumb\":{\"@id\":\"https:\/\/hoinka.com\/fr\/auditeur-dgnb-certificateur-au-luxembourg\/#breadcrumb\"},\"inLanguage\":\"fr-FR\",\"potentialAction\":[{\"@type\":\"ReadAction\",\"target\":[\"https:\/\/hoinka.com\/fr\/auditeur-dgnb-certificateur-au-luxembourg\/\"]}]},{\"@type\":\"BreadcrumbList\",\"@id\":\"https:\/\/hoinka.com\/fr\/auditeur-dgnb-certificateur-au-luxembourg\/#breadcrumb\",\"itemListElement\":[{\"@type\":\"ListItem\",\"position\":1,\"name\":\"Home\",\"item\":\"https:\/\/hoinka.com\/fr\/\"},{\"@type\":\"ListItem\",\"position\":2,\"name\":\"Auditeur DGNB &#8211; Certificateur &#8211; au Luxembourg\"}]},{\"@type\":\"WebSite\",\"@id\":\"https:\/\/hoinka.com\/fr\/#website\",\"url\":\"https:\/\/hoinka.com\/fr\/\",\"name\":\"HOINKA\",\"description\":\"Geb\u00e4ude nachhaltig Planen - Green Building\",\"publisher\":{\"@id\":\"https:\/\/hoinka.com\/fr\/#organization\"},\"potentialAction\":[{\"@type\":\"SearchAction\",\"target\":{\"@type\":\"EntryPoint\",\"urlTemplate\":\"https:\/\/hoinka.com\/fr\/?s={search_term_string}\"},\"query-input\":{\"@type\":\"PropertyValueSpecification\",\"valueRequired\":true,\"valueName\":\"search_term_string\"}}],\"inLanguage\":\"fr-FR\"},{\"@type\":\"Organization\",\"@id\":\"https:\/\/hoinka.com\/fr\/#organization\",\"name\":\"HOINKA\",\"url\":\"https:\/\/hoinka.com\/fr\/\",\"logo\":{\"@type\":\"ImageObject\",\"inLanguage\":\"fr-FR\",\"@id\":\"https:\/\/hoinka.com\/fr\/#\/schema\/logo\/image\/\",\"url\":\"https:\/\/hoinka.com\/wp-content\/uploads\/logo_hoinka_sm.jpg\",\"contentUrl\":\"https:\/\/hoinka.com\/wp-content\/uploads\/logo_hoinka_sm.jpg\",\"width\":450,\"height\":92,\"caption\":\"HOINKA\"},\"image\":{\"@id\":\"https:\/\/hoinka.com\/fr\/#\/schema\/logo\/image\/\"},\"sameAs\":[\"https:\/\/de-de.facebook.com\/pages\/category\/Consulting-Agency\/HOINKA-GmbH-202893899755765\/\",\"https:\/\/www.linkedin.com\/company\/hoinka-gmbh?originalSubdomain=de\"]}]}<\/script>\n<!-- \/ Yoast SEO plugin. -->","yoast_head_json":{"title":"Auditeur DGNB - Certificateur - au Luxembourg &#8211; HOINKA","description":"Auditeur DGNB au Luxembourg. Nous certifions votre b\u00e2timent pour vous. En tant que certificateur DGNB, nous vous soutenons avec tous les services.","robots":{"index":"index","follow":"follow","max-snippet":"max-snippet:-1","max-image-preview":"max-image-preview:large","max-video-preview":"max-video-preview:-1"},"canonical":"https:\/\/hoinka.com\/fr\/auditeur-dgnb-certificateur-au-luxembourg\/","og_locale":"fr_FR","og_type":"article","og_title":"Auditeur DGNB - Certificateur - au Luxembourg &#8211; HOINKA","og_description":"Auditeur DGNB au Luxembourg. Nous certifions votre b\u00e2timent pour vous. En tant que certificateur DGNB, nous vous soutenons avec tous les services.","og_url":"https:\/\/hoinka.com\/fr\/auditeur-dgnb-certificateur-au-luxembourg\/","og_site_name":"HOINKA","article_publisher":"https:\/\/de-de.facebook.com\/pages\/category\/Consulting-Agency\/HOINKA-GmbH-202893899755765\/","article_modified_time":"2023-09-22T10:33:04+00:00","twitter_card":"summary_large_image","twitter_misc":{"Dur\u00e9e de lecture estim\u00e9e":"1 minute"},"schema":{"@context":"https:\/\/schema.org","@graph":[{"@type":"WebPage","@id":"https:\/\/hoinka.com\/fr\/auditeur-dgnb-certificateur-au-luxembourg\/","url":"https:\/\/hoinka.com\/fr\/auditeur-dgnb-certificateur-au-luxembourg\/","name":"Auditeur DGNB - Certificateur - au Luxembourg &#8211; HOINKA","isPartOf":{"@id":"https:\/\/hoinka.com\/fr\/#website"},"datePublished":"2023-09-22T09:58:07+00:00","dateModified":"2023-09-22T10:33:04+00:00","description":"Auditeur DGNB au Luxembourg. Nous certifions votre b\u00e2timent pour vous. En tant que certificateur DGNB, nous vous soutenons avec tous les services.","breadcrumb":{"@id":"https:\/\/hoinka.com\/fr\/auditeur-dgnb-certificateur-au-luxembourg\/#breadcrumb"},"inLanguage":"fr-FR","potentialAction":[{"@type":"ReadAction","target":["https:\/\/hoinka.com\/fr\/auditeur-dgnb-certificateur-au-luxembourg\/"]}]},{"@type":"BreadcrumbList","@id":"https:\/\/hoinka.com\/fr\/auditeur-dgnb-certificateur-au-luxembourg\/#breadcrumb","itemListElement":[{"@type":"ListItem","position":1,"name":"Home","item":"https:\/\/hoinka.com\/fr\/"},{"@type":"ListItem","position":2,"name":"Auditeur DGNB &#8211; Certificateur &#8211; au Luxembourg"}]},{"@type":"WebSite","@id":"https:\/\/hoinka.com\/fr\/#website","url":"https:\/\/hoinka.com\/fr\/","name":"HOINKA","description":"Geb\u00e4ude nachhaltig Planen - Green Building","publisher":{"@id":"https:\/\/hoinka.com\/fr\/#organization"},"potentialAction":[{"@type":"SearchAction","target":{"@type":"EntryPoint","urlTemplate":"https:\/\/hoinka.com\/fr\/?s={search_term_string}"},"query-input":{"@type":"PropertyValueSpecification","valueRequired":true,"valueName":"search_term_string"}}],"inLanguage":"fr-FR"},{"@type":"Organization","@id":"https:\/\/hoinka.com\/fr\/#organization","name":"HOINKA","url":"https:\/\/hoinka.com\/fr\/","logo":{"@type":"ImageObject","inLanguage":"fr-FR","@id":"https:\/\/hoinka.com\/fr\/#\/schema\/logo\/image\/","url":"https:\/\/hoinka.com\/wp-content\/uploads\/logo_hoinka_sm.jpg","contentUrl":"https:\/\/hoinka.com\/wp-content\/uploads\/logo_hoinka_sm.jpg","width":450,"height":92,"caption":"HOINKA"},"image":{"@id":"https:\/\/hoinka.com\/fr\/#\/schema\/logo\/image\/"},"sameAs":["https:\/\/de-de.facebook.com\/pages\/category\/Consulting-Agency\/HOINKA-GmbH-202893899755765\/","https:\/\/www.linkedin.com\/company\/hoinka-gmbh?originalSubdomain=de"]}]}},"_links":{"self":[{"href":"https:\/\/hoinka.com\/fr\/wp-json\/wp\/v2\/pages\/10635","targetHints":{"allow":["GET"]}}],"collection":[{"href":"https:\/\/hoinka.com\/fr\/wp-json\/wp\/v2\/pages"}],"about":[{"href":"https:\/\/hoinka.com\/fr\/wp-json\/wp\/v2\/types\/page"}],"author":[{"embeddable":true,"href":"https:\/\/hoinka.com\/fr\/wp-json\/wp\/v2\/users\/3"}],"replies":[{"embeddable":true,"href":"https:\/\/hoinka.com\/fr\/wp-json\/wp\/v2\/comments?post=10635"}],"version-history":[{"count":1,"href":"https:\/\/hoinka.com\/fr\/wp-json\/wp\/v2\/pages\/10635\/revisions"}],"predecessor-version":[{"id":10640,"href":"https:\/\/hoinka.com\/fr\/wp-json\/wp\/v2\/pages\/10635\/revisions\/10640"}],"wp:attachment":[{"href":"https:\/\/hoinka.com\/fr\/wp-json\/wp\/v2\/media?parent=10635"}],"curies":[{"name":"wp","href":"https:\/\/api.w.org\/{rel}","templated":true}]}}