{"id":9126,"date":"2021-08-31T13:54:17","date_gmt":"2021-08-31T11:54:17","guid":{"rendered":"https:\/\/dev.hoinka.com\/leistungen\/esg-consulting\/"},"modified":"2025-04-04T09:43:51","modified_gmt":"2025-04-04T07:43:51","slug":"esg-consulting","status":"publish","type":"page","link":"https:\/\/hoinka.com\/en\/leistungen\/esg-consulting\/","title":{"rendered":"ESG Consulting"},"content":{"rendered":"<h1>ESG Consulting<\/h1>\n<p>We are your experienced partner for ESG consulting, certification according to ESG criteria and ESG guidelines for sustainable buildings.<\/p>\n\t<a class=\"paoc-popup-click paoc-popup-cust-6225 paoc-popup-button paoc-popup-btn \" href=\"javascript:void(0);\">Kontaktieren Sie uns<\/a>\r\n\n<hr>\n<h2 style=\"text-align: center;\">Sustainability strategies based on ESG criteria<\/h2>\n<p>If you want to align your project to ESG criteria or would like to get an overview about ESG, learn about the certification according to ESG criteria or different certification systems and ESG guidelines, find out more here.<\/p>\n<div class=\"flex-grid top-xs-xxl\"><div class=\"row gutter-md\"><div class=\"flex-entry entry col col-xs-12 col-sm-6 col-md-4 col-lg-4 post-9131 page type-page status-publish has-post-thumbnail boxed aspect-ratio has-bg-image has-bg-link has-overlay light-content\" style=\"--aspect-ratio:700\/526;\"><div class=\"aspect-outer\"><div class=\"aspect-inner column middle-xs end-xs text-xs-center\"><picture class=\"bg-picture\"><source srcset=\"https:\/\/hoinka.com\/wp-content\/uploads\/Corporate-Sustainability-Reporting-Directive-1-1-520x390.png\" media=\"(max-width: 520px)\"><img loading=\"lazy\" decoding=\"async\" width=\"700\" height=\"526\" src=\"https:\/\/hoinka.com\/wp-content\/uploads\/Corporate-Sustainability-Reporting-Directive-1-1-700x526.png\" class=\"wp-post-image bg-image\" alt=\"ESG Environmental Social Governance\" srcset=\"https:\/\/hoinka.com\/wp-content\/uploads\/Corporate-Sustainability-Reporting-Directive-1-1-700x526.png 700w, https:\/\/hoinka.com\/wp-content\/uploads\/Corporate-Sustainability-Reporting-Directive-1-1-520x390.png 520w\" sizes=\"auto, (max-width: 700px) 100vw, 700px\" \/><\/picture><span class=\"overlay overlay-gradient\"><\/span><header class=\"entry-header\"><h3 class=\"entry-title\"><a href=\"https:\/\/hoinka.com\/en\/leistungen\/esg-consulting\/esg-factors\/\" title=\"ESG factors\">ESG factors<\/a><\/h3><\/header><a class=\"bg-link\" href=\"https:\/\/hoinka.com\/en\/leistungen\/esg-consulting\/esg-factors\/\"><span class=\"screen-reader-text\" aria-hidden=\"true\">ESG factors<\/span><\/a><\/div><\/div><\/div><div class=\"flex-entry entry col col-xs-12 col-sm-6 col-md-4 col-lg-4 post-9638 page type-page status-publish has-post-thumbnail boxed aspect-ratio has-bg-image has-bg-link has-overlay light-content\" style=\"--aspect-ratio:700\/526;\"><div class=\"aspect-outer\"><div class=\"aspect-inner column middle-xs end-xs text-xs-center\"><picture class=\"bg-picture\"><source srcset=\"https:\/\/hoinka.com\/wp-content\/uploads\/EU-Taxonomie-520x390.png\" media=\"(max-width: 520px)\"><img loading=\"lazy\" decoding=\"async\" width=\"700\" height=\"526\" src=\"https:\/\/hoinka.com\/wp-content\/uploads\/EU-Taxonomie-700x526.png\" class=\"wp-post-image bg-image\" alt=\"Die sechs Ziele der EU-Taxonomie\" srcset=\"https:\/\/hoinka.com\/wp-content\/uploads\/EU-Taxonomie-700x526.png 700w, https:\/\/hoinka.com\/wp-content\/uploads\/EU-Taxonomie-520x390.png 520w\" sizes=\"auto, (max-width: 700px) 100vw, 700px\" \/><\/picture><span class=\"overlay overlay-gradient\"><\/span><header class=\"entry-header\"><h3 class=\"entry-title\"><a href=\"https:\/\/hoinka.com\/en\/leistungen\/esg-consulting\/eu-taxonomy-and-esg-verification\/\" title=\"EU taxonomy and ESG verification\">EU taxonomy and ESG verification<\/a><\/h3><\/header><a class=\"bg-link\" href=\"https:\/\/hoinka.com\/en\/leistungen\/esg-consulting\/eu-taxonomy-and-esg-verification\/\"><span class=\"screen-reader-text\" aria-hidden=\"true\">EU taxonomy and ESG verification<\/span><\/a><\/div><\/div><\/div><div class=\"flex-entry entry col col-xs-12 col-sm-6 col-md-4 col-lg-4 post-9647 page type-page status-publish has-post-thumbnail boxed aspect-ratio has-bg-image has-bg-link has-overlay light-content\" style=\"--aspect-ratio:700\/526;\"><div class=\"aspect-outer\"><div class=\"aspect-inner column middle-xs end-xs text-xs-center\"><picture class=\"bg-picture\"><source srcset=\"https:\/\/hoinka.com\/wp-content\/uploads\/Corporate-Sustainability-Reporting-Directive-2-1-520x390.png\" media=\"(max-width: 520px)\"><img loading=\"lazy\" decoding=\"async\" width=\"700\" height=\"526\" src=\"https:\/\/hoinka.com\/wp-content\/uploads\/Corporate-Sustainability-Reporting-Directive-2-1-700x526.png\" class=\"wp-post-image bg-image\" alt=\"Dekarbonisierung, CO2 Emissionen einsparen, Green Building\" srcset=\"https:\/\/hoinka.com\/wp-content\/uploads\/Corporate-Sustainability-Reporting-Directive-2-1-700x526.png 700w, https:\/\/hoinka.com\/wp-content\/uploads\/Corporate-Sustainability-Reporting-Directive-2-1-520x390.png 520w\" sizes=\"auto, (max-width: 700px) 100vw, 700px\" \/><\/picture><span class=\"overlay overlay-gradient\"><\/span><header class=\"entry-header\"><h3 class=\"entry-title\"><a href=\"https:\/\/hoinka.com\/en\/leistungen\/esg-consulting\/decarbonization-and-co2-reduction\/\" title=\"Decarbonization and CO2 reduction\">Decarbonization and CO2 reduction<\/a><\/h3><\/header><a class=\"bg-link\" href=\"https:\/\/hoinka.com\/en\/leistungen\/esg-consulting\/decarbonization-and-co2-reduction\/\"><span class=\"screen-reader-text\" aria-hidden=\"true\">Decarbonization and CO2 reduction<\/span><\/a><\/div><\/div><\/div><div class=\"flex-entry entry col col-xs-12 col-sm-6 col-md-4 col-lg-4 post-9185 page type-page status-publish has-post-thumbnail boxed aspect-ratio has-bg-image has-bg-link has-overlay light-content\" style=\"--aspect-ratio:700\/526;\"><div class=\"aspect-outer\"><div class=\"aspect-inner column middle-xs end-xs text-xs-center\"><picture class=\"bg-picture\"><source srcset=\"https:\/\/hoinka.com\/wp-content\/uploads\/GRESB_Logo-520x390.jpeg\" media=\"(max-width: 520px)\"><img loading=\"lazy\" decoding=\"async\" width=\"700\" height=\"526\" src=\"https:\/\/hoinka.com\/wp-content\/uploads\/GRESB_Logo-700x526.jpeg\" class=\"wp-post-image bg-image\" alt=\"GRESB Assessment, GRESB Score, Green Building, nachhaltiges Bauen\" srcset=\"https:\/\/hoinka.com\/wp-content\/uploads\/GRESB_Logo-700x526.jpeg 700w, https:\/\/hoinka.com\/wp-content\/uploads\/GRESB_Logo-300x225.jpeg 300w, https:\/\/hoinka.com\/wp-content\/uploads\/GRESB_Logo-520x390.jpeg 520w\" sizes=\"auto, (max-width: 700px) 100vw, 700px\" \/><\/picture><span class=\"overlay overlay-gradient\"><\/span><header class=\"entry-header\"><h3 class=\"entry-title\"><a href=\"https:\/\/hoinka.com\/en\/leistungen\/esg-consulting\/gresb-assessment\/\" title=\"GRESB Assessment\">GRESB Assessment<\/a><\/h3><\/header><a class=\"bg-link\" href=\"https:\/\/hoinka.com\/en\/leistungen\/esg-consulting\/gresb-assessment\/\"><span class=\"screen-reader-text\" aria-hidden=\"true\">GRESB Assessment<\/span><\/a><\/div><\/div><\/div><div class=\"flex-entry entry col col-xs-12 col-sm-6 col-md-4 col-lg-4 post-11335 page type-page status-publish has-post-thumbnail boxed aspect-ratio has-bg-image has-bg-link has-overlay light-content\" style=\"--aspect-ratio:700\/526;\"><div class=\"aspect-outer\"><div class=\"aspect-inner column middle-xs end-xs text-xs-center\"><picture class=\"bg-picture\"><source srcset=\"https:\/\/hoinka.com\/wp-content\/uploads\/CCREM-520x390.png\" media=\"(max-width: 520px)\"><img loading=\"lazy\" decoding=\"async\" width=\"700\" height=\"526\" src=\"https:\/\/hoinka.com\/wp-content\/uploads\/CCREM-700x526.png\" class=\"wp-post-image bg-image\" alt=\"Das Logo des Carbon Risk Real Estate Monitor (CRREM)\" srcset=\"https:\/\/hoinka.com\/wp-content\/uploads\/CCREM-700x526.png 700w, https:\/\/hoinka.com\/wp-content\/uploads\/CCREM-520x390.png 520w\" sizes=\"auto, (max-width: 700px) 100vw, 700px\" \/><\/picture><span class=\"overlay overlay-gradient\"><\/span><header class=\"entry-header\"><h3 class=\"entry-title\"><a href=\"https:\/\/hoinka.com\/en\/leistungen\/esg-consulting\/levels-2\/\" title=\"CRREM analysis\">CRREM analysis<\/a><\/h3><\/header><a class=\"bg-link\" href=\"https:\/\/hoinka.com\/en\/leistungen\/esg-consulting\/levels-2\/\"><span class=\"screen-reader-text\" aria-hidden=\"true\">CRREM analysis<\/span><\/a><\/div><\/div><\/div><div class=\"flex-entry entry col col-xs-12 col-sm-6 col-md-4 col-lg-4 post-9202 page type-page status-publish has-post-thumbnail boxed aspect-ratio has-bg-image has-bg-link has-overlay light-content\" style=\"--aspect-ratio:700\/526;\"><div class=\"aspect-outer\"><div class=\"aspect-inner column middle-xs end-xs text-xs-center\"><picture class=\"bg-picture\"><source srcset=\"https:\/\/hoinka.com\/wp-content\/uploads\/Levels-520x390.png\" media=\"(max-width: 520px)\"><img loading=\"lazy\" decoding=\"async\" width=\"700\" height=\"526\" src=\"https:\/\/hoinka.com\/wp-content\/uploads\/Levels-700x526.png\" class=\"wp-post-image bg-image\" alt=\"Level(s) nachhaltige Geb\u00e4ude, ESG\" srcset=\"https:\/\/hoinka.com\/wp-content\/uploads\/Levels-700x526.png 700w, https:\/\/hoinka.com\/wp-content\/uploads\/Levels-520x390.png 520w\" sizes=\"auto, (max-width: 700px) 100vw, 700px\" \/><\/picture><span class=\"overlay overlay-gradient\"><\/span><header class=\"entry-header\"><h3 class=\"entry-title\"><a href=\"https:\/\/hoinka.com\/en\/leistungen\/esg-consulting\/levels\/\" title=\"Level(s)\">Level(s)<\/a><\/h3><\/header><a class=\"bg-link\" href=\"https:\/\/hoinka.com\/en\/leistungen\/esg-consulting\/levels\/\"><span class=\"screen-reader-text\" aria-hidden=\"true\">Level(s)<\/span><\/a><\/div><\/div><\/div><\/div><\/div>\n<hr>\n<p>Sustainability is no longer just a trend, but a mandatory program, as the effects of climate change cannot be denied. In order to be prepared for the future, it is important to set sustainability targets at an early stage.<\/p>\n<p>One way to guide the development of a sustainability strategy is to focus on the <strong>ESG criteria<\/strong>. ESG stands for Environment, Social and Governance and describes sustainability-related areas of responsibility and values. In the construction industry, for example, integrating these factors into building planning creates a holistic approach to sustainability that benefits tenants and users and makes projects more attractive to investors.<\/p>\n<p>Against the backdrop of the climate crisis, the EU action plan for sustainable finance now also aims to steer investments in the direction of sustainable capital investments. Incentives are to be created to channel funds into necessary sustainable investments that have a positive impact on the climate. In order to prevent buzzwords such as sustainability being used only to attract investors without any commitment to greater sustainability and climate protection, criteria for sustainable and ecological investments were defined as part of the <strong>EU Taxonomy Regulation<\/strong>. This allows sustainable investments to be clearly identified.<\/p>\n<p>The <strong>Disclosure Regulation <\/strong>, which is also part of the action plan, obliges companies in the financial sector to disclose strategies and information on how they deal with sustainability issues. For example, real estate funds can also be classified as sustainable or non-sustainable. Read more about the Disclosure Regulation and the EU Taxonomy at <a href=\"https:\/\/hoinka.com\/en\/leistungen\/esg-consulting\/esg-factors\/\"><strong>ESG factors<\/strong><\/a>.<\/p>\n<p>The criteria defined in the taxonomy are also partially reflected in the ESG aspects. <strong>ESG ratings<\/strong> objectively assess a company&#8217;s commitment in the above-mentioned sustainability-related areas of responsibility. These ratings allow ESG performance to be categorized, highlight potential for improvement and help to create greater transparency in terms of sustainability. Compliance with ESG criteria can be certified via various systems and specialized providers.<\/p>\n<p>The following assessment and certification systems are relevant in the construction sector:<\/p>\n<ul>\n<li><a href=\"https:\/\/hoinka.com\/en\/building-certification\/greenproperty\/\">greenproperty<\/a><\/li>\n<li><a href=\"https:\/\/hoinka.com\/en\/leistungen\/esg-consulting\/gresb-assessment\/\">GRESB<\/a><\/li>\n<li><a href=\"https:\/\/hoinka.com\/en\/leistungen\/esg-consulting\/levels\/\">Level(s)<\/a><\/li>\n<\/ul>\n<p class=\"buttonpopup\" style=\"text-align: center;\">\t<a class=\"paoc-popup-click paoc-popup-cust-6251 paoc-popup-button paoc-popup-btn \" href=\"javascript:void(0);\">Angebot anfordern<\/a>\r\n\n<p style=\"text-align: center;\">Phone <a class=\"\" href=\"tel:+49%20711%2062049-340\">+49 711 62049-340<\/a><br \/>\nEmail <a class=\"\" href=\"mailto:info@hoinka.com\">info@hoinka.com<\/a><\/p>\n","protected":false},"excerpt":{"rendered":"<h1>Level(s): das neue Europ\u00e4ische Berichts-Rahmenwerk f\u00fcr nachhaltige Geb\u00e4ude<\/h1>\n<p>Hier finden Sie weitere Informationen zu Level(s) und zur Steigerung der Nachhaltigkeit von Geb\u00e4uden w\u00e4hrend des gesamten Lebenszyklus.<\/p>\n<hr \/>\n<h2 style=\"text-align: center;\">Level(s): Der gesamte Geb\u00e4ude-Lebenszyklus im Fokus<\/h2>\n<h3>Unsere Leistungen f\u00fcr Sie:<\/h3>\n<ul>\n<li>fachkundige Unterst\u00fctzung bei der <\/li><\/ul>&hellip; <a href=\"https:\/\/hoinka.com\/en\/leistungen\/esg-consulting\/levels\/\" class=\"read-more\">Read the rest <\/a>","protected":false},"author":2,"featured_media":15321,"parent":426,"menu_order":5,"comment_status":"closed","ping_status":"closed","template":"sections.php","meta":{"_acf_changed":false,"_genesis_hide_title":false,"_genesis_hide_breadcrumbs":false,"_genesis_hide_singular_image":false,"_genesis_hide_footer_widgets":false,"_genesis_custom_body_class":"","_genesis_custom_post_class":"","_genesis_layout":"","footnotes":"","_links_to":"","_links_to_target":""},"class_list":{"0":"post-9126","1":"page","2":"type-page","3":"status-publish","4":"has-post-thumbnail","6":"entry"},"acf":[],"yoast_head":"<!-- This site is optimized with the Yoast SEO plugin v27.0 - https:\/\/yoast.com\/product\/yoast-seo-wordpress\/ -->\n<title>ESG Consulting &#8211; HOINKA<\/title>\n<meta name=\"description\" content=\"We are your experienced partner for a sustainable strategy based on ESG criteria in the construction sector. Find out more here!\" \/>\n<meta name=\"robots\" content=\"index, follow, max-snippet:-1, max-image-preview:large, max-video-preview:-1\" \/>\n<link rel=\"canonical\" href=\"https:\/\/hoinka.com\/en\/leistungen\/esg-consulting\/\" \/>\n<meta property=\"og:locale\" content=\"en_US\" \/>\n<meta property=\"og:type\" content=\"article\" \/>\n<meta property=\"og:title\" content=\"ESG Consulting &#8211; HOINKA\" \/>\n<meta property=\"og:description\" content=\"We are your experienced partner for a sustainable strategy based on ESG criteria in the construction sector. Find out more here!\" \/>\n<meta property=\"og:url\" content=\"https:\/\/hoinka.com\/en\/leistungen\/esg-consulting\/\" \/>\n<meta property=\"og:site_name\" content=\"HOINKA\" \/>\n<meta property=\"article:publisher\" content=\"https:\/\/de-de.facebook.com\/pages\/category\/Consulting-Agency\/HOINKA-GmbH-202893899755765\/\" \/>\n<meta property=\"article:modified_time\" content=\"2025-04-04T07:43:51+00:00\" \/>\n<meta property=\"og:image\" content=\"https:\/\/hoinka.com\/wp-content\/uploads\/ESG-Beratung-1.png\" \/>\n\t<meta property=\"og:image:width\" content=\"2250\" \/>\n\t<meta property=\"og:image:height\" content=\"2250\" \/>\n\t<meta property=\"og:image:type\" content=\"image\/png\" \/>\n<meta name=\"twitter:card\" content=\"summary_large_image\" \/>\n<meta name=\"twitter:label1\" content=\"Est. reading time\" \/>\n\t<meta name=\"twitter:data1\" content=\"2 minutes\" \/>\n<script type=\"application\/ld+json\" class=\"yoast-schema-graph\">{\"@context\":\"https:\/\/schema.org\",\"@graph\":[{\"@type\":\"WebPage\",\"@id\":\"https:\/\/hoinka.com\/en\/leistungen\/esg-consulting\/\",\"url\":\"https:\/\/hoinka.com\/en\/leistungen\/esg-consulting\/\",\"name\":\"ESG Consulting &#8211; HOINKA\",\"isPartOf\":{\"@id\":\"https:\/\/hoinka.com\/en\/#website\"},\"primaryImageOfPage\":{\"@id\":\"https:\/\/hoinka.com\/en\/leistungen\/esg-consulting\/#primaryimage\"},\"image\":{\"@id\":\"https:\/\/hoinka.com\/en\/leistungen\/esg-consulting\/#primaryimage\"},\"thumbnailUrl\":\"https:\/\/hoinka.com\/wp-content\/uploads\/ESG-Logo.png\",\"datePublished\":\"2021-08-31T11:54:17+00:00\",\"dateModified\":\"2025-04-04T07:43:51+00:00\",\"description\":\"We are your experienced partner for a sustainable strategy based on ESG criteria in the construction sector. Find out more here!\",\"breadcrumb\":{\"@id\":\"https:\/\/hoinka.com\/en\/leistungen\/esg-consulting\/#breadcrumb\"},\"inLanguage\":\"en-US\",\"potentialAction\":[{\"@type\":\"ReadAction\",\"target\":[\"https:\/\/hoinka.com\/en\/leistungen\/esg-consulting\/\"]}]},{\"@type\":\"ImageObject\",\"inLanguage\":\"en-US\",\"@id\":\"https:\/\/hoinka.com\/en\/leistungen\/esg-consulting\/#primaryimage\",\"url\":\"https:\/\/hoinka.com\/wp-content\/uploads\/ESG-Logo.png\",\"contentUrl\":\"https:\/\/hoinka.com\/wp-content\/uploads\/ESG-Logo.png\",\"width\":720,\"height\":720,\"caption\":\"ESG Beratung (Environmental Social Governance)\"},{\"@type\":\"BreadcrumbList\",\"@id\":\"https:\/\/hoinka.com\/en\/leistungen\/esg-consulting\/#breadcrumb\",\"itemListElement\":[{\"@type\":\"ListItem\",\"position\":1,\"name\":\"Home\",\"item\":\"https:\/\/hoinka.com\/en\/\"},{\"@type\":\"ListItem\",\"position\":2,\"name\":\"Services\",\"item\":\"https:\/\/hoinka.com\/en\/leistungen\/\"},{\"@type\":\"ListItem\",\"position\":3,\"name\":\"ESG Consulting\"}]},{\"@type\":\"WebSite\",\"@id\":\"https:\/\/hoinka.com\/en\/#website\",\"url\":\"https:\/\/hoinka.com\/en\/\",\"name\":\"HOINKA\",\"description\":\"Sustainable Planning - Green Building\",\"publisher\":{\"@id\":\"https:\/\/hoinka.com\/en\/#organization\"},\"potentialAction\":[{\"@type\":\"SearchAction\",\"target\":{\"@type\":\"EntryPoint\",\"urlTemplate\":\"https:\/\/hoinka.com\/en\/?s={search_term_string}\"},\"query-input\":{\"@type\":\"PropertyValueSpecification\",\"valueRequired\":true,\"valueName\":\"search_term_string\"}}],\"inLanguage\":\"en-US\"},{\"@type\":\"Organization\",\"@id\":\"https:\/\/hoinka.com\/en\/#organization\",\"name\":\"HOINKA\",\"url\":\"https:\/\/hoinka.com\/en\/\",\"logo\":{\"@type\":\"ImageObject\",\"inLanguage\":\"en-US\",\"@id\":\"https:\/\/hoinka.com\/en\/#\/schema\/logo\/image\/\",\"url\":\"https:\/\/hoinka.com\/wp-content\/uploads\/logo_hoinka_sm.jpg\",\"contentUrl\":\"https:\/\/hoinka.com\/wp-content\/uploads\/logo_hoinka_sm.jpg\",\"width\":450,\"height\":92,\"caption\":\"HOINKA\"},\"image\":{\"@id\":\"https:\/\/hoinka.com\/en\/#\/schema\/logo\/image\/\"},\"sameAs\":[\"https:\/\/de-de.facebook.com\/pages\/category\/Consulting-Agency\/HOINKA-GmbH-202893899755765\/\",\"https:\/\/www.linkedin.com\/company\/hoinka-gmbh?originalSubdomain=de\"]}]}<\/script>\n<!-- \/ Yoast SEO plugin. -->","yoast_head_json":{"title":"ESG Consulting &#8211; HOINKA","description":"We are your experienced partner for a sustainable strategy based on ESG criteria in the construction sector. Find out more here!","robots":{"index":"index","follow":"follow","max-snippet":"max-snippet:-1","max-image-preview":"max-image-preview:large","max-video-preview":"max-video-preview:-1"},"canonical":"https:\/\/hoinka.com\/en\/leistungen\/esg-consulting\/","og_locale":"en_US","og_type":"article","og_title":"ESG Consulting &#8211; HOINKA","og_description":"We are your experienced partner for a sustainable strategy based on ESG criteria in the construction sector. Find out more here!","og_url":"https:\/\/hoinka.com\/en\/leistungen\/esg-consulting\/","og_site_name":"HOINKA","article_publisher":"https:\/\/de-de.facebook.com\/pages\/category\/Consulting-Agency\/HOINKA-GmbH-202893899755765\/","article_modified_time":"2025-04-04T07:43:51+00:00","og_image":[{"width":2250,"height":2250,"url":"https:\/\/hoinka.com\/wp-content\/uploads\/ESG-Beratung-1.png","type":"image\/png"}],"twitter_card":"summary_large_image","twitter_misc":{"Est. reading time":"2 minutes"},"schema":{"@context":"https:\/\/schema.org","@graph":[{"@type":"WebPage","@id":"https:\/\/hoinka.com\/en\/leistungen\/esg-consulting\/","url":"https:\/\/hoinka.com\/en\/leistungen\/esg-consulting\/","name":"ESG Consulting &#8211; HOINKA","isPartOf":{"@id":"https:\/\/hoinka.com\/en\/#website"},"primaryImageOfPage":{"@id":"https:\/\/hoinka.com\/en\/leistungen\/esg-consulting\/#primaryimage"},"image":{"@id":"https:\/\/hoinka.com\/en\/leistungen\/esg-consulting\/#primaryimage"},"thumbnailUrl":"https:\/\/hoinka.com\/wp-content\/uploads\/ESG-Logo.png","datePublished":"2021-08-31T11:54:17+00:00","dateModified":"2025-04-04T07:43:51+00:00","description":"We are your experienced partner for a sustainable strategy based on ESG criteria in the construction sector. Find out more here!","breadcrumb":{"@id":"https:\/\/hoinka.com\/en\/leistungen\/esg-consulting\/#breadcrumb"},"inLanguage":"en-US","potentialAction":[{"@type":"ReadAction","target":["https:\/\/hoinka.com\/en\/leistungen\/esg-consulting\/"]}]},{"@type":"ImageObject","inLanguage":"en-US","@id":"https:\/\/hoinka.com\/en\/leistungen\/esg-consulting\/#primaryimage","url":"https:\/\/hoinka.com\/wp-content\/uploads\/ESG-Logo.png","contentUrl":"https:\/\/hoinka.com\/wp-content\/uploads\/ESG-Logo.png","width":720,"height":720,"caption":"ESG Beratung (Environmental Social Governance)"},{"@type":"BreadcrumbList","@id":"https:\/\/hoinka.com\/en\/leistungen\/esg-consulting\/#breadcrumb","itemListElement":[{"@type":"ListItem","position":1,"name":"Home","item":"https:\/\/hoinka.com\/en\/"},{"@type":"ListItem","position":2,"name":"Services","item":"https:\/\/hoinka.com\/en\/leistungen\/"},{"@type":"ListItem","position":3,"name":"ESG Consulting"}]},{"@type":"WebSite","@id":"https:\/\/hoinka.com\/en\/#website","url":"https:\/\/hoinka.com\/en\/","name":"HOINKA","description":"Sustainable Planning - Green Building","publisher":{"@id":"https:\/\/hoinka.com\/en\/#organization"},"potentialAction":[{"@type":"SearchAction","target":{"@type":"EntryPoint","urlTemplate":"https:\/\/hoinka.com\/en\/?s={search_term_string}"},"query-input":{"@type":"PropertyValueSpecification","valueRequired":true,"valueName":"search_term_string"}}],"inLanguage":"en-US"},{"@type":"Organization","@id":"https:\/\/hoinka.com\/en\/#organization","name":"HOINKA","url":"https:\/\/hoinka.com\/en\/","logo":{"@type":"ImageObject","inLanguage":"en-US","@id":"https:\/\/hoinka.com\/en\/#\/schema\/logo\/image\/","url":"https:\/\/hoinka.com\/wp-content\/uploads\/logo_hoinka_sm.jpg","contentUrl":"https:\/\/hoinka.com\/wp-content\/uploads\/logo_hoinka_sm.jpg","width":450,"height":92,"caption":"HOINKA"},"image":{"@id":"https:\/\/hoinka.com\/en\/#\/schema\/logo\/image\/"},"sameAs":["https:\/\/de-de.facebook.com\/pages\/category\/Consulting-Agency\/HOINKA-GmbH-202893899755765\/","https:\/\/www.linkedin.com\/company\/hoinka-gmbh?originalSubdomain=de"]}]}},"_links":{"self":[{"href":"https:\/\/hoinka.com\/en\/wp-json\/wp\/v2\/pages\/9126","targetHints":{"allow":["GET"]}}],"collection":[{"href":"https:\/\/hoinka.com\/en\/wp-json\/wp\/v2\/pages"}],"about":[{"href":"https:\/\/hoinka.com\/en\/wp-json\/wp\/v2\/types\/page"}],"author":[{"embeddable":true,"href":"https:\/\/hoinka.com\/en\/wp-json\/wp\/v2\/users\/2"}],"replies":[{"embeddable":true,"href":"https:\/\/hoinka.com\/en\/wp-json\/wp\/v2\/comments?post=9126"}],"version-history":[{"count":12,"href":"https:\/\/hoinka.com\/en\/wp-json\/wp\/v2\/pages\/9126\/revisions"}],"predecessor-version":[{"id":12979,"href":"https:\/\/hoinka.com\/en\/wp-json\/wp\/v2\/pages\/9126\/revisions\/12979"}],"up":[{"embeddable":true,"href":"https:\/\/hoinka.com\/en\/wp-json\/wp\/v2\/pages\/426"}],"wp:featuredmedia":[{"embeddable":true,"href":"https:\/\/hoinka.com\/en\/wp-json\/wp\/v2\/media\/15321"}],"wp:attachment":[{"href":"https:\/\/hoinka.com\/en\/wp-json\/wp\/v2\/media?parent=9126"}],"curies":[{"name":"wp","href":"https:\/\/api.w.org\/{rel}","templated":true}]}}