{"id":5865,"date":"2020-06-10T12:11:32","date_gmt":"2020-06-10T10:11:32","guid":{"rendered":"https:\/\/www.hoinka.com\/?page_id=5865"},"modified":"2025-04-08T13:06:57","modified_gmt":"2025-04-08T11:06:57","slug":"dgnb-certification","status":"publish","type":"page","link":"https:\/\/hoinka.com\/en\/building-certification\/dgnb\/dgnb-certification\/","title":{"rendered":"DGNB certification"},"content":{"rendered":"<h2>DGNB Zertifizierung (Deutsches G\u00fctesiegel nachhaltiges Bauen)<\/h2>\n<p>Die <strong data-start=\"72\" data-end=\"95\">DGNB Zertifizierung<\/strong> (Deutsche Gesellschaft f\u00fcr Nachhaltiges Bauen) ist ein anerkanntes Qualit\u00e4tssiegel f\u00fcr nachhaltige Geb\u00e4ude, Quartiere und Innenr\u00e4ume. Sie bewertet Bauprojekte ganzheitlich in den Bereichen \u00d6kologie, \u00d6konomie, soziokulturelle Aspekte sowie technische und prozessuale Qualit\u00e4t. Das deutsche Zertifizierungssystem <strong>DGNB<\/strong>\u00a0wurde von der Deutschen Gesellschaft f\u00fcr Nachhaltiges Bauen e. V. eingef\u00fchrt um die Nachhaltigkeit von Geb\u00e4uden messbar zu machen.<\/p>\n<p>Basis des DGNB Systems sind die drei S\u00e4ulen der Nachhaltigkeit \u00d6kologie, \u00d6konomie und Soziales, zus\u00e4tzlich werden f\u00fcr eine ganzheitliche Betrachtung weitere Qualit\u00e4ten bewertet. Innerhalb der Qualit\u00e4ten werden f\u00fcr Kriterien und Indikatoren Punkte vergeben, welche individuell abgestimmt auf verschiedene Nutzungsprofile die Gesamtperformance des Geb\u00e4udes bewertbar machen.<\/p>\n<p>Es werden Punkte in den folgenden sechs Umweltkategorien vergeben:<\/p>\n<ul>\n<li>\u00d6kologische Qualit\u00e4t (ENV)<\/li>\n<li>\u00d6konomische Qualit\u00e4t (ECO)<\/li>\n<li>Soziokulturelle und funktionale Qualit\u00e4t (SOC)<\/li>\n<li>Technische Qualit\u00e4t (TEC)<\/li>\n<li>Prozessqualit\u00e4t (PRO)<\/li>\n<li>Standortqualit\u00e4t (SITE)<\/li>\n<\/ul>\n<p>Unterschiedliche Nutzungsprofile erm\u00f6glichen die Zertifizierung von Neubau- und Bestandsgeb\u00e4uden, sowie von Quartieren in Deutschland. Diese werden laufend weiterentwickelt, um auf aktuelle Marktbed\u00fcrfnisse zu reagieren.<\/p>\n<h3>Nutzungsprofile im DGNB-System f\u00fcr die Zertifizierung<\/h3>\n<h4>DGNB Neubau<\/h4>\n<ul>\n<li>Bildungsbauten Version 2023 Neubau, Version 2018 Neubau, Version 2021 Sanierung<\/li>\n<li>B\u00fcro- und Verwaltungsgeb\u00e4ude Version 2023 Neubau, Version 2018 Neubau, Version 2021 Sanierung<\/li>\n<li>Gesch\u00e4ftsh\u00e4user Version 2023 Neubau, Version 2018 Neubau, Version 2021 Sanierung<\/li>\n<li>Gesundheitsbauten Version 2023 Neubau, Version 2018 Neubau<\/li>\n<li>Hotels Version 2023 Neubau, Version 2018 Neubau, Version 2021 Sanierung<\/li>\n<li>Kleine Wohngeb\u00e4ude (bis zu 12\u00a0Wohneinheiten) Version 2024 Kleine Wohngeb\u00e4ude Sanierung \/ Neubau<\/li>\n<li>Laborgeb\u00e4ude Version 2020 Neubau<\/li>\n<li>Logistikgeb\u00e4ude Version 2023 Neubau, Version 2018 Neubau, Version 2021 Sanierung<\/li>\n<li>Mischnutzung Version 2023 Neubau, Version 2018 Neubau, Version 2021 Sanierung<\/li>\n<li>Parkh\u00e4user Erstanwendung Neubau<\/li>\n<li>Produktionsst\u00e4tten Version 2023 Neubau, Version 2018 Neubau, Version 2021 Sanierung<\/li>\n<li>Shoppingcenter Version 2023 Neubau, Version 2018 Neubau, Version 2021 Sanierung<\/li>\n<li>Sporthallen Erstanwendung Neubau<\/li>\n<li>Verbraucherm\u00e4rkte Version 2023 Neubau, Version 2018 Neubau, Version 2021 Sanierung<\/li>\n<li>Versammlungsst\u00e4tten Version 2023 Neubau, Version 2018 Neubau, Version 2021 Sanierung<\/li>\n<li>Wohngeb\u00e4ude (mehr als 5\u00a0Wohneinheiten) Version 2023 Neubau, Version 2018 Neubau (mehr als 6 Wohneinheiten), Version 2021 Sanierung (mehr als 6 Wohneinheiten)<\/li>\n<li>Wohnen f\u00fcr Pflegeimmobilien Version 2023 Neubau<\/li>\n<\/ul>\n<h4>DGNB Bestand<\/h4>\n<ul>\n<li>Bestand (B\u00fcro), Version 2013 (DGNB BBV 13)<\/li>\n<li>Geb\u00e4ude im Betrieb, Version 2020 (DGNB GIB 20)<\/li>\n<li>Geb\u00e4ude im Betrieb, Version 2015 (DGNB GIB 15)<\/li>\n<li>Mischnutzung, Version 2018 (DGNB Mix 18)<\/li>\n<li>Verkehrsstationen im Betrieb, Version 2019 (Erstanwendung, DGNB VIB 19)<\/li>\n<li>Sanierung, Version 2016 (Erstanwendung, DGNB SBI16, SBV16, SGH16, SHO16, SLO16, SPS16, SSC16, SVM16, SWO16)<\/li>\n<li><a href=\"https:\/\/hoinka.com\/gebaeudezertifizierung\/dgnb-zertifizierung\/dgnb-auszeichnung-klimapositiv\/\">Auszeichnung &#8220;Klimapositiv&#8221;<\/a><\/li>\n<\/ul>\n<h4>DGNB Innenr\u00e4ume<\/h4>\n<ul>\n<li>B\u00fcro, Shopping, Version 2018 (DGNB NIR 18)<\/li>\n<li>Hotels, Version 2018 (Erstanwendung, DGNB NIR 18)<\/li>\n<li>Gastronomie, Version 2018 (Erstanwendung, DGNB NIR 18)<\/li>\n<li>Mischnutzung, Version 2018<\/li>\n<\/ul>\n<h4>DGNB Quartiere<\/h4>\n<ul>\n<li>Stadtquartiere, Version 2020 (DGNB SQ20)<\/li>\n<li>Businessquartiere, Version 2020 (DGNB BQ20)<\/li>\n<li>Gewerbegebiete, Version 2020 (DGNB GG20)<\/li>\n<li>Industriestandorte, Version 2020 (DGNB IS20)<\/li>\n<li>Event Areale, Version 2020 (DGNB EA20)<\/li>\n<li>Resorts, Version 2017<\/li>\n<li>Vertical Cities, Version 2017<\/li>\n<\/ul>\n<h4>DGNB R\u00fcckbau (Erstanwendung)<\/h4>\n<h4>DGNB International<\/h4>\n<ul>\n<li>Kernsystem DGNB International, Version 2020<\/li>\n<li>Geb\u00e4ude im Betrieb (Buildings in Use, DGNB GIB 15)<\/li>\n<li>Neubau B\u00fcro (CORE 14)<\/li>\n<\/ul>\n<p>Es gibt zudem ein internationales System f\u00fcr den Neubau von B\u00fcrogeb\u00e4uden. Je nach Erf\u00fcllungsgrad wird das Geb\u00e4ude mit dem G\u00fctesiegel in Bronze (35%, nur f\u00fcr Bestandsgeb\u00e4ude), Silber (50%), Gold (65%) oder Platin (80%) ausgezeichnet (fr\u00fcher Bronze, Silber, Gold). Ein Geb\u00e4ude kann zus\u00e4tzlich die Auszeichnung &#8220;DGNB Diamant&#8221; erreichen f\u00fcr eine herausragende Architektur und gestalterische und baukulturelle Qualit\u00e4t.<\/p>\n<h3>F\u00f6rderung f\u00fcr nachhaltiges Bauen<\/h3>\n<p>Ein mit dem <strong>DGNB-Zertifikat<\/strong> ausgezeichnetes Neubauprojekt qualifiziert sich f\u00fcr den Erhalt des &#8220;<a href=\"https:\/\/hoinka.com\/mit-dem-qualitaetssiegel-nachhaltiges-gebaeude-von-zusaetzlichen-beg-zuschuessen-profitieren\/\">Qualit\u00e4tssiegel Nachhaltiges Geb\u00e4ude<\/a>&#8221; (QNG) welches wiederum Voraussetzung f\u00fcr den Nachhaltigkeitsbonus der Bundesf\u00f6rderung f\u00fcr effiziente Geb\u00e4ude (BEG) ist. Statt einer F\u00f6rderung von 15 % k\u00f6nnen nach mit Erhalt des QNG 17,5 % der Kosten \u00fcber die BEG gef\u00f6rdert werden. Zus\u00e4tzlich zum DGNB-Zertifikat gibt es noch weitere Voraussetzungen die f\u00fcr das QNG erf\u00fcllt sein m\u00fcssen, wovon ein Gro\u00dfteil jedoch bereits von den Anforderungen des DGNB abgedeckt wird.<\/p>\n<h3>Vorteile der DGNB Zertifizierung<\/h3>\n<ul>\n<li>Sicherheit von Anfang an: Das DGNB Vorzertifikat stellt sicher, dass die geplanten Leistungsziele eines Geb\u00e4udes bereits in der fr\u00fchen Planungsphase festgelegt und bei der Fertigstellung erreicht werden.<\/li>\n<li>Gleichgewicht von \u00d6konomie und Nachhaltigkeit: Wirtschaftliche Nachhaltigkeit wird genauso hoch bewertet wie \u00f6kologische und soziokulturelle Aspekte.<\/li>\n<li>Bessere Marktchancen: Eine DGNB Zertifizierung steigert die Attraktivit\u00e4t eines Geb\u00e4udes f\u00fcr K\u00e4ufer und Mieter durch nachweislich hohe Qualit\u00e4tsstandards.<\/li>\n<li>Geringeres Leerstandsrisiko: Die wachsende Nachfrage nach zertifizierten Immobilien sichert langfristig eine erfolgreiche Weitervermietung.<\/li>\n<li>Einfachere Finanzierung: Banken gew\u00e4hren f\u00fcr zertifizierte Geb\u00e4ude oft bessere Konditionen und schnellere Kreditvergaben.<\/li>\n<li>Internationale Vergleichbarkeit: DGNB-zertifizierte Geb\u00e4ude sind weltweit standardisiert und k\u00f6nnen national sowie international miteinander verglichen werden.<\/li>\n<li>Individuelle Bewertungsprofile: Verschiedene Geb\u00e4udetypen erhalten eine ma\u00dfgeschneiderte Bewertung auf Basis des DGNB Systems f\u00fcr eine marktgerechte Zertifizierung.<\/li>\n<li>Fr\u00fchzeitige Optimierung: Die DGNB Vorzertifizierung unterst\u00fctzt eine ganzheitliche Planung und identifiziert fr\u00fchzeitig Optimierungspotenziale f\u00fcr Bau, Betrieb, Umbau und R\u00fcckbau, die kosteneffizient umgesetzt werden k\u00f6nnen. Dadurch bleibt die Qualit\u00e4tssicherung von Beginn an im Fokus.<\/li>\n<li>Nachhaltigkeitsziele gezielt definieren und \u00fcberwachen: Der DGNB Kriterienkatalog hilft, klare Nachhaltigkeitsziele festzulegen und sensibilisiert alle Beteiligten fr\u00fchzeitig f\u00fcr deren Umsetzung. Gleichzeitig dient er als zentrales Instrument zur Qualit\u00e4tssicherung w\u00e4hrend der gesamten Bauphase.<\/li>\n<li>Ganzheitliche Geb\u00e4udeleistung bewerten: Anstatt einzelne Ma\u00dfnahmen vorzugeben, setzt das DGNB System Zielwerte f\u00fcr die Gesamtperformance eines Geb\u00e4udes und f\u00f6rdert so innovative und nachhaltige Geb\u00e4udekonzepte.<\/li>\n<\/ul>\n<p class=\"buttonpopup\" style=\"text-align: center;\">\t<a class=\"paoc-popup-click paoc-popup-cust-6251 paoc-popup-button paoc-popup-btn \" href=\"javascript:void(0);\">Angebot anfordern<\/a>\r\n\n<p style=\"text-align: center;\">Telefon\u00a0\u00a0<a class=\"\" href=\"tel:+49 711 62049-340\">+49 711 62049-340<\/a><br \/>\nEmail <a class=\"\" href=\"mailto:info@hoinka.com\">info@hoinka.com<\/a><\/p>\n","protected":false},"excerpt":{"rendered":"<p>DGNB Zertifizierung (Deutsches G\u00fctesiegel nachhaltiges Bauen) Die DGNB Zertifizierung (Deutsche Gesellschaft f\u00fcr Nachhaltiges Bauen) ist ein anerkanntes Qualit\u00e4tssiegel f\u00fcr nachhaltige Geb\u00e4ude, Quartiere und Innenr\u00e4ume. Sie bewertet Bauprojekte ganzheitlich in den Bereichen \u00d6kologie, \u00d6konomie, soziokulturelle Aspekte sowie technische und prozessuale Qualit\u00e4t. Das deutsche Zertifizierungssystem DGNB\u00a0wurde von der Deutschen Gesellschaft f\u00fcr Nachhaltiges Bauen e. V. eingef\u00fchrt um &hellip;<\/p>\n","protected":false},"author":1,"featured_media":13310,"parent":7153,"menu_order":10,"comment_status":"closed","ping_status":"closed","template":"sections.php","meta":{"_acf_changed":false,"_genesis_hide_title":false,"_genesis_hide_breadcrumbs":false,"_genesis_hide_singular_image":false,"_genesis_hide_footer_widgets":false,"_genesis_custom_body_class":"","_genesis_custom_post_class":"","_genesis_layout":"","footnotes":"","_links_to":"","_links_to_target":""},"class_list":{"0":"post-5865","1":"page","2":"type-page","3":"status-publish","4":"has-post-thumbnail","6":"entry"},"acf":[],"yoast_head":"<!-- This site is optimized with the Yoast SEO plugin v27.0 - https:\/\/yoast.com\/product\/yoast-seo-wordpress\/ -->\n<title>DGNB certification &#8211; HOINKA<\/title>\n<meta name=\"description\" content=\"Discover the DGNB certification at HOINKA. We offer comprehensive advice and support for sustainable building assessment\" \/>\n<meta name=\"robots\" content=\"index, follow, max-snippet:-1, max-image-preview:large, max-video-preview:-1\" \/>\n<link rel=\"canonical\" href=\"https:\/\/hoinka.com\/en\/building-certification\/dgnb\/dgnb-certification\/\" \/>\n<meta property=\"og:locale\" content=\"en_US\" \/>\n<meta property=\"og:type\" content=\"article\" \/>\n<meta property=\"og:title\" content=\"DGNB certification &#8211; HOINKA\" \/>\n<meta property=\"og:description\" content=\"Discover the DGNB certification at HOINKA. We offer comprehensive advice and support for sustainable building assessment\" \/>\n<meta property=\"og:url\" content=\"https:\/\/hoinka.com\/en\/building-certification\/dgnb\/dgnb-certification\/\" \/>\n<meta property=\"og:site_name\" content=\"HOINKA\" \/>\n<meta property=\"article:publisher\" content=\"https:\/\/de-de.facebook.com\/pages\/category\/Consulting-Agency\/HOINKA-GmbH-202893899755765\/\" \/>\n<meta property=\"article:modified_time\" content=\"2025-04-08T11:06:57+00:00\" \/>\n<meta property=\"og:image\" content=\"https:\/\/hoinka.com\/wp-content\/uploads\/DGNB_Zertifizierung.png\" \/>\n\t<meta property=\"og:image:width\" content=\"720\" \/>\n\t<meta property=\"og:image:height\" content=\"720\" \/>\n\t<meta property=\"og:image:type\" content=\"image\/png\" \/>\n<meta name=\"twitter:card\" content=\"summary_large_image\" \/>\n<meta name=\"twitter:label1\" content=\"Est. reading time\" \/>\n\t<meta name=\"twitter:data1\" content=\"4 minutes\" \/>\n<script type=\"application\/ld+json\" class=\"yoast-schema-graph\">{\"@context\":\"https:\/\/schema.org\",\"@graph\":[{\"@type\":\"WebPage\",\"@id\":\"https:\/\/hoinka.com\/en\/building-certification\/dgnb\/dgnb-certification\/\",\"url\":\"https:\/\/hoinka.com\/en\/building-certification\/dgnb\/dgnb-certification\/\",\"name\":\"DGNB certification &#8211; HOINKA\",\"isPartOf\":{\"@id\":\"https:\/\/hoinka.com\/en\/#website\"},\"primaryImageOfPage\":{\"@id\":\"https:\/\/hoinka.com\/en\/building-certification\/dgnb\/dgnb-certification\/#primaryimage\"},\"image\":{\"@id\":\"https:\/\/hoinka.com\/en\/building-certification\/dgnb\/dgnb-certification\/#primaryimage\"},\"thumbnailUrl\":\"https:\/\/hoinka.com\/wp-content\/uploads\/DGNB_Zertifizierung.png\",\"datePublished\":\"2020-06-10T10:11:32+00:00\",\"dateModified\":\"2025-04-08T11:06:57+00:00\",\"description\":\"Discover the DGNB certification at HOINKA. We offer comprehensive advice and support for sustainable building assessment\",\"breadcrumb\":{\"@id\":\"https:\/\/hoinka.com\/en\/building-certification\/dgnb\/dgnb-certification\/#breadcrumb\"},\"inLanguage\":\"en-US\",\"potentialAction\":[{\"@type\":\"ReadAction\",\"target\":[\"https:\/\/hoinka.com\/en\/building-certification\/dgnb\/dgnb-certification\/\"]}]},{\"@type\":\"ImageObject\",\"inLanguage\":\"en-US\",\"@id\":\"https:\/\/hoinka.com\/en\/building-certification\/dgnb\/dgnb-certification\/#primaryimage\",\"url\":\"https:\/\/hoinka.com\/wp-content\/uploads\/DGNB_Zertifizierung.png\",\"contentUrl\":\"https:\/\/hoinka.com\/wp-content\/uploads\/DGNB_Zertifizierung.png\",\"width\":720,\"height\":720,\"caption\":\"DGNB Zertifizierung\"},{\"@type\":\"BreadcrumbList\",\"@id\":\"https:\/\/hoinka.com\/en\/building-certification\/dgnb\/dgnb-certification\/#breadcrumb\",\"itemListElement\":[{\"@type\":\"ListItem\",\"position\":1,\"name\":\"Home\",\"item\":\"https:\/\/hoinka.com\/en\/\"},{\"@type\":\"ListItem\",\"position\":2,\"name\":\"Building certification\",\"item\":\"https:\/\/hoinka.com\/en\/building-certification\/\"},{\"@type\":\"ListItem\",\"position\":3,\"name\":\"DGNB\",\"item\":\"https:\/\/hoinka.com\/en\/building-certification\/dgnb\/\"},{\"@type\":\"ListItem\",\"position\":4,\"name\":\"DGNB certification\"}]},{\"@type\":\"WebSite\",\"@id\":\"https:\/\/hoinka.com\/en\/#website\",\"url\":\"https:\/\/hoinka.com\/en\/\",\"name\":\"HOINKA\",\"description\":\"Sustainable Planning - Green Building\",\"publisher\":{\"@id\":\"https:\/\/hoinka.com\/en\/#organization\"},\"potentialAction\":[{\"@type\":\"SearchAction\",\"target\":{\"@type\":\"EntryPoint\",\"urlTemplate\":\"https:\/\/hoinka.com\/en\/?s={search_term_string}\"},\"query-input\":{\"@type\":\"PropertyValueSpecification\",\"valueRequired\":true,\"valueName\":\"search_term_string\"}}],\"inLanguage\":\"en-US\"},{\"@type\":\"Organization\",\"@id\":\"https:\/\/hoinka.com\/en\/#organization\",\"name\":\"HOINKA\",\"url\":\"https:\/\/hoinka.com\/en\/\",\"logo\":{\"@type\":\"ImageObject\",\"inLanguage\":\"en-US\",\"@id\":\"https:\/\/hoinka.com\/en\/#\/schema\/logo\/image\/\",\"url\":\"https:\/\/hoinka.com\/wp-content\/uploads\/logo_hoinka_sm.jpg\",\"contentUrl\":\"https:\/\/hoinka.com\/wp-content\/uploads\/logo_hoinka_sm.jpg\",\"width\":450,\"height\":92,\"caption\":\"HOINKA\"},\"image\":{\"@id\":\"https:\/\/hoinka.com\/en\/#\/schema\/logo\/image\/\"},\"sameAs\":[\"https:\/\/de-de.facebook.com\/pages\/category\/Consulting-Agency\/HOINKA-GmbH-202893899755765\/\",\"https:\/\/www.linkedin.com\/company\/hoinka-gmbh?originalSubdomain=de\"]}]}<\/script>\n<!-- \/ Yoast SEO plugin. -->","yoast_head_json":{"title":"DGNB certification &#8211; HOINKA","description":"Discover the DGNB certification at HOINKA. We offer comprehensive advice and support for sustainable building assessment","robots":{"index":"index","follow":"follow","max-snippet":"max-snippet:-1","max-image-preview":"max-image-preview:large","max-video-preview":"max-video-preview:-1"},"canonical":"https:\/\/hoinka.com\/en\/building-certification\/dgnb\/dgnb-certification\/","og_locale":"en_US","og_type":"article","og_title":"DGNB certification &#8211; HOINKA","og_description":"Discover the DGNB certification at HOINKA. We offer comprehensive advice and support for sustainable building assessment","og_url":"https:\/\/hoinka.com\/en\/building-certification\/dgnb\/dgnb-certification\/","og_site_name":"HOINKA","article_publisher":"https:\/\/de-de.facebook.com\/pages\/category\/Consulting-Agency\/HOINKA-GmbH-202893899755765\/","article_modified_time":"2025-04-08T11:06:57+00:00","og_image":[{"width":720,"height":720,"url":"https:\/\/hoinka.com\/wp-content\/uploads\/DGNB_Zertifizierung.png","type":"image\/png"}],"twitter_card":"summary_large_image","twitter_misc":{"Est. reading time":"4 minutes"},"schema":{"@context":"https:\/\/schema.org","@graph":[{"@type":"WebPage","@id":"https:\/\/hoinka.com\/en\/building-certification\/dgnb\/dgnb-certification\/","url":"https:\/\/hoinka.com\/en\/building-certification\/dgnb\/dgnb-certification\/","name":"DGNB certification &#8211; HOINKA","isPartOf":{"@id":"https:\/\/hoinka.com\/en\/#website"},"primaryImageOfPage":{"@id":"https:\/\/hoinka.com\/en\/building-certification\/dgnb\/dgnb-certification\/#primaryimage"},"image":{"@id":"https:\/\/hoinka.com\/en\/building-certification\/dgnb\/dgnb-certification\/#primaryimage"},"thumbnailUrl":"https:\/\/hoinka.com\/wp-content\/uploads\/DGNB_Zertifizierung.png","datePublished":"2020-06-10T10:11:32+00:00","dateModified":"2025-04-08T11:06:57+00:00","description":"Discover the DGNB certification at HOINKA. We offer comprehensive advice and support for sustainable building assessment","breadcrumb":{"@id":"https:\/\/hoinka.com\/en\/building-certification\/dgnb\/dgnb-certification\/#breadcrumb"},"inLanguage":"en-US","potentialAction":[{"@type":"ReadAction","target":["https:\/\/hoinka.com\/en\/building-certification\/dgnb\/dgnb-certification\/"]}]},{"@type":"ImageObject","inLanguage":"en-US","@id":"https:\/\/hoinka.com\/en\/building-certification\/dgnb\/dgnb-certification\/#primaryimage","url":"https:\/\/hoinka.com\/wp-content\/uploads\/DGNB_Zertifizierung.png","contentUrl":"https:\/\/hoinka.com\/wp-content\/uploads\/DGNB_Zertifizierung.png","width":720,"height":720,"caption":"DGNB Zertifizierung"},{"@type":"BreadcrumbList","@id":"https:\/\/hoinka.com\/en\/building-certification\/dgnb\/dgnb-certification\/#breadcrumb","itemListElement":[{"@type":"ListItem","position":1,"name":"Home","item":"https:\/\/hoinka.com\/en\/"},{"@type":"ListItem","position":2,"name":"Building certification","item":"https:\/\/hoinka.com\/en\/building-certification\/"},{"@type":"ListItem","position":3,"name":"DGNB","item":"https:\/\/hoinka.com\/en\/building-certification\/dgnb\/"},{"@type":"ListItem","position":4,"name":"DGNB certification"}]},{"@type":"WebSite","@id":"https:\/\/hoinka.com\/en\/#website","url":"https:\/\/hoinka.com\/en\/","name":"HOINKA","description":"Sustainable Planning - Green Building","publisher":{"@id":"https:\/\/hoinka.com\/en\/#organization"},"potentialAction":[{"@type":"SearchAction","target":{"@type":"EntryPoint","urlTemplate":"https:\/\/hoinka.com\/en\/?s={search_term_string}"},"query-input":{"@type":"PropertyValueSpecification","valueRequired":true,"valueName":"search_term_string"}}],"inLanguage":"en-US"},{"@type":"Organization","@id":"https:\/\/hoinka.com\/en\/#organization","name":"HOINKA","url":"https:\/\/hoinka.com\/en\/","logo":{"@type":"ImageObject","inLanguage":"en-US","@id":"https:\/\/hoinka.com\/en\/#\/schema\/logo\/image\/","url":"https:\/\/hoinka.com\/wp-content\/uploads\/logo_hoinka_sm.jpg","contentUrl":"https:\/\/hoinka.com\/wp-content\/uploads\/logo_hoinka_sm.jpg","width":450,"height":92,"caption":"HOINKA"},"image":{"@id":"https:\/\/hoinka.com\/en\/#\/schema\/logo\/image\/"},"sameAs":["https:\/\/de-de.facebook.com\/pages\/category\/Consulting-Agency\/HOINKA-GmbH-202893899755765\/","https:\/\/www.linkedin.com\/company\/hoinka-gmbh?originalSubdomain=de"]}]}},"_links":{"self":[{"href":"https:\/\/hoinka.com\/en\/wp-json\/wp\/v2\/pages\/5865","targetHints":{"allow":["GET"]}}],"collection":[{"href":"https:\/\/hoinka.com\/en\/wp-json\/wp\/v2\/pages"}],"about":[{"href":"https:\/\/hoinka.com\/en\/wp-json\/wp\/v2\/types\/page"}],"author":[{"embeddable":true,"href":"https:\/\/hoinka.com\/en\/wp-json\/wp\/v2\/users\/1"}],"replies":[{"embeddable":true,"href":"https:\/\/hoinka.com\/en\/wp-json\/wp\/v2\/comments?post=5865"}],"version-history":[{"count":10,"href":"https:\/\/hoinka.com\/en\/wp-json\/wp\/v2\/pages\/5865\/revisions"}],"predecessor-version":[{"id":13312,"href":"https:\/\/hoinka.com\/en\/wp-json\/wp\/v2\/pages\/5865\/revisions\/13312"}],"up":[{"embeddable":true,"href":"https:\/\/hoinka.com\/en\/wp-json\/wp\/v2\/pages\/7153"}],"wp:featuredmedia":[{"embeddable":true,"href":"https:\/\/hoinka.com\/en\/wp-json\/wp\/v2\/media\/13310"}],"wp:attachment":[{"href":"https:\/\/hoinka.com\/en\/wp-json\/wp\/v2\/media?parent=5865"}],"curies":[{"name":"wp","href":"https:\/\/api.w.org\/{rel}","templated":true}]}}