{"id":15790,"date":"2026-03-02T11:51:31","date_gmt":"2026-03-02T10:51:31","guid":{"rendered":"https:\/\/dev.hoinka.com\/?page_id=15790"},"modified":"2026-03-06T15:45:38","modified_gmt":"2026-03-06T14:45:38","slug":"due-diligence","status":"publish","type":"page","link":"https:\/\/hoinka.com\/en\/leistungen\/due-diligence\/","title":{"rendered":"Due diligence"},"content":{"rendered":"<h1>Due Diligence<\/h1>\n<h1><span style=\"font-size: 16px;\">Maximale Transparenz f\u00fcr Ihre Investitionsentscheidung: Fundierte Risikoanalyse und Wertermittlung durch spezialisierte Due Diligence.<\/span><\/h1>\n\t<a class=\"paoc-popup-click paoc-popup-cust-6225 paoc-popup-button paoc-popup-btn \" href=\"javascript:void(0);\">Kontaktieren Sie uns<\/a>\r\n\n<hr \/>\n<h2 style=\"text-align: left;\">Objektive Entscheidungsgrundlagen schaffen<\/h2>\n<div class=\"su-spacer\" style=\"height:20px\"><\/div>\n<p data-path-to-node=\"8\">Die Due Diligence (DD) bildet das R\u00fcckgrat jeder erfolgreichen Immobilientransaktion und Projektentwicklung. Als spezialisierter Partner f\u00fcr nachhaltiges Bauen f\u00fchren wir eine systematische Pr\u00fcfung durch, die weit \u00fcber eine oberfl\u00e4chliche Betrachtung hinausgeht. Unser Ziel ist es, Informationsasymmetrien abzubauen und sicherzustellen, dass Ihre Investition auf einer validen und belastbaren Datenbasis steht.<\/p>\n<div class=\"flex-grid top-xs-xxl\"><div class=\"row gutter-md center-xs bottom-xs text-xs-center\"><div class=\"flex-entry entry col col-xs-12 col-sm-6 col-md-4 col-lg-4 post-13874 page type-page status-publish has-post-thumbnail boxed aspect-ratio has-bg-image has-bg-link has-overlay light-content\" style=\"--aspect-ratio:700\/526;\"><div class=\"aspect-outer\"><div class=\"aspect-inner column middle-xs end-xs text-xs-center\"><picture class=\"bg-picture\"><source srcset=\"https:\/\/hoinka.com\/wp-content\/uploads\/Corporate-Sustainability-Reporting-Directive-4-2-520x390.png\" media=\"(max-width: 520px)\"><img loading=\"lazy\" decoding=\"async\" width=\"700\" height=\"526\" src=\"https:\/\/hoinka.com\/wp-content\/uploads\/Corporate-Sustainability-Reporting-Directive-4-2-700x526.png\" class=\"wp-post-image bg-image\" alt=\"Technische Due Diligence (TDD)\" srcset=\"https:\/\/hoinka.com\/wp-content\/uploads\/Corporate-Sustainability-Reporting-Directive-4-2-700x526.png 700w, https:\/\/hoinka.com\/wp-content\/uploads\/Corporate-Sustainability-Reporting-Directive-4-2-520x390.png 520w\" sizes=\"auto, (max-width: 700px) 100vw, 700px\" \/><\/picture><span class=\"overlay overlay-gradient\"><\/span><header class=\"entry-header\"><h3 class=\"entry-title\"><a href=\"https:\/\/hoinka.com\/en\/leistungen\/due-diligence\/technical-due-diligence\/\" title=\"Technical due diligence\">Technical due diligence<\/a><\/h3><\/header><a class=\"bg-link\" href=\"https:\/\/hoinka.com\/en\/leistungen\/due-diligence\/technical-due-diligence\/\"><span class=\"screen-reader-text\" aria-hidden=\"true\">Technical due diligence<\/span><\/a><\/div><\/div><\/div><div class=\"flex-entry entry col col-xs-12 col-sm-6 col-md-4 col-lg-4 post-15761 page type-page status-publish has-post-thumbnail boxed aspect-ratio has-bg-image has-bg-link has-overlay light-content\" style=\"--aspect-ratio:700\/526;\"><div class=\"aspect-outer\"><div class=\"aspect-inner column middle-xs end-xs text-xs-center\"><picture class=\"bg-picture\"><source srcset=\"https:\/\/hoinka.com\/wp-content\/uploads\/ESG-Due-Diligence-520x390.png\" media=\"(max-width: 520px)\"><img loading=\"lazy\" decoding=\"async\" width=\"700\" height=\"526\" src=\"https:\/\/hoinka.com\/wp-content\/uploads\/ESG-Due-Diligence-700x526.png\" class=\"wp-post-image bg-image\" alt=\"ESG Due Diligence\" srcset=\"https:\/\/hoinka.com\/wp-content\/uploads\/ESG-Due-Diligence-700x526.png 700w, https:\/\/hoinka.com\/wp-content\/uploads\/ESG-Due-Diligence-520x390.png 520w\" sizes=\"auto, (max-width: 700px) 100vw, 700px\" \/><\/picture><span class=\"overlay overlay-gradient\"><\/span><header class=\"entry-header\"><h3 class=\"entry-title\"><a href=\"https:\/\/hoinka.com\/en\/leistungen\/due-diligence\/esg-due-diligence\/\" title=\"ESG Due Diligence\">ESG Due Diligence<\/a><\/h3><\/header><a class=\"bg-link\" href=\"https:\/\/hoinka.com\/en\/leistungen\/due-diligence\/esg-due-diligence\/\"><span class=\"screen-reader-text\" aria-hidden=\"true\">ESG Due Diligence<\/span><\/a><\/div><\/div><\/div><\/div><\/div>\n<h2 data-path-to-node=\"9\">Ganzheitliche Pr\u00fcfung im modernen Bauwesen<\/h2>\n<p>In einer Zeit, in der regulatorische Anforderungen und die Substanzqualit\u00e4t von Geb\u00e4uden entscheidend f\u00fcr den Marktwert sind, differenzieren wir unsere Pr\u00fcfung in zwei Kernbereiche. W\u00e4hrend die <a href=\"https:\/\/hoinka.com\/leistungen\/due-diligence\/technische-due-diligence\/\"><b data-path-to-node=\"10\" data-index-in-node=\"194\">Technische Due Diligence<\/b> <\/a>den baulichen Zustand und die Zukunftsf\u00e4higkeit der Anlagen bewertet, stellt die <a href=\"https:\/\/hoinka.com\/leistungen\/due-diligence\/esg-due-diligence\/\"><b data-path-to-node=\"10\" data-index-in-node=\"300\">ESG Due Diligence<\/b><\/a> sicher, dass Ihre Immobilien den aktuellen Nachhaltigkeitsstandards und gesetzlichen Taxonomie-Vorgaben entsprechen.<\/p>\n<hr \/>\n<p class=\"buttonpopup\" style=\"text-align: center;\">\t<a class=\"paoc-popup-click paoc-popup-cust-6251 paoc-popup-button paoc-popup-btn \" href=\"javascript:void(0);\">Angebot anfordern<\/a>\r\n\n<p style=\"text-align: center;\">Telefon\u00a0\u00a0<a class=\"\" href=\"tel:+49 711 62049-340\">+49 711 62049-340<\/a><br \/>\nEmail <a class=\"\" href=\"mailto:info@hoinka.com\">info@hoinka.com<\/a><\/p>\n","protected":false},"excerpt":{"rendered":"<h1>ESG Due Diligence<\/h1>\n<h1><span style=\"font-size: 16px;\">We support you with the technical valuation of your property for purchase or sale as well as for renting and letting.<\/span><\/h1>\n<hr \/>\n<h2 data-path-to-node=\"2\">ESG due diligence: future-proof valuation of real estate assets<\/h2>\n<p data-path-to-node=\"3\">In a construction and real estate world &hellip; <a href=\"https:\/\/hoinka.com\/en\/leistungen\/due-diligence\/esg-due-diligence\/\" class=\"read-more\">Read the rest <\/a><\/p>","protected":false},"author":10,"featured_media":15886,"parent":426,"menu_order":12,"comment_status":"closed","ping_status":"closed","template":"sections.php","meta":{"_acf_changed":false,"_genesis_hide_title":false,"_genesis_hide_breadcrumbs":false,"_genesis_hide_singular_image":false,"_genesis_hide_footer_widgets":false,"_genesis_custom_body_class":"","_genesis_custom_post_class":"","_genesis_layout":"","footnotes":"","_links_to":"","_links_to_target":""},"class_list":{"0":"post-15790","1":"page","2":"type-page","3":"status-publish","4":"has-post-thumbnail","6":"entry"},"acf":[],"yoast_head":"<!-- This site is optimized with the Yoast SEO plugin v27.0 - https:\/\/yoast.com\/product\/yoast-seo-wordpress\/ -->\n<title>Due diligence - due diligence in construction&#8211; HOINKA<\/title>\n<meta name=\"description\" content=\"Due diligence for real estate: maximum security from HOINKA GmbH. We check ESG criteria &amp; technology with auditor expertise.\" \/>\n<meta name=\"robots\" content=\"index, follow, max-snippet:-1, max-image-preview:large, max-video-preview:-1\" \/>\n<link rel=\"canonical\" href=\"https:\/\/hoinka.com\/en\/leistungen\/due-diligence\/\" \/>\n<meta property=\"og:locale\" content=\"en_US\" \/>\n<meta property=\"og:type\" content=\"article\" \/>\n<meta property=\"og:title\" content=\"Due diligence - due diligence in construction&#8211; HOINKA\" \/>\n<meta property=\"og:description\" content=\"Due diligence for real estate: maximum security from HOINKA GmbH. We check ESG criteria &amp; technology with auditor expertise.\" \/>\n<meta property=\"og:url\" content=\"https:\/\/hoinka.com\/en\/leistungen\/due-diligence\/\" \/>\n<meta property=\"og:site_name\" content=\"HOINKA\" \/>\n<meta property=\"article:publisher\" content=\"https:\/\/de-de.facebook.com\/pages\/category\/Consulting-Agency\/HOINKA-GmbH-202893899755765\/\" \/>\n<meta property=\"article:modified_time\" content=\"2026-03-06T14:45:38+00:00\" \/>\n<meta property=\"og:image\" content=\"https:\/\/hoinka.com\/wp-content\/uploads\/Due-Diligence-5.png\" \/>\n\t<meta property=\"og:image:width\" content=\"1530\" \/>\n\t<meta property=\"og:image:height\" content=\"1530\" \/>\n\t<meta property=\"og:image:type\" content=\"image\/png\" \/>\n<meta name=\"twitter:card\" content=\"summary_large_image\" \/>\n<meta name=\"twitter:label1\" content=\"Est. reading time\" \/>\n\t<meta name=\"twitter:data1\" content=\"1 minute\" \/>\n<script type=\"application\/ld+json\" class=\"yoast-schema-graph\">{\"@context\":\"https:\/\/schema.org\",\"@graph\":[{\"@type\":\"WebPage\",\"@id\":\"https:\/\/hoinka.com\/en\/leistungen\/due-diligence\/\",\"url\":\"https:\/\/hoinka.com\/en\/leistungen\/due-diligence\/\",\"name\":\"Due diligence - due diligence in construction&#8211; HOINKA\",\"isPartOf\":{\"@id\":\"https:\/\/hoinka.com\/en\/#website\"},\"primaryImageOfPage\":{\"@id\":\"https:\/\/hoinka.com\/en\/leistungen\/due-diligence\/#primaryimage\"},\"image\":{\"@id\":\"https:\/\/hoinka.com\/en\/leistungen\/due-diligence\/#primaryimage\"},\"thumbnailUrl\":\"https:\/\/hoinka.com\/wp-content\/uploads\/Due-Diligence-5.png\",\"datePublished\":\"2026-03-02T10:51:31+00:00\",\"dateModified\":\"2026-03-06T14:45:38+00:00\",\"description\":\"Due diligence for real estate: maximum security from HOINKA GmbH. We check ESG criteria & technology with auditor expertise.\",\"breadcrumb\":{\"@id\":\"https:\/\/hoinka.com\/en\/leistungen\/due-diligence\/#breadcrumb\"},\"inLanguage\":\"en-US\",\"potentialAction\":[{\"@type\":\"ReadAction\",\"target\":[\"https:\/\/hoinka.com\/en\/leistungen\/due-diligence\/\"]}]},{\"@type\":\"ImageObject\",\"inLanguage\":\"en-US\",\"@id\":\"https:\/\/hoinka.com\/en\/leistungen\/due-diligence\/#primaryimage\",\"url\":\"https:\/\/hoinka.com\/wp-content\/uploads\/Due-Diligence-5.png\",\"contentUrl\":\"https:\/\/hoinka.com\/wp-content\/uploads\/Due-Diligence-5.png\",\"width\":1530,\"height\":1530,\"caption\":\"Due Diligence\"},{\"@type\":\"BreadcrumbList\",\"@id\":\"https:\/\/hoinka.com\/en\/leistungen\/due-diligence\/#breadcrumb\",\"itemListElement\":[{\"@type\":\"ListItem\",\"position\":1,\"name\":\"Home\",\"item\":\"https:\/\/hoinka.com\/en\/\"},{\"@type\":\"ListItem\",\"position\":2,\"name\":\"Services\",\"item\":\"https:\/\/hoinka.com\/en\/leistungen\/\"},{\"@type\":\"ListItem\",\"position\":3,\"name\":\"Due diligence\"}]},{\"@type\":\"WebSite\",\"@id\":\"https:\/\/hoinka.com\/en\/#website\",\"url\":\"https:\/\/hoinka.com\/en\/\",\"name\":\"HOINKA\",\"description\":\"Sustainable Planning - Green Building\",\"publisher\":{\"@id\":\"https:\/\/hoinka.com\/en\/#organization\"},\"potentialAction\":[{\"@type\":\"SearchAction\",\"target\":{\"@type\":\"EntryPoint\",\"urlTemplate\":\"https:\/\/hoinka.com\/en\/?s={search_term_string}\"},\"query-input\":{\"@type\":\"PropertyValueSpecification\",\"valueRequired\":true,\"valueName\":\"search_term_string\"}}],\"inLanguage\":\"en-US\"},{\"@type\":\"Organization\",\"@id\":\"https:\/\/hoinka.com\/en\/#organization\",\"name\":\"HOINKA\",\"url\":\"https:\/\/hoinka.com\/en\/\",\"logo\":{\"@type\":\"ImageObject\",\"inLanguage\":\"en-US\",\"@id\":\"https:\/\/hoinka.com\/en\/#\/schema\/logo\/image\/\",\"url\":\"https:\/\/hoinka.com\/wp-content\/uploads\/logo_hoinka_sm.jpg\",\"contentUrl\":\"https:\/\/hoinka.com\/wp-content\/uploads\/logo_hoinka_sm.jpg\",\"width\":450,\"height\":92,\"caption\":\"HOINKA\"},\"image\":{\"@id\":\"https:\/\/hoinka.com\/en\/#\/schema\/logo\/image\/\"},\"sameAs\":[\"https:\/\/de-de.facebook.com\/pages\/category\/Consulting-Agency\/HOINKA-GmbH-202893899755765\/\",\"https:\/\/www.linkedin.com\/company\/hoinka-gmbh?originalSubdomain=de\"]}]}<\/script>\n<!-- \/ Yoast SEO plugin. -->","yoast_head_json":{"title":"Due diligence - due diligence in construction&#8211; HOINKA","description":"Due diligence for real estate: maximum security from HOINKA GmbH. We check ESG criteria & technology with auditor expertise.","robots":{"index":"index","follow":"follow","max-snippet":"max-snippet:-1","max-image-preview":"max-image-preview:large","max-video-preview":"max-video-preview:-1"},"canonical":"https:\/\/hoinka.com\/en\/leistungen\/due-diligence\/","og_locale":"en_US","og_type":"article","og_title":"Due diligence - due diligence in construction&#8211; HOINKA","og_description":"Due diligence for real estate: maximum security from HOINKA GmbH. We check ESG criteria & technology with auditor expertise.","og_url":"https:\/\/hoinka.com\/en\/leistungen\/due-diligence\/","og_site_name":"HOINKA","article_publisher":"https:\/\/de-de.facebook.com\/pages\/category\/Consulting-Agency\/HOINKA-GmbH-202893899755765\/","article_modified_time":"2026-03-06T14:45:38+00:00","og_image":[{"width":1530,"height":1530,"url":"https:\/\/hoinka.com\/wp-content\/uploads\/Due-Diligence-5.png","type":"image\/png"}],"twitter_card":"summary_large_image","twitter_misc":{"Est. reading time":"1 minute"},"schema":{"@context":"https:\/\/schema.org","@graph":[{"@type":"WebPage","@id":"https:\/\/hoinka.com\/en\/leistungen\/due-diligence\/","url":"https:\/\/hoinka.com\/en\/leistungen\/due-diligence\/","name":"Due diligence - due diligence in construction&#8211; HOINKA","isPartOf":{"@id":"https:\/\/hoinka.com\/en\/#website"},"primaryImageOfPage":{"@id":"https:\/\/hoinka.com\/en\/leistungen\/due-diligence\/#primaryimage"},"image":{"@id":"https:\/\/hoinka.com\/en\/leistungen\/due-diligence\/#primaryimage"},"thumbnailUrl":"https:\/\/hoinka.com\/wp-content\/uploads\/Due-Diligence-5.png","datePublished":"2026-03-02T10:51:31+00:00","dateModified":"2026-03-06T14:45:38+00:00","description":"Due diligence for real estate: maximum security from HOINKA GmbH. We check ESG criteria & technology with auditor expertise.","breadcrumb":{"@id":"https:\/\/hoinka.com\/en\/leistungen\/due-diligence\/#breadcrumb"},"inLanguage":"en-US","potentialAction":[{"@type":"ReadAction","target":["https:\/\/hoinka.com\/en\/leistungen\/due-diligence\/"]}]},{"@type":"ImageObject","inLanguage":"en-US","@id":"https:\/\/hoinka.com\/en\/leistungen\/due-diligence\/#primaryimage","url":"https:\/\/hoinka.com\/wp-content\/uploads\/Due-Diligence-5.png","contentUrl":"https:\/\/hoinka.com\/wp-content\/uploads\/Due-Diligence-5.png","width":1530,"height":1530,"caption":"Due Diligence"},{"@type":"BreadcrumbList","@id":"https:\/\/hoinka.com\/en\/leistungen\/due-diligence\/#breadcrumb","itemListElement":[{"@type":"ListItem","position":1,"name":"Home","item":"https:\/\/hoinka.com\/en\/"},{"@type":"ListItem","position":2,"name":"Services","item":"https:\/\/hoinka.com\/en\/leistungen\/"},{"@type":"ListItem","position":3,"name":"Due diligence"}]},{"@type":"WebSite","@id":"https:\/\/hoinka.com\/en\/#website","url":"https:\/\/hoinka.com\/en\/","name":"HOINKA","description":"Sustainable Planning - Green Building","publisher":{"@id":"https:\/\/hoinka.com\/en\/#organization"},"potentialAction":[{"@type":"SearchAction","target":{"@type":"EntryPoint","urlTemplate":"https:\/\/hoinka.com\/en\/?s={search_term_string}"},"query-input":{"@type":"PropertyValueSpecification","valueRequired":true,"valueName":"search_term_string"}}],"inLanguage":"en-US"},{"@type":"Organization","@id":"https:\/\/hoinka.com\/en\/#organization","name":"HOINKA","url":"https:\/\/hoinka.com\/en\/","logo":{"@type":"ImageObject","inLanguage":"en-US","@id":"https:\/\/hoinka.com\/en\/#\/schema\/logo\/image\/","url":"https:\/\/hoinka.com\/wp-content\/uploads\/logo_hoinka_sm.jpg","contentUrl":"https:\/\/hoinka.com\/wp-content\/uploads\/logo_hoinka_sm.jpg","width":450,"height":92,"caption":"HOINKA"},"image":{"@id":"https:\/\/hoinka.com\/en\/#\/schema\/logo\/image\/"},"sameAs":["https:\/\/de-de.facebook.com\/pages\/category\/Consulting-Agency\/HOINKA-GmbH-202893899755765\/","https:\/\/www.linkedin.com\/company\/hoinka-gmbh?originalSubdomain=de"]}]}},"_links":{"self":[{"href":"https:\/\/hoinka.com\/en\/wp-json\/wp\/v2\/pages\/15790","targetHints":{"allow":["GET"]}}],"collection":[{"href":"https:\/\/hoinka.com\/en\/wp-json\/wp\/v2\/pages"}],"about":[{"href":"https:\/\/hoinka.com\/en\/wp-json\/wp\/v2\/types\/page"}],"author":[{"embeddable":true,"href":"https:\/\/hoinka.com\/en\/wp-json\/wp\/v2\/users\/10"}],"replies":[{"embeddable":true,"href":"https:\/\/hoinka.com\/en\/wp-json\/wp\/v2\/comments?post=15790"}],"version-history":[{"count":7,"href":"https:\/\/hoinka.com\/en\/wp-json\/wp\/v2\/pages\/15790\/revisions"}],"predecessor-version":[{"id":15884,"href":"https:\/\/hoinka.com\/en\/wp-json\/wp\/v2\/pages\/15790\/revisions\/15884"}],"up":[{"embeddable":true,"href":"https:\/\/hoinka.com\/en\/wp-json\/wp\/v2\/pages\/426"}],"wp:featuredmedia":[{"embeddable":true,"href":"https:\/\/hoinka.com\/en\/wp-json\/wp\/v2\/media\/15886"}],"wp:attachment":[{"href":"https:\/\/hoinka.com\/en\/wp-json\/wp\/v2\/media?parent=15790"}],"curies":[{"name":"wp","href":"https:\/\/api.w.org\/{rel}","templated":true}]}}