{"id":14179,"date":"2025-09-17T13:45:30","date_gmt":"2025-09-17T11:45:30","guid":{"rendered":"https:\/\/dev.hoinka.com\/?page_id=14179"},"modified":"2025-11-20T08:55:00","modified_gmt":"2025-11-20T07:55:00","slug":"biodiversity","status":"publish","type":"page","link":"https:\/\/hoinka.com\/en\/leistungen\/biodiversity\/","title":{"rendered":"Biodiversity"},"content":{"rendered":"<h1><strong>Biodiversity in construction<\/strong><\/h1>\n<p>We support you in implementing ecological requirements for your construction project.<\/p>\n\t<a class=\"paoc-popup-click paoc-popup-cust-6225 paoc-popup-button paoc-popup-btn \" href=\"javascript:void(0);\">Kontaktieren Sie uns<\/a>\r\n\n<hr \/>\n<h2 style=\"text-align: center;\">Biodiversit\u00e4t ist Grundvoraussetzung f\u00fcr nachhaltiges Bauen<\/h2>\n<p>Au\u00dfenfl\u00e4chen haben ein riesiges Potential, etwas f\u00fcr die Artenvielfalt und f\u00fcr die menschliche Lebensqualit\u00e4t beizutragen. Im Bauwesen bedeutet das: D\u00e4cher, Fassaden und Freifl\u00e4chen k\u00f6nnen weit mehr sein als funktionale Fl\u00e4chen \u2013 sie werden zu wertvollen Lebensr\u00e4umen, die \u00f6kologische Vielfalt f\u00f6rdern und gleichzeitig das Wohlbefinden der Nutzer steigern. Ein professionelles Biodiversit\u00e4tsmanagement unterst\u00fctzt Sie dabei, diese Potenziale zu identifizieren, zielgerichtet umzusetzen und dadurch nicht nur Ihre Nachhaltigkeitsziele, sondern auch Vorteile bei der Geb\u00e4udezertifizierung zu erreichen.<\/p>\n<figure id=\"attachment_14212\" aria-describedby=\"caption-attachment-14212\" style=\"width: 1592px\" class=\"wp-caption alignleft\"><img loading=\"lazy\" decoding=\"async\" class=\"wp-image-14212 \" src=\"https:\/\/hoinka.com\/wp-content\/uploads\/Design-ohne-Titel-20.png\" alt=\"Modernes Geb\u00e4ude mit Baum im Vordergrund \u2013 ein Beispiel f\u00fcr Biodiversit\u00e4t im Bauwesen.\" width=\"1592\" height=\"1061\" srcset=\"https:\/\/hoinka.com\/wp-content\/uploads\/Design-ohne-Titel-20.png 1200w, https:\/\/hoinka.com\/wp-content\/uploads\/Design-ohne-Titel-20-300x200.png 300w, https:\/\/hoinka.com\/wp-content\/uploads\/Design-ohne-Titel-20-1024x683.png 1024w, https:\/\/hoinka.com\/wp-content\/uploads\/Design-ohne-Titel-20-768x512.png 768w\" sizes=\"auto, (max-width: 1592px) 100vw, 1592px\" \/><figcaption id=\"caption-attachment-14212\" class=\"wp-caption-text\">Architektur und Natur im Einklang \u2013 nachhaltiges Bauen f\u00f6rdert Biodiversit\u00e4t und Lebensqualit\u00e4t.<\/figcaption><\/figure>\n<h3>Biodiversit\u00e4t bei der Geb\u00e4udezertifizierung<\/h3>\n<p data-start=\"130\" data-end=\"1190\">Die Umsetzung von Ma\u00dfnahmen im Bereich Biodiversit\u00e4t spielt bei einer angestrebten DGNB- oder BREEAM-Zertifizierung eine entscheidende Rolle. Zum einen lassen sich dadurch zus\u00e4tzliche Punkte erzielen, die den Zertifizierungsgrad deutlich verbessern k\u00f6nnen. Zum anderen zeigen Bauherren und Projektentwickler mit der F\u00f6rderung von Artenvielfalt, dass sie \u00f6kologische Verantwortung \u00fcbernehmen und ihre Nachhaltigkeitsziele ganzheitlich verfolgen. Biodiversit\u00e4tsma\u00dfnahmen leisten nicht nur einen wichtigen Beitrag zum Klimaschutz, sondern auch zu einem positiven Image und zur Erf\u00fcllung wachsender ESG-Anforderungen.<\/p>\n<p>Unter folgenden Kriterien sind Anforderungen zur Biodiversit\u00e4t im <a href=\"https:\/\/hoinka.com\/gebaeudezertifizierung\/dgnb-zertifizierung\/\">DGNB<\/a>&#8211; und <a href=\"https:\/\/hoinka.com\/gebaeudezertifizierung\/breeam\/\">BREEAM<\/a>-System verankert:<\/p>\n<ul class=\"ak-ul\" data-prosemirror-content-type=\"node\" data-prosemirror-node-name=\"bulletList\" data-prosemirror-node-block=\"true\">\n<li data-prosemirror-content-type=\"node\" data-prosemirror-node-name=\"listItem\" data-prosemirror-node-block=\"true\">\n<p data-prosemirror-content-type=\"node\" data-prosemirror-node-name=\"paragraph\" data-prosemirror-node-block=\"true\"><strong data-prosemirror-content-type=\"mark\" data-prosemirror-mark-name=\"strong\">DGNB Neubau Version 2023:<\/strong><br data-prosemirror-content-type=\"node\" data-prosemirror-node-name=\"hardBreak\" data-prosemirror-node-inline=\"true\" \/><em data-prosemirror-content-type=\"mark\" data-prosemirror-mark-name=\"em\">ENV2.4<\/em> Biodiversit\u00e4t am Standort<\/p>\n<\/li>\n<li data-prosemirror-content-type=\"node\" data-prosemirror-node-name=\"listItem\" data-prosemirror-node-block=\"true\">\n<p data-prosemirror-content-type=\"node\" data-prosemirror-node-name=\"paragraph\" data-prosemirror-node-block=\"true\"><strong data-prosemirror-content-type=\"mark\" data-prosemirror-mark-name=\"strong\">BREEAM Neubau 2018:<\/strong><br data-prosemirror-content-type=\"node\" data-prosemirror-node-name=\"hardBreak\" data-prosemirror-node-inline=\"true\" \/><em data-prosemirror-content-type=\"mark\" data-prosemirror-mark-name=\"em\">LE 02<\/em>\u00a0\u00d6kologischer Wert des Grundst\u00fccks und Schutz der \u00f6kologischen Werte<br data-prosemirror-content-type=\"node\" data-prosemirror-node-name=\"hardBreak\" data-prosemirror-node-inline=\"true\" \/><em data-prosemirror-content-type=\"mark\" data-prosemirror-mark-name=\"em\">LE 04<\/em>\u00a0Verbesserung der Standort\u00f6kologie<br data-prosemirror-content-type=\"node\" data-prosemirror-node-name=\"hardBreak\" data-prosemirror-node-inline=\"true\" \/><em data-prosemirror-content-type=\"mark\" data-prosemirror-mark-name=\"em\">LE 05<\/em>\u00a0Langfristige Auswirkungen auf die Biodiversit\u00e4t<\/p>\n<\/li>\n<li data-prosemirror-content-type=\"node\" data-prosemirror-node-name=\"listItem\" data-prosemirror-node-block=\"true\">\n<p data-prosemirror-content-type=\"node\" data-prosemirror-node-name=\"paragraph\" data-prosemirror-node-block=\"true\"><strong data-prosemirror-content-type=\"mark\" data-prosemirror-mark-name=\"strong\">BREEAM Bestand V 6.1:<\/strong><br data-prosemirror-content-type=\"node\" data-prosemirror-node-name=\"hardBreak\" data-prosemirror-node-inline=\"true\" \/><em data-prosemirror-content-type=\"mark\" data-prosemirror-mark-name=\"em\">Lue 02<\/em>\u00a0O\u0308kologische Merkmale der Gru\u0308nfla\u0308chen<\/p>\n<\/li>\n<\/ul>\n<p>Die DGNB bietet au\u00dferdem eine eigene <strong>Zertifizierung f\u00fcr biodiversit\u00e4tsf\u00f6rdernde Au\u00dfenr\u00e4ume.<\/strong><\/p>\n<p data-start=\"62\" data-end=\"441\">F\u00fcr detaillierte Informationen zur Integration von Biodiversit\u00e4t in die Bewertungssysteme k\u00f6nnen Sie sich unsere Seiten zu <a href=\"https:\/\/hoinka.com\/leistungen\/biodiversitaet\/biodiversitaet-im-bewertungssystem-nachhaltiges-bauen-bnb\/\">Biodiversit\u00e4t im Bewertungssystem Nachhaltiges Bauen (BNB)<\/a> und <a href=\"https:\/\/hoinka.com\/leistungen\/biodiversitaet\/biodiversitaet-im-breeam-system\/\">Biodiversit\u00e4t im BREEAM System<\/a> ansehen. Dort erfahren Sie, welche Kriterien relevant sind, wie Ma\u00dfnahmen bewertet werden und welche zus\u00e4tzlichen Vorteile sich f\u00fcr Ihre Zertifizierung ergeben.<\/p>\n<hr data-start=\"443\" data-end=\"446\" \/>\n<h3>DGNB System f\u00fcr biodiversit\u00e4tsf\u00f6rdernde Au\u00dfenr\u00e4ume<\/h3>\n<p data-start=\"97\" data-end=\"646\">Mit diesem System bewertet die DGNB wie Au\u00dfenfl\u00e4chen an Geb\u00e4uden und in Quartieren zur F\u00f6rderung der Artenvielfalt beitragen. Im Mittelpunkt stehen \u00f6kologische Qualit\u00e4t, naturnahe Gestaltung und langfristige Pflege. Zertifiziert werden k\u00f6nnen sowohl neue als auch bestehende Fl\u00e4chen \u2013 von Gr\u00fcnanlagen \u00fcber D\u00e4cher bis zu Fassaden. Die Zertifizierung schafft Transparenz, sichert \u00f6kologische Mehrwerte und bietet Vorteile f\u00fcr Nachhaltigkeitsberichte sowie k\u00fcnftige ESG-Anforderungen. Mehr zum System erfahren Sie <a href=\"https:\/\/www.dgnb.de\/de\/zertifizierung\/quartiere\/biodiversitaetsfoerdernde-aussenraeume\">hier<\/a>.<\/p>\n<p data-start=\"97\" data-end=\"646\">\n<h3>Unsere Leistungen f\u00fcr Sie<\/h3>\n<ul>\n<li>Best\u00e4tigung der fach- und anforderungsgerechten Umsetzung der Ma\u00dfnahmen zur St\u00e4rkung der Biodiversit\u00e4t an Geb\u00e4uden f\u00fcr das KfW-Umweltprogramm (240, 241).<\/li>\n<li>Konzeption und Umsetzung einer Biodiversit\u00e4tsstrategie.<\/li>\n<li>Identifikation von Potenzialen im Bereich Biodiversit\u00e4t f\u00fcr zus\u00e4tzliche Zertifizierungspunkte (DGNB, BREEAM).<\/li>\n<li>praktische L\u00f6sungsans\u00e4tze zur Biodiversit\u00e4tsf\u00f6rderung.<\/li>\n<\/ul>\n<p>Unser <a href=\"https:\/\/hoinka.com\/julian-weinmann-ist-dgnb-biodiversitaetsmanager\/\">Biodiversit\u00e4tsmanager Julian Weinmann<\/a> begleitet Ihre Projekte im Rahmen der <strong>DGNB Zertifizierung f\u00fcr biodiversit\u00e4tsf\u00f6rdernde Au\u00dfenr\u00e4ume<\/strong> und unterst\u00fctzt Sie auch dar\u00fcberhinaus als Experte f\u00fcr Biodiversit\u00e4t bei Ihrer Projektplanung.<\/p>\n<p><span style=\"font-weight: 400;\">Kontaktieren Sie uns \u2013 wir beraten Sie gerne pers\u00f6nlich.<\/span><\/p>\n<p class=\"buttonpopup\" style=\"text-align: center;\">\t<a class=\"paoc-popup-click paoc-popup-cust-6251 paoc-popup-button paoc-popup-btn \" href=\"javascript:void(0);\">Angebot anfordern<\/a>\r\n\n<p style=\"text-align: center;\">Phone <a class=\"\" href=\"tel:+49%20711%2062049-340\">+49 711 62049-340<\/a><br \/>\nEmail <a class=\"\" href=\"mailto:info@hoinka.com\">info@hoinka.com<\/a><\/p>\n","protected":false},"excerpt":{"rendered":"<p>Biodiversity in construction We support you in implementing ecological requirements for your construction project. Biodiversit\u00e4t ist Grundvoraussetzung f\u00fcr nachhaltiges Bauen Au\u00dfenfl\u00e4chen haben ein riesiges Potential, etwas f\u00fcr die Artenvielfalt und f\u00fcr die menschliche Lebensqualit\u00e4t beizutragen. Im Bauwesen bedeutet das: D\u00e4cher, Fassaden und Freifl\u00e4chen k\u00f6nnen weit mehr sein als funktionale Fl\u00e4chen \u2013 sie werden zu wertvollen &hellip;<\/p>\n","protected":false},"author":2,"featured_media":14222,"parent":426,"menu_order":100,"comment_status":"closed","ping_status":"closed","template":"sections.php","meta":{"_acf_changed":false,"_genesis_hide_title":false,"_genesis_hide_breadcrumbs":false,"_genesis_hide_singular_image":false,"_genesis_hide_footer_widgets":false,"_genesis_custom_body_class":"","_genesis_custom_post_class":"","_genesis_layout":"","footnotes":"","_links_to":"","_links_to_target":""},"class_list":{"0":"post-14179","1":"page","2":"type-page","3":"status-publish","4":"has-post-thumbnail","6":"entry"},"acf":[],"yoast_head":"<!-- This site is optimized with the Yoast SEO plugin v27.0 - https:\/\/yoast.com\/product\/yoast-seo-wordpress\/ -->\n<title>Biodiversity in building certification (DGNB, BREEAM)<\/title>\n<meta name=\"description\" content=\"More DGNB\/BREEAM points by implementing biodiversity measures! We are happy to advise you!\" \/>\n<meta name=\"robots\" content=\"index, follow, max-snippet:-1, max-image-preview:large, max-video-preview:-1\" \/>\n<link rel=\"canonical\" href=\"https:\/\/hoinka.com\/en\/leistungen\/biodiversity\/\" \/>\n<meta property=\"og:locale\" content=\"en_US\" \/>\n<meta property=\"og:type\" content=\"article\" \/>\n<meta property=\"og:title\" content=\"Biodiversity in building certification (DGNB, BREEAM)\" \/>\n<meta property=\"og:description\" content=\"More DGNB\/BREEAM points by implementing biodiversity measures! We are happy to advise you!\" \/>\n<meta property=\"og:url\" content=\"https:\/\/hoinka.com\/en\/leistungen\/biodiversity\/\" \/>\n<meta property=\"og:site_name\" content=\"HOINKA\" \/>\n<meta property=\"article:publisher\" content=\"https:\/\/de-de.facebook.com\/pages\/category\/Consulting-Agency\/HOINKA-GmbH-202893899755765\/\" \/>\n<meta property=\"article:modified_time\" content=\"2025-11-20T07:55:00+00:00\" \/>\n<meta property=\"og:image\" content=\"https:\/\/hoinka.com\/wp-content\/uploads\/Corporate-Sustainability-Reporting-Directive-2-2.png\" \/>\n\t<meta property=\"og:image:width\" content=\"720\" \/>\n\t<meta property=\"og:image:height\" content=\"720\" \/>\n\t<meta property=\"og:image:type\" content=\"image\/png\" \/>\n<meta name=\"twitter:card\" content=\"summary_large_image\" \/>\n<meta name=\"twitter:label1\" content=\"Est. reading time\" \/>\n\t<meta name=\"twitter:data1\" content=\"3 minutes\" \/>\n<script type=\"application\/ld+json\" class=\"yoast-schema-graph\">{\"@context\":\"https:\/\/schema.org\",\"@graph\":[{\"@type\":\"WebPage\",\"@id\":\"https:\/\/hoinka.com\/en\/leistungen\/biodiversity\/\",\"url\":\"https:\/\/hoinka.com\/en\/leistungen\/biodiversity\/\",\"name\":\"Biodiversity in building certification (DGNB, BREEAM)\",\"isPartOf\":{\"@id\":\"https:\/\/hoinka.com\/en\/#website\"},\"primaryImageOfPage\":{\"@id\":\"https:\/\/hoinka.com\/en\/leistungen\/biodiversity\/#primaryimage\"},\"image\":{\"@id\":\"https:\/\/hoinka.com\/en\/leistungen\/biodiversity\/#primaryimage\"},\"thumbnailUrl\":\"https:\/\/hoinka.com\/wp-content\/uploads\/Corporate-Sustainability-Reporting-Directive-2-2.png\",\"datePublished\":\"2025-09-17T11:45:30+00:00\",\"dateModified\":\"2025-11-20T07:55:00+00:00\",\"description\":\"More DGNB\/BREEAM points by implementing biodiversity measures! We are happy to advise you!\",\"breadcrumb\":{\"@id\":\"https:\/\/hoinka.com\/en\/leistungen\/biodiversity\/#breadcrumb\"},\"inLanguage\":\"en-US\",\"potentialAction\":[{\"@type\":\"ReadAction\",\"target\":[\"https:\/\/hoinka.com\/en\/leistungen\/biodiversity\/\"]}]},{\"@type\":\"ImageObject\",\"inLanguage\":\"en-US\",\"@id\":\"https:\/\/hoinka.com\/en\/leistungen\/biodiversity\/#primaryimage\",\"url\":\"https:\/\/hoinka.com\/wp-content\/uploads\/Corporate-Sustainability-Reporting-Directive-2-2.png\",\"contentUrl\":\"https:\/\/hoinka.com\/wp-content\/uploads\/Corporate-Sustainability-Reporting-Directive-2-2.png\",\"width\":720,\"height\":720,\"caption\":\"Logo zum Thema Biodiversit\u00e4t im Bauwesen mit Symbolen f\u00fcr Artenvielfalt, genetische Vielfalt und Vielfalt der \u00d6kosysteme.\"},{\"@type\":\"BreadcrumbList\",\"@id\":\"https:\/\/hoinka.com\/en\/leistungen\/biodiversity\/#breadcrumb\",\"itemListElement\":[{\"@type\":\"ListItem\",\"position\":1,\"name\":\"Home\",\"item\":\"https:\/\/hoinka.com\/en\/\"},{\"@type\":\"ListItem\",\"position\":2,\"name\":\"Services\",\"item\":\"https:\/\/hoinka.com\/en\/leistungen\/\"},{\"@type\":\"ListItem\",\"position\":3,\"name\":\"Biodiversity\"}]},{\"@type\":\"WebSite\",\"@id\":\"https:\/\/hoinka.com\/en\/#website\",\"url\":\"https:\/\/hoinka.com\/en\/\",\"name\":\"HOINKA\",\"description\":\"Sustainable Planning - Green Building\",\"publisher\":{\"@id\":\"https:\/\/hoinka.com\/en\/#organization\"},\"potentialAction\":[{\"@type\":\"SearchAction\",\"target\":{\"@type\":\"EntryPoint\",\"urlTemplate\":\"https:\/\/hoinka.com\/en\/?s={search_term_string}\"},\"query-input\":{\"@type\":\"PropertyValueSpecification\",\"valueRequired\":true,\"valueName\":\"search_term_string\"}}],\"inLanguage\":\"en-US\"},{\"@type\":\"Organization\",\"@id\":\"https:\/\/hoinka.com\/en\/#organization\",\"name\":\"HOINKA\",\"url\":\"https:\/\/hoinka.com\/en\/\",\"logo\":{\"@type\":\"ImageObject\",\"inLanguage\":\"en-US\",\"@id\":\"https:\/\/hoinka.com\/en\/#\/schema\/logo\/image\/\",\"url\":\"https:\/\/hoinka.com\/wp-content\/uploads\/logo_hoinka_sm.jpg\",\"contentUrl\":\"https:\/\/hoinka.com\/wp-content\/uploads\/logo_hoinka_sm.jpg\",\"width\":450,\"height\":92,\"caption\":\"HOINKA\"},\"image\":{\"@id\":\"https:\/\/hoinka.com\/en\/#\/schema\/logo\/image\/\"},\"sameAs\":[\"https:\/\/de-de.facebook.com\/pages\/category\/Consulting-Agency\/HOINKA-GmbH-202893899755765\/\",\"https:\/\/www.linkedin.com\/company\/hoinka-gmbh?originalSubdomain=de\"]}]}<\/script>\n<!-- \/ Yoast SEO plugin. -->","yoast_head_json":{"title":"Biodiversity in building certification (DGNB, BREEAM)","description":"More DGNB\/BREEAM points by implementing biodiversity measures! We are happy to advise you!","robots":{"index":"index","follow":"follow","max-snippet":"max-snippet:-1","max-image-preview":"max-image-preview:large","max-video-preview":"max-video-preview:-1"},"canonical":"https:\/\/hoinka.com\/en\/leistungen\/biodiversity\/","og_locale":"en_US","og_type":"article","og_title":"Biodiversity in building certification (DGNB, BREEAM)","og_description":"More DGNB\/BREEAM points by implementing biodiversity measures! We are happy to advise you!","og_url":"https:\/\/hoinka.com\/en\/leistungen\/biodiversity\/","og_site_name":"HOINKA","article_publisher":"https:\/\/de-de.facebook.com\/pages\/category\/Consulting-Agency\/HOINKA-GmbH-202893899755765\/","article_modified_time":"2025-11-20T07:55:00+00:00","og_image":[{"width":720,"height":720,"url":"https:\/\/hoinka.com\/wp-content\/uploads\/Corporate-Sustainability-Reporting-Directive-2-2.png","type":"image\/png"}],"twitter_card":"summary_large_image","twitter_misc":{"Est. reading time":"3 minutes"},"schema":{"@context":"https:\/\/schema.org","@graph":[{"@type":"WebPage","@id":"https:\/\/hoinka.com\/en\/leistungen\/biodiversity\/","url":"https:\/\/hoinka.com\/en\/leistungen\/biodiversity\/","name":"Biodiversity in building certification (DGNB, BREEAM)","isPartOf":{"@id":"https:\/\/hoinka.com\/en\/#website"},"primaryImageOfPage":{"@id":"https:\/\/hoinka.com\/en\/leistungen\/biodiversity\/#primaryimage"},"image":{"@id":"https:\/\/hoinka.com\/en\/leistungen\/biodiversity\/#primaryimage"},"thumbnailUrl":"https:\/\/hoinka.com\/wp-content\/uploads\/Corporate-Sustainability-Reporting-Directive-2-2.png","datePublished":"2025-09-17T11:45:30+00:00","dateModified":"2025-11-20T07:55:00+00:00","description":"More DGNB\/BREEAM points by implementing biodiversity measures! We are happy to advise you!","breadcrumb":{"@id":"https:\/\/hoinka.com\/en\/leistungen\/biodiversity\/#breadcrumb"},"inLanguage":"en-US","potentialAction":[{"@type":"ReadAction","target":["https:\/\/hoinka.com\/en\/leistungen\/biodiversity\/"]}]},{"@type":"ImageObject","inLanguage":"en-US","@id":"https:\/\/hoinka.com\/en\/leistungen\/biodiversity\/#primaryimage","url":"https:\/\/hoinka.com\/wp-content\/uploads\/Corporate-Sustainability-Reporting-Directive-2-2.png","contentUrl":"https:\/\/hoinka.com\/wp-content\/uploads\/Corporate-Sustainability-Reporting-Directive-2-2.png","width":720,"height":720,"caption":"Logo zum Thema Biodiversit\u00e4t im Bauwesen mit Symbolen f\u00fcr Artenvielfalt, genetische Vielfalt und Vielfalt der \u00d6kosysteme."},{"@type":"BreadcrumbList","@id":"https:\/\/hoinka.com\/en\/leistungen\/biodiversity\/#breadcrumb","itemListElement":[{"@type":"ListItem","position":1,"name":"Home","item":"https:\/\/hoinka.com\/en\/"},{"@type":"ListItem","position":2,"name":"Services","item":"https:\/\/hoinka.com\/en\/leistungen\/"},{"@type":"ListItem","position":3,"name":"Biodiversity"}]},{"@type":"WebSite","@id":"https:\/\/hoinka.com\/en\/#website","url":"https:\/\/hoinka.com\/en\/","name":"HOINKA","description":"Sustainable Planning - Green Building","publisher":{"@id":"https:\/\/hoinka.com\/en\/#organization"},"potentialAction":[{"@type":"SearchAction","target":{"@type":"EntryPoint","urlTemplate":"https:\/\/hoinka.com\/en\/?s={search_term_string}"},"query-input":{"@type":"PropertyValueSpecification","valueRequired":true,"valueName":"search_term_string"}}],"inLanguage":"en-US"},{"@type":"Organization","@id":"https:\/\/hoinka.com\/en\/#organization","name":"HOINKA","url":"https:\/\/hoinka.com\/en\/","logo":{"@type":"ImageObject","inLanguage":"en-US","@id":"https:\/\/hoinka.com\/en\/#\/schema\/logo\/image\/","url":"https:\/\/hoinka.com\/wp-content\/uploads\/logo_hoinka_sm.jpg","contentUrl":"https:\/\/hoinka.com\/wp-content\/uploads\/logo_hoinka_sm.jpg","width":450,"height":92,"caption":"HOINKA"},"image":{"@id":"https:\/\/hoinka.com\/en\/#\/schema\/logo\/image\/"},"sameAs":["https:\/\/de-de.facebook.com\/pages\/category\/Consulting-Agency\/HOINKA-GmbH-202893899755765\/","https:\/\/www.linkedin.com\/company\/hoinka-gmbh?originalSubdomain=de"]}]}},"_links":{"self":[{"href":"https:\/\/hoinka.com\/en\/wp-json\/wp\/v2\/pages\/14179","targetHints":{"allow":["GET"]}}],"collection":[{"href":"https:\/\/hoinka.com\/en\/wp-json\/wp\/v2\/pages"}],"about":[{"href":"https:\/\/hoinka.com\/en\/wp-json\/wp\/v2\/types\/page"}],"author":[{"embeddable":true,"href":"https:\/\/hoinka.com\/en\/wp-json\/wp\/v2\/users\/2"}],"replies":[{"embeddable":true,"href":"https:\/\/hoinka.com\/en\/wp-json\/wp\/v2\/comments?post=14179"}],"version-history":[{"count":14,"href":"https:\/\/hoinka.com\/en\/wp-json\/wp\/v2\/pages\/14179\/revisions"}],"predecessor-version":[{"id":15075,"href":"https:\/\/hoinka.com\/en\/wp-json\/wp\/v2\/pages\/14179\/revisions\/15075"}],"up":[{"embeddable":true,"href":"https:\/\/hoinka.com\/en\/wp-json\/wp\/v2\/pages\/426"}],"wp:featuredmedia":[{"embeddable":true,"href":"https:\/\/hoinka.com\/en\/wp-json\/wp\/v2\/media\/14222"}],"wp:attachment":[{"href":"https:\/\/hoinka.com\/en\/wp-json\/wp\/v2\/media?parent=14179"}],"curies":[{"name":"wp","href":"https:\/\/api.w.org\/{rel}","templated":true}]}}