{"id":12477,"date":"2025-03-20T10:18:06","date_gmt":"2025-03-20T09:18:06","guid":{"rendered":"https:\/\/dev.hoinka.com\/?page_id=12477"},"modified":"2025-12-11T11:10:01","modified_gmt":"2025-12-11T10:10:01","slug":"building-resource-passport","status":"publish","type":"page","link":"https:\/\/hoinka.com\/en\/building-certification\/building-resource-passport\/","title":{"rendered":"Building resource passport"},"content":{"rendered":"<h1 data-start=\"112\" data-end=\"153\">Der Geb\u00e4uderessourcenpass der DGNB:<\/h1>\n<p data-start=\"154\" data-end=\"229\">Ein Dokument, das den gesamten Lebenszyklus eines Geb\u00e4udes erfasst und dessen Ressourcen nachvollziehbar darstellt.<\/p>\n\t<a class=\"paoc-popup-click paoc-popup-cust-6225 paoc-popup-button paoc-popup-btn \" href=\"javascript:void(0);\">Kontaktieren Sie uns<\/a>\r\n\n<h2>Der Geb\u00e4uderessourcenpass der DGNB:<br \/>\nUmfassende Dokumentation f\u00fcr den gesamten Lebenszyklus eines Geb\u00e4udes<\/h2>\n<p data-start=\"231\" data-end=\"778\">Das Konzept des zirkul\u00e4ren Bauens zielt darauf ab, Geb\u00e4ude ressourcenschonend und nachhaltig zu gestalten. Dabei stehen die Wiederverwendung vorhandener Materialien, die Reduzierung des Materialeinsatzes und die Minimierung der Umweltbelastung im Mittelpunkt. Um beurteilen zu k\u00f6nnen, inwieweit Geb\u00e4ude zu einer funktionierenden Kreislaufwirtschaft beitragen, wie lange sie genutzt und angepasst werden k\u00f6nnen und ob eine sp\u00e4tere Demontage, Trennung und Wiederverwertung der Materialien m\u00f6glich ist, sind verl\u00e4ssliche Informationen erforderlich.<\/p>\n<p data-start=\"780\" data-end=\"1475\">Der Geb\u00e4uderessourcenpass der DGNB stellt genau diese Datengrundlage bereit. Er dient als zentrales Dokumentationsinstrument \u00fcber s\u00e4mtliche Lebenszyklusphasen eines Bauwerks hinweg und schafft Transparenz hinsichtlich der verwendeten Materialien, der damit verbundenen Treibhausgasemissionen sowie der Wiederverwertbarkeit von Ressourcen. Zudem ist er mit g\u00e4ngigen digitalen Tools kompatibel. Der Pass ist als Vorlage zur Dokumentation gedacht, jedoch nicht standardisiert anerkannt. Dennoch empfiehlt sich seine Nutzung insbesondere bei der DGNB-Zertifizierung f\u00fcr Neubauten nach der Version 2023, da er eine erleichterte Datenoffenlegung erm\u00f6glicht und den Pr\u00fcfprozess effizienter gestaltet.<\/p>\n<h3 data-start=\"1477\" data-end=\"1506\">Konzept und Zielsetzung<\/h3>\n<p data-start=\"1507\" data-end=\"1861\">Die Grundidee des Geb\u00e4uderessourcenpasses orientiert sich am bekannten Energieausweis. F\u00fcr jedes Geb\u00e4ude werden relevante Informationen zu Ressourcennutzung, Klimabilanz und Kreislauff\u00e4higkeit erfasst. Diese Daten bilden die Grundlage f\u00fcr die Entwicklung urbaner Rohstofflager, zirkul\u00e4re Sanierungen und Neubauprojekte sowie einen nachhaltigen R\u00fcckbau.<\/p>\n<p data-start=\"1863\" data-end=\"2317\">Langfristig tr\u00e4gt der Pass dazu bei, eine funktionierende Kreislaufwirtschaft im Bauwesen zu etablieren. Er erm\u00f6glicht eine optimale Abstimmung aller Lebenszyklusphasen \u2013 von der Planung \u00fcber die Nutzung bis hin zur Wiederverwertung. Dabei spielt die vollst\u00e4ndige Transparenz \u00fcber eingesetzte Materialien, deren Wert und Besitzverh\u00e4ltnisse eine zentrale Rolle. Dies er\u00f6ffnet neue wirtschaftliche M\u00f6glichkeiten und unterst\u00fctzt eine nachhaltige Bauweise.<\/p>\n<p data-start=\"2319\" data-end=\"2456\">Dar\u00fcber hinaus kann der Geb\u00e4uderessourcenpass zur Erstellung einer \u00fcbergreifenden Zirkularit\u00e4tsbewertung eines Geb\u00e4udes genutzt werden.<\/p>\n<figure id=\"attachment_14079\" aria-describedby=\"caption-attachment-14079\" style=\"width: 1920px\" class=\"wp-caption alignleft\"><img loading=\"lazy\" decoding=\"async\" class=\"wp-image-14079 size-full\" src=\"https:\/\/hoinka.com\/wp-content\/uploads\/Zirkulaeres-Bauen-und-Ressourcenschonung.-1.png\" alt=\"Die Komponenten eines Geb\u00e4uderessourcenpasses: zirkul\u00e4res Bauen, Ressourcenschonung, Dokumentation der Treibhausgasemissionen, Klimabilanz, Wiederverwertung, Materialtrennung und urbane Rohstofflager\" width=\"1920\" height=\"1080\" srcset=\"https:\/\/hoinka.com\/wp-content\/uploads\/Zirkulaeres-Bauen-und-Ressourcenschonung.-1.png 1920w, https:\/\/hoinka.com\/wp-content\/uploads\/Zirkulaeres-Bauen-und-Ressourcenschonung.-1-300x169.png 300w, https:\/\/hoinka.com\/wp-content\/uploads\/Zirkulaeres-Bauen-und-Ressourcenschonung.-1-1024x576.png 1024w, https:\/\/hoinka.com\/wp-content\/uploads\/Zirkulaeres-Bauen-und-Ressourcenschonung.-1-768x432.png 768w, https:\/\/hoinka.com\/wp-content\/uploads\/Zirkulaeres-Bauen-und-Ressourcenschonung.-1-1536x864.png 1536w, https:\/\/hoinka.com\/wp-content\/uploads\/Zirkulaeres-Bauen-und-Ressourcenschonung.-1-1600x900.png 1600w\" sizes=\"auto, (max-width: 1920px) 100vw, 1920px\" \/><figcaption id=\"caption-attachment-14079\" class=\"wp-caption-text\">Der Geb\u00e4uderessourcenpass schafft Transparenz \u00fcber Materialeinsatz, CO\u2082-Bilanz und Recyclingpotenziale von Geb\u00e4uden. So wird eine nachhaltige, kreislauff\u00e4hige Bauweise \u00fcber den gesamten Lebenszyklus hinweg unterst\u00fctzt.<\/figcaption><\/figure>\n<h3 data-start=\"2458\" data-end=\"2497\">Vorteile f\u00fcr verschiedene Akteure<\/h3>\n<p data-start=\"2498\" data-end=\"2774\">Sowohl Eigent\u00fcmer von Neubauten als auch Bestandsgeb\u00e4uden profitieren von einer detaillierten \u00dcbersicht \u00fcber die verbauten Materialien und potenziell enthaltene Schadstoffe. Zudem liefert der Pass Informationen \u00fcber wertvolle Ressourcen, die in einem Geb\u00e4ude vorhanden sind.<\/p>\n<p data-start=\"2776\" data-end=\"3050\">F\u00fcr Planer bietet das Dokument eine wertvolle Datengrundlage, insbesondere wenn zus\u00e4tzliche Detailbl\u00e4tter hinzugef\u00fcgt werden. Diese erm\u00f6glichen tiefere Analysen, eine fundierte Beratung f\u00fcr Bauherren und die Identifikation ressourcenschonender, kreislauff\u00e4higer Bauweisen.<\/p>\n<p>Sie haben Fragen zum Geb\u00e4uderessourcenpass oder ben\u00f6tigen Unterst\u00fctzung bei der Umsetzung der DGNB Anforderungen? Wenden Sie sich an uns!<\/p>\n<h2>FAQ zum Geb\u00e4uderessourcenpass<\/h2>\n\n<p class=\"buttonpopup\" style=\"text-align: center;\">\t<a class=\"paoc-popup-click paoc-popup-cust-6251 paoc-popup-button paoc-popup-btn \" href=\"javascript:void(0);\">Angebot anfordern<\/a>\r\n\n<p style=\"text-align: center;\">Telefon\u00a0\u00a0<a class=\"\" href=\"tel:+49 711 62049-340\">+49 711 62049-340<\/a><br \/>\nEmail <a class=\"\" href=\"mailto:info@hoinka.com\">info@hoinka.com<\/a><\/p>\n","protected":false},"excerpt":{"rendered":"<p>Der Geb\u00e4uderessourcenpass der DGNB: Ein Dokument, das den gesamten Lebenszyklus eines Geb\u00e4udes erfasst und dessen Ressourcen nachvollziehbar darstellt. Der Geb\u00e4uderessourcenpass der DGNB: Umfassende Dokumentation f\u00fcr den gesamten Lebenszyklus eines Geb\u00e4udes Das Konzept des zirkul\u00e4ren Bauens zielt darauf ab, Geb\u00e4ude ressourcenschonend und nachhaltig zu gestalten. Dabei stehen die Wiederverwendung vorhandener Materialien, die Reduzierung des Materialeinsatzes und &hellip;<\/p>\n","protected":false},"author":10,"featured_media":15313,"parent":7146,"menu_order":14,"comment_status":"closed","ping_status":"closed","template":"sections.php","meta":{"_acf_changed":false,"_genesis_hide_title":false,"_genesis_hide_breadcrumbs":false,"_genesis_hide_singular_image":false,"_genesis_hide_footer_widgets":false,"_genesis_custom_body_class":"","_genesis_custom_post_class":"","_genesis_layout":"","footnotes":"","_links_to":"","_links_to_target":""},"class_list":{"0":"post-12477","1":"page","2":"type-page","3":"status-publish","4":"has-post-thumbnail","6":"entry"},"acf":[],"yoast_head":"<!-- This site is optimized with the Yoast SEO plugin v27.0 - https:\/\/yoast.com\/product\/yoast-seo-wordpress\/ -->\n<title>DGNB - Building Resource Passport &#8211; HOINKA<\/title>\n<meta name=\"description\" content=\"The DGNB Building Resource Passport records materials, emissions and recyclability for sustainable construction.\" \/>\n<meta name=\"robots\" content=\"index, follow, max-snippet:-1, max-image-preview:large, max-video-preview:-1\" \/>\n<link rel=\"canonical\" href=\"https:\/\/hoinka.com\/en\/building-certification\/building-resource-passport\/\" \/>\n<meta property=\"og:locale\" content=\"en_US\" \/>\n<meta property=\"og:type\" content=\"article\" \/>\n<meta property=\"og:title\" content=\"DGNB - Building Resource Passport &#8211; HOINKA\" \/>\n<meta property=\"og:description\" content=\"The DGNB Building Resource Passport records materials, emissions and recyclability for sustainable construction.\" \/>\n<meta property=\"og:url\" content=\"https:\/\/hoinka.com\/en\/building-certification\/building-resource-passport\/\" \/>\n<meta property=\"og:site_name\" content=\"HOINKA\" \/>\n<meta property=\"article:publisher\" content=\"https:\/\/de-de.facebook.com\/pages\/category\/Consulting-Agency\/HOINKA-GmbH-202893899755765\/\" \/>\n<meta property=\"article:modified_time\" content=\"2025-12-11T10:10:01+00:00\" \/>\n<meta property=\"og:image\" content=\"https:\/\/hoinka.com\/wp-content\/uploads\/DGNB-Logo.png\" \/>\n\t<meta property=\"og:image:width\" content=\"720\" \/>\n\t<meta property=\"og:image:height\" content=\"720\" \/>\n\t<meta property=\"og:image:type\" content=\"image\/png\" \/>\n<meta name=\"twitter:card\" content=\"summary_large_image\" \/>\n<meta name=\"twitter:label1\" content=\"Est. reading time\" \/>\n\t<meta name=\"twitter:data1\" content=\"2 minutes\" \/>\n<script type=\"application\/ld+json\" class=\"yoast-schema-graph\">{\"@context\":\"https:\/\/schema.org\",\"@graph\":[{\"@type\":\"WebPage\",\"@id\":\"https:\/\/hoinka.com\/en\/building-certification\/building-resource-passport\/\",\"url\":\"https:\/\/hoinka.com\/en\/building-certification\/building-resource-passport\/\",\"name\":\"DGNB - Building Resource Passport &#8211; HOINKA\",\"isPartOf\":{\"@id\":\"https:\/\/hoinka.com\/en\/#website\"},\"primaryImageOfPage\":{\"@id\":\"https:\/\/hoinka.com\/en\/building-certification\/building-resource-passport\/#primaryimage\"},\"image\":{\"@id\":\"https:\/\/hoinka.com\/en\/building-certification\/building-resource-passport\/#primaryimage\"},\"thumbnailUrl\":\"https:\/\/hoinka.com\/wp-content\/uploads\/DGNB-Logo.png\",\"datePublished\":\"2025-03-20T09:18:06+00:00\",\"dateModified\":\"2025-12-11T10:10:01+00:00\",\"description\":\"The DGNB Building Resource Passport records materials, emissions and recyclability for sustainable construction.\",\"breadcrumb\":{\"@id\":\"https:\/\/hoinka.com\/en\/building-certification\/building-resource-passport\/#breadcrumb\"},\"inLanguage\":\"en-US\",\"potentialAction\":[{\"@type\":\"ReadAction\",\"target\":[\"https:\/\/hoinka.com\/en\/building-certification\/building-resource-passport\/\"]}]},{\"@type\":\"ImageObject\",\"inLanguage\":\"en-US\",\"@id\":\"https:\/\/hoinka.com\/en\/building-certification\/building-resource-passport\/#primaryimage\",\"url\":\"https:\/\/hoinka.com\/wp-content\/uploads\/DGNB-Logo.png\",\"contentUrl\":\"https:\/\/hoinka.com\/wp-content\/uploads\/DGNB-Logo.png\",\"width\":720,\"height\":720,\"caption\":\"Die DGNB-Deutsche-Gesellschaft-f\u00fcr-Nachhaltiges-Bauen-Auditor-Zertifizierung\"},{\"@type\":\"BreadcrumbList\",\"@id\":\"https:\/\/hoinka.com\/en\/building-certification\/building-resource-passport\/#breadcrumb\",\"itemListElement\":[{\"@type\":\"ListItem\",\"position\":1,\"name\":\"Home\",\"item\":\"https:\/\/hoinka.com\/en\/\"},{\"@type\":\"ListItem\",\"position\":2,\"name\":\"Building certification\",\"item\":\"https:\/\/hoinka.com\/en\/building-certification\/\"},{\"@type\":\"ListItem\",\"position\":3,\"name\":\"Building resource passport\"}]},{\"@type\":\"WebSite\",\"@id\":\"https:\/\/hoinka.com\/en\/#website\",\"url\":\"https:\/\/hoinka.com\/en\/\",\"name\":\"HOINKA\",\"description\":\"Sustainable Planning - Green Building\",\"publisher\":{\"@id\":\"https:\/\/hoinka.com\/en\/#organization\"},\"potentialAction\":[{\"@type\":\"SearchAction\",\"target\":{\"@type\":\"EntryPoint\",\"urlTemplate\":\"https:\/\/hoinka.com\/en\/?s={search_term_string}\"},\"query-input\":{\"@type\":\"PropertyValueSpecification\",\"valueRequired\":true,\"valueName\":\"search_term_string\"}}],\"inLanguage\":\"en-US\"},{\"@type\":\"Organization\",\"@id\":\"https:\/\/hoinka.com\/en\/#organization\",\"name\":\"HOINKA\",\"url\":\"https:\/\/hoinka.com\/en\/\",\"logo\":{\"@type\":\"ImageObject\",\"inLanguage\":\"en-US\",\"@id\":\"https:\/\/hoinka.com\/en\/#\/schema\/logo\/image\/\",\"url\":\"https:\/\/hoinka.com\/wp-content\/uploads\/logo_hoinka_sm.jpg\",\"contentUrl\":\"https:\/\/hoinka.com\/wp-content\/uploads\/logo_hoinka_sm.jpg\",\"width\":450,\"height\":92,\"caption\":\"HOINKA\"},\"image\":{\"@id\":\"https:\/\/hoinka.com\/en\/#\/schema\/logo\/image\/\"},\"sameAs\":[\"https:\/\/de-de.facebook.com\/pages\/category\/Consulting-Agency\/HOINKA-GmbH-202893899755765\/\",\"https:\/\/www.linkedin.com\/company\/hoinka-gmbh?originalSubdomain=de\"]}]}<\/script>\n<!-- \/ Yoast SEO plugin. -->","yoast_head_json":{"title":"DGNB - Building Resource Passport &#8211; HOINKA","description":"The DGNB Building Resource Passport records materials, emissions and recyclability for sustainable construction.","robots":{"index":"index","follow":"follow","max-snippet":"max-snippet:-1","max-image-preview":"max-image-preview:large","max-video-preview":"max-video-preview:-1"},"canonical":"https:\/\/hoinka.com\/en\/building-certification\/building-resource-passport\/","og_locale":"en_US","og_type":"article","og_title":"DGNB - Building Resource Passport &#8211; HOINKA","og_description":"The DGNB Building Resource Passport records materials, emissions and recyclability for sustainable construction.","og_url":"https:\/\/hoinka.com\/en\/building-certification\/building-resource-passport\/","og_site_name":"HOINKA","article_publisher":"https:\/\/de-de.facebook.com\/pages\/category\/Consulting-Agency\/HOINKA-GmbH-202893899755765\/","article_modified_time":"2025-12-11T10:10:01+00:00","og_image":[{"width":720,"height":720,"url":"https:\/\/hoinka.com\/wp-content\/uploads\/DGNB-Logo.png","type":"image\/png"}],"twitter_card":"summary_large_image","twitter_misc":{"Est. reading time":"2 minutes"},"schema":{"@context":"https:\/\/schema.org","@graph":[{"@type":"WebPage","@id":"https:\/\/hoinka.com\/en\/building-certification\/building-resource-passport\/","url":"https:\/\/hoinka.com\/en\/building-certification\/building-resource-passport\/","name":"DGNB - Building Resource Passport &#8211; HOINKA","isPartOf":{"@id":"https:\/\/hoinka.com\/en\/#website"},"primaryImageOfPage":{"@id":"https:\/\/hoinka.com\/en\/building-certification\/building-resource-passport\/#primaryimage"},"image":{"@id":"https:\/\/hoinka.com\/en\/building-certification\/building-resource-passport\/#primaryimage"},"thumbnailUrl":"https:\/\/hoinka.com\/wp-content\/uploads\/DGNB-Logo.png","datePublished":"2025-03-20T09:18:06+00:00","dateModified":"2025-12-11T10:10:01+00:00","description":"The DGNB Building Resource Passport records materials, emissions and recyclability for sustainable construction.","breadcrumb":{"@id":"https:\/\/hoinka.com\/en\/building-certification\/building-resource-passport\/#breadcrumb"},"inLanguage":"en-US","potentialAction":[{"@type":"ReadAction","target":["https:\/\/hoinka.com\/en\/building-certification\/building-resource-passport\/"]}]},{"@type":"ImageObject","inLanguage":"en-US","@id":"https:\/\/hoinka.com\/en\/building-certification\/building-resource-passport\/#primaryimage","url":"https:\/\/hoinka.com\/wp-content\/uploads\/DGNB-Logo.png","contentUrl":"https:\/\/hoinka.com\/wp-content\/uploads\/DGNB-Logo.png","width":720,"height":720,"caption":"Die DGNB-Deutsche-Gesellschaft-f\u00fcr-Nachhaltiges-Bauen-Auditor-Zertifizierung"},{"@type":"BreadcrumbList","@id":"https:\/\/hoinka.com\/en\/building-certification\/building-resource-passport\/#breadcrumb","itemListElement":[{"@type":"ListItem","position":1,"name":"Home","item":"https:\/\/hoinka.com\/en\/"},{"@type":"ListItem","position":2,"name":"Building certification","item":"https:\/\/hoinka.com\/en\/building-certification\/"},{"@type":"ListItem","position":3,"name":"Building resource passport"}]},{"@type":"WebSite","@id":"https:\/\/hoinka.com\/en\/#website","url":"https:\/\/hoinka.com\/en\/","name":"HOINKA","description":"Sustainable Planning - Green Building","publisher":{"@id":"https:\/\/hoinka.com\/en\/#organization"},"potentialAction":[{"@type":"SearchAction","target":{"@type":"EntryPoint","urlTemplate":"https:\/\/hoinka.com\/en\/?s={search_term_string}"},"query-input":{"@type":"PropertyValueSpecification","valueRequired":true,"valueName":"search_term_string"}}],"inLanguage":"en-US"},{"@type":"Organization","@id":"https:\/\/hoinka.com\/en\/#organization","name":"HOINKA","url":"https:\/\/hoinka.com\/en\/","logo":{"@type":"ImageObject","inLanguage":"en-US","@id":"https:\/\/hoinka.com\/en\/#\/schema\/logo\/image\/","url":"https:\/\/hoinka.com\/wp-content\/uploads\/logo_hoinka_sm.jpg","contentUrl":"https:\/\/hoinka.com\/wp-content\/uploads\/logo_hoinka_sm.jpg","width":450,"height":92,"caption":"HOINKA"},"image":{"@id":"https:\/\/hoinka.com\/en\/#\/schema\/logo\/image\/"},"sameAs":["https:\/\/de-de.facebook.com\/pages\/category\/Consulting-Agency\/HOINKA-GmbH-202893899755765\/","https:\/\/www.linkedin.com\/company\/hoinka-gmbh?originalSubdomain=de"]}]}},"_links":{"self":[{"href":"https:\/\/hoinka.com\/en\/wp-json\/wp\/v2\/pages\/12477","targetHints":{"allow":["GET"]}}],"collection":[{"href":"https:\/\/hoinka.com\/en\/wp-json\/wp\/v2\/pages"}],"about":[{"href":"https:\/\/hoinka.com\/en\/wp-json\/wp\/v2\/types\/page"}],"author":[{"embeddable":true,"href":"https:\/\/hoinka.com\/en\/wp-json\/wp\/v2\/users\/10"}],"replies":[{"embeddable":true,"href":"https:\/\/hoinka.com\/en\/wp-json\/wp\/v2\/comments?post=12477"}],"version-history":[{"count":17,"href":"https:\/\/hoinka.com\/en\/wp-json\/wp\/v2\/pages\/12477\/revisions"}],"predecessor-version":[{"id":15315,"href":"https:\/\/hoinka.com\/en\/wp-json\/wp\/v2\/pages\/12477\/revisions\/15315"}],"up":[{"embeddable":true,"href":"https:\/\/hoinka.com\/en\/wp-json\/wp\/v2\/pages\/7146"}],"wp:featuredmedia":[{"embeddable":true,"href":"https:\/\/hoinka.com\/en\/wp-json\/wp\/v2\/media\/15313"}],"wp:attachment":[{"href":"https:\/\/hoinka.com\/en\/wp-json\/wp\/v2\/media?parent=12477"}],"curies":[{"name":"wp","href":"https:\/\/api.w.org\/{rel}","templated":true}]}}