{"id":12364,"date":"2025-03-20T09:38:29","date_gmt":"2025-03-20T08:38:29","guid":{"rendered":"https:\/\/dev.hoinka.com\/?page_id=12364"},"modified":"2025-12-11T11:12:49","modified_gmt":"2025-12-11T10:12:49","slug":"building-resource-passport","status":"publish","type":"page","link":"https:\/\/hoinka.com\/en\/leistungen\/building-resource-passport\/","title":{"rendered":"Building resource passport"},"content":{"rendered":"<h1><strong>Geb\u00e4uderessourcenpass<\/strong><\/h1>\n<p>Der Geb\u00e4uderessourcenpass der DGNB schafft Transparenz \u00fcber Materialien und Ressourcen eines Bauwerks und unterst\u00fctzt eine nachhaltige Kreislaufwirtschaft im Bauwesen.<\/p>\n\t<a class=\"paoc-popup-click paoc-popup-cust-6225 paoc-popup-button paoc-popup-btn \" href=\"javascript:void(0);\">Kontaktieren Sie uns<\/a>\r\n\n<h2>Der Geb\u00e4uderessourcenpass der DGNB: Dokumentation zentraler Informationen \u00fcber den gesamten Lebenszyklus eines Geb\u00e4udes<\/h2>\n<p>Zirkul\u00e4res Bauen hat das Ziel, Geb\u00e4ude ressourcenschonend und nachhaltig zu gestalten. Dabei steht im Fokus, bestehende Materialien wiederzuverwenden, den Materialeinsatz zu reduzieren und die Umweltbelastung zu minimieren.<\/p>\n<p>Um bewerten zu k\u00f6nnen, inwieweit Bauwerke zur Kreislaufwirtschaft beitragen, wie lange sie genutzt und angepasst werden k\u00f6nnen und ob sie sich zuk\u00fcnftig demontieren, trennen und verwerten lassen, ist eine fundierte Informationsbasis erforderlich. Der Geb\u00e4uderessourcenpass der DGNB bietet genau diese Grundlage. Er dient als Dokumentationsinstrument f\u00fcr alle Lebenszyklusphasen eines Bauwerks und sorgt f\u00fcr Transparenz hinsichtlich der verbauten Materialien, der Treibhausgasemissionen sowie der Wiederverwendbarkeit der Ressourcen.<\/p>\n<p>Zudem ist er mit bestehenden digitalen Werkzeugen kompatibel. Der Pass ist als Dokumentationsvorlage konzipiert und wird nicht standardisiert anerkannt. Bei der DGNB-Zertifizierung von Neubauten nach der Version 2023 wird seine Nutzung jedoch empfohlen, da er die Offenlegung der Daten erleichtert und den Pr\u00fcfprozess vereinfacht.<\/p>\n<h3>Unsere Leistungen f\u00fcr Sie:<\/h3>\n<ul>\n<li>pers\u00f6nliche und individuelle Beratung zum Thema Geb\u00e4uderessourcenpass<\/li>\n<li>Beratung zur Kreislauff\u00e4higkeit: Empfehlungen zur Wiederverwendbarkeit und nachhaltigen Materialwahl, inklusive Nutzung von Tools wie dem <a href=\"https:\/\/building-material-scout.com\/\">Building Material Scout<\/a> zur Materialbewertung<\/li>\n<li>Optimierung von Bau- und Sanierungskonzepten: Unterst\u00fctzung bei der Planung ressourcenschonender Ma\u00dfnahmen<\/li>\n<li>Integration in Zertifizierungssysteme: Begleitung bei <a href=\"https:\/\/hoinka.com\/gebaeudezertifizierung\/dgnb\/\">DGNB-Zertifizierungen<\/a><\/li>\n<\/ul>\n<h3>Konzept und Zielsetzung des Geb\u00e4uderessourcenpasses<\/h3>\n<p>Das Prinzip des Geb\u00e4uderessourcenpasses orientiert sich am etablierten Energieausweis. F\u00fcr jedes Geb\u00e4ude werden relevante Informationen zur Ressourcennutzung, Klimawirkung und Kreislauff\u00e4higkeit erfasst. Diese Daten sind entscheidend, um urbane Minen aufzubauen, zirkul\u00e4re Sanierungen und Neubauten zu realisieren sowie einen nachhaltigen und selektiven R\u00fcckbau zu erm\u00f6glichen.<\/p>\n<p>Langfristig bildet der Pass die Basis f\u00fcr eine funktionierende Kreislaufwirtschaft im Bauwesen. Alle Lebenszyklusphasen, von der Planung bis zur Wiederverwendung, werden optimal aufeinander abgestimmt. Eine vollst\u00e4ndige Transparenz \u00fcber verbaute Materialien, deren Werte und Besitzverh\u00e4ltnisse ist dabei essenziell. Dies erm\u00f6glicht neue Gesch\u00e4ftsmodelle und sichert die Qualit\u00e4t der gebauten Umwelt.<\/p>\n<p>Dar\u00fcber hinaus kann der Geb\u00e4uderessourcenpass als Grundlage f\u00fcr eine aggregierte Zirkularit\u00e4tsbewertung eines Geb\u00e4udes dienen.<\/p>\n<figure id=\"attachment_14079\" aria-describedby=\"caption-attachment-14079\" style=\"width: 1920px\" class=\"wp-caption alignleft\"><img loading=\"lazy\" decoding=\"async\" class=\"wp-image-14079 size-full\" src=\"https:\/\/hoinka.com\/wp-content\/uploads\/Zirkulaeres-Bauen-und-Ressourcenschonung.-1.png\" alt=\"Die Komponenten eines Geb\u00e4uderessourcenpasses: zirkul\u00e4res Bauen, Ressourcenschonung, Dokumentation der Treibhausgasemissionen, Klimabilanz, Wiederverwertung, Materialtrennung und urbane Rohstofflager\" width=\"1920\" height=\"1080\" srcset=\"https:\/\/hoinka.com\/wp-content\/uploads\/Zirkulaeres-Bauen-und-Ressourcenschonung.-1.png 1920w, https:\/\/hoinka.com\/wp-content\/uploads\/Zirkulaeres-Bauen-und-Ressourcenschonung.-1-300x169.png 300w, https:\/\/hoinka.com\/wp-content\/uploads\/Zirkulaeres-Bauen-und-Ressourcenschonung.-1-1024x576.png 1024w, https:\/\/hoinka.com\/wp-content\/uploads\/Zirkulaeres-Bauen-und-Ressourcenschonung.-1-768x432.png 768w, https:\/\/hoinka.com\/wp-content\/uploads\/Zirkulaeres-Bauen-und-Ressourcenschonung.-1-1536x864.png 1536w, https:\/\/hoinka.com\/wp-content\/uploads\/Zirkulaeres-Bauen-und-Ressourcenschonung.-1-1600x900.png 1600w\" sizes=\"auto, (max-width: 1920px) 100vw, 1920px\" \/><figcaption id=\"caption-attachment-14079\" class=\"wp-caption-text\">Der Geb\u00e4uderessourcenpass schafft Transparenz \u00fcber Materialeinsatz, CO\u2082-Bilanz und Recyclingpotenziale von Geb\u00e4uden. So wird eine nachhaltige, kreislauff\u00e4hige Bauweise \u00fcber den gesamten Lebenszyklus hinweg unterst\u00fctzt.<\/figcaption><\/figure>\n<h3 data-pm-slice=\"1 1 []\">Vorteile f\u00fcr verschiedene Akteure<\/h3>\n<p>Eigent\u00fcmer von Neu- und Bestandsbauten erhalten durch den Geb\u00e4uderessourcenpass eine detaillierte \u00dcbersicht \u00fcber die verbauten Materialien sowie potenzielle Schadstoffe. Zudem wird ersichtlich, welche wertvollen Ressourcen im Geb\u00e4ude enthalten sind.<\/p>\n<p>F\u00fcr Planer bietet der Pass wertvolle Einblicke, insbesondere wenn zus\u00e4tzliche Detailbl\u00e4tter gepflegt werden. Diese k\u00f6nnen vertiefte Analysen und eine fundierte Beratung von Bauherren unterst\u00fctzen sowie ressourcenschonende und kreislauff\u00e4hige Varianten aufzeigen.<\/p>\n<h2>FAQ zum Geb\u00e4uderessourcenpass<\/h2>\n\n<p class=\"buttonpopup\" style=\"text-align: center;\">\t<a class=\"paoc-popup-click paoc-popup-cust-6251 paoc-popup-button paoc-popup-btn \" href=\"javascript:void(0);\">Angebot anfordern<\/a>\r\n\n<p style=\"text-align: center;\">Telefon\u00a0\u00a0<a class=\"\" href=\"tel:+49 711 62049-340\">+49 711 62049-340<\/a><br \/>\nEmail <a class=\"\" href=\"mailto:info@hoinka.com\">info@hoinka.com<\/a><\/p>\n","protected":false},"excerpt":{"rendered":"<p>Geb\u00e4uderessourcenpass Der Geb\u00e4uderessourcenpass der DGNB schafft Transparenz \u00fcber Materialien und Ressourcen eines Bauwerks und unterst\u00fctzt eine nachhaltige Kreislaufwirtschaft im Bauwesen. Der Geb\u00e4uderessourcenpass der DGNB: Dokumentation zentraler Informationen \u00fcber den gesamten Lebenszyklus eines Geb\u00e4udes Zirkul\u00e4res Bauen hat das Ziel, Geb\u00e4ude ressourcenschonend und nachhaltig zu gestalten. Dabei steht im Fokus, bestehende Materialien wiederzuverwenden, den Materialeinsatz zu reduzieren &hellip;<\/p>\n","protected":false},"author":10,"featured_media":15313,"parent":426,"menu_order":15,"comment_status":"closed","ping_status":"closed","template":"sections.php","meta":{"_acf_changed":false,"_genesis_hide_title":false,"_genesis_hide_breadcrumbs":false,"_genesis_hide_singular_image":false,"_genesis_hide_footer_widgets":false,"_genesis_custom_body_class":"","_genesis_custom_post_class":"","_genesis_layout":"","footnotes":"","_links_to":"","_links_to_target":""},"class_list":{"0":"post-12364","1":"page","2":"type-page","3":"status-publish","4":"has-post-thumbnail","6":"entry"},"acf":[],"yoast_head":"<!-- This site is optimized with the Yoast SEO plugin v27.0 - https:\/\/yoast.com\/product\/yoast-seo-wordpress\/ -->\n<title>Building resource passport &#8211; HOINKA<\/title>\n<meta name=\"description\" content=\"The DGNB&#039;s Building Resource Passport creates transparency about the materials and recyclability of buildings.\" \/>\n<meta name=\"robots\" content=\"index, follow, max-snippet:-1, max-image-preview:large, max-video-preview:-1\" \/>\n<link rel=\"canonical\" href=\"https:\/\/hoinka.com\/en\/leistungen\/building-resource-passport\/\" \/>\n<meta property=\"og:locale\" content=\"en_US\" \/>\n<meta property=\"og:type\" content=\"article\" \/>\n<meta property=\"og:title\" content=\"Building resource passport &#8211; HOINKA\" \/>\n<meta property=\"og:description\" content=\"The DGNB&#039;s Building Resource Passport creates transparency about the materials and recyclability of buildings.\" \/>\n<meta property=\"og:url\" content=\"https:\/\/hoinka.com\/en\/leistungen\/building-resource-passport\/\" \/>\n<meta property=\"og:site_name\" content=\"HOINKA\" \/>\n<meta property=\"article:publisher\" content=\"https:\/\/de-de.facebook.com\/pages\/category\/Consulting-Agency\/HOINKA-GmbH-202893899755765\/\" \/>\n<meta property=\"article:modified_time\" content=\"2025-12-11T10:12:49+00:00\" \/>\n<meta property=\"og:image\" content=\"https:\/\/hoinka.com\/wp-content\/uploads\/DGNB-Logo.png\" \/>\n\t<meta property=\"og:image:width\" content=\"720\" \/>\n\t<meta property=\"og:image:height\" content=\"720\" \/>\n\t<meta property=\"og:image:type\" content=\"image\/png\" \/>\n<meta name=\"twitter:card\" content=\"summary_large_image\" \/>\n<meta name=\"twitter:label1\" content=\"Est. reading time\" \/>\n\t<meta name=\"twitter:data1\" content=\"2 minutes\" \/>\n<script type=\"application\/ld+json\" class=\"yoast-schema-graph\">{\"@context\":\"https:\/\/schema.org\",\"@graph\":[{\"@type\":\"WebPage\",\"@id\":\"https:\/\/hoinka.com\/en\/leistungen\/building-resource-passport\/\",\"url\":\"https:\/\/hoinka.com\/en\/leistungen\/building-resource-passport\/\",\"name\":\"Building resource passport &#8211; HOINKA\",\"isPartOf\":{\"@id\":\"https:\/\/hoinka.com\/en\/#website\"},\"primaryImageOfPage\":{\"@id\":\"https:\/\/hoinka.com\/en\/leistungen\/building-resource-passport\/#primaryimage\"},\"image\":{\"@id\":\"https:\/\/hoinka.com\/en\/leistungen\/building-resource-passport\/#primaryimage\"},\"thumbnailUrl\":\"https:\/\/hoinka.com\/wp-content\/uploads\/DGNB-Logo.png\",\"datePublished\":\"2025-03-20T08:38:29+00:00\",\"dateModified\":\"2025-12-11T10:12:49+00:00\",\"description\":\"The DGNB's Building Resource Passport creates transparency about the materials and recyclability of buildings.\",\"breadcrumb\":{\"@id\":\"https:\/\/hoinka.com\/en\/leistungen\/building-resource-passport\/#breadcrumb\"},\"inLanguage\":\"en-US\",\"potentialAction\":[{\"@type\":\"ReadAction\",\"target\":[\"https:\/\/hoinka.com\/en\/leistungen\/building-resource-passport\/\"]}]},{\"@type\":\"ImageObject\",\"inLanguage\":\"en-US\",\"@id\":\"https:\/\/hoinka.com\/en\/leistungen\/building-resource-passport\/#primaryimage\",\"url\":\"https:\/\/hoinka.com\/wp-content\/uploads\/DGNB-Logo.png\",\"contentUrl\":\"https:\/\/hoinka.com\/wp-content\/uploads\/DGNB-Logo.png\",\"width\":720,\"height\":720,\"caption\":\"Die DGNB-Deutsche-Gesellschaft-f\u00fcr-Nachhaltiges-Bauen-Auditor-Zertifizierung\"},{\"@type\":\"BreadcrumbList\",\"@id\":\"https:\/\/hoinka.com\/en\/leistungen\/building-resource-passport\/#breadcrumb\",\"itemListElement\":[{\"@type\":\"ListItem\",\"position\":1,\"name\":\"Home\",\"item\":\"https:\/\/hoinka.com\/en\/\"},{\"@type\":\"ListItem\",\"position\":2,\"name\":\"Services\",\"item\":\"https:\/\/hoinka.com\/en\/leistungen\/\"},{\"@type\":\"ListItem\",\"position\":3,\"name\":\"Building resource passport\"}]},{\"@type\":\"WebSite\",\"@id\":\"https:\/\/hoinka.com\/en\/#website\",\"url\":\"https:\/\/hoinka.com\/en\/\",\"name\":\"HOINKA\",\"description\":\"Sustainable Planning - Green Building\",\"publisher\":{\"@id\":\"https:\/\/hoinka.com\/en\/#organization\"},\"potentialAction\":[{\"@type\":\"SearchAction\",\"target\":{\"@type\":\"EntryPoint\",\"urlTemplate\":\"https:\/\/hoinka.com\/en\/?s={search_term_string}\"},\"query-input\":{\"@type\":\"PropertyValueSpecification\",\"valueRequired\":true,\"valueName\":\"search_term_string\"}}],\"inLanguage\":\"en-US\"},{\"@type\":\"Organization\",\"@id\":\"https:\/\/hoinka.com\/en\/#organization\",\"name\":\"HOINKA\",\"url\":\"https:\/\/hoinka.com\/en\/\",\"logo\":{\"@type\":\"ImageObject\",\"inLanguage\":\"en-US\",\"@id\":\"https:\/\/hoinka.com\/en\/#\/schema\/logo\/image\/\",\"url\":\"https:\/\/hoinka.com\/wp-content\/uploads\/logo_hoinka_sm.jpg\",\"contentUrl\":\"https:\/\/hoinka.com\/wp-content\/uploads\/logo_hoinka_sm.jpg\",\"width\":450,\"height\":92,\"caption\":\"HOINKA\"},\"image\":{\"@id\":\"https:\/\/hoinka.com\/en\/#\/schema\/logo\/image\/\"},\"sameAs\":[\"https:\/\/de-de.facebook.com\/pages\/category\/Consulting-Agency\/HOINKA-GmbH-202893899755765\/\",\"https:\/\/www.linkedin.com\/company\/hoinka-gmbh?originalSubdomain=de\"]}]}<\/script>\n<!-- \/ Yoast SEO plugin. -->","yoast_head_json":{"title":"Building resource passport &#8211; HOINKA","description":"The DGNB's Building Resource Passport creates transparency about the materials and recyclability of buildings.","robots":{"index":"index","follow":"follow","max-snippet":"max-snippet:-1","max-image-preview":"max-image-preview:large","max-video-preview":"max-video-preview:-1"},"canonical":"https:\/\/hoinka.com\/en\/leistungen\/building-resource-passport\/","og_locale":"en_US","og_type":"article","og_title":"Building resource passport &#8211; HOINKA","og_description":"The DGNB's Building Resource Passport creates transparency about the materials and recyclability of buildings.","og_url":"https:\/\/hoinka.com\/en\/leistungen\/building-resource-passport\/","og_site_name":"HOINKA","article_publisher":"https:\/\/de-de.facebook.com\/pages\/category\/Consulting-Agency\/HOINKA-GmbH-202893899755765\/","article_modified_time":"2025-12-11T10:12:49+00:00","og_image":[{"width":720,"height":720,"url":"https:\/\/hoinka.com\/wp-content\/uploads\/DGNB-Logo.png","type":"image\/png"}],"twitter_card":"summary_large_image","twitter_misc":{"Est. reading time":"2 minutes"},"schema":{"@context":"https:\/\/schema.org","@graph":[{"@type":"WebPage","@id":"https:\/\/hoinka.com\/en\/leistungen\/building-resource-passport\/","url":"https:\/\/hoinka.com\/en\/leistungen\/building-resource-passport\/","name":"Building resource passport &#8211; HOINKA","isPartOf":{"@id":"https:\/\/hoinka.com\/en\/#website"},"primaryImageOfPage":{"@id":"https:\/\/hoinka.com\/en\/leistungen\/building-resource-passport\/#primaryimage"},"image":{"@id":"https:\/\/hoinka.com\/en\/leistungen\/building-resource-passport\/#primaryimage"},"thumbnailUrl":"https:\/\/hoinka.com\/wp-content\/uploads\/DGNB-Logo.png","datePublished":"2025-03-20T08:38:29+00:00","dateModified":"2025-12-11T10:12:49+00:00","description":"The DGNB's Building Resource Passport creates transparency about the materials and recyclability of buildings.","breadcrumb":{"@id":"https:\/\/hoinka.com\/en\/leistungen\/building-resource-passport\/#breadcrumb"},"inLanguage":"en-US","potentialAction":[{"@type":"ReadAction","target":["https:\/\/hoinka.com\/en\/leistungen\/building-resource-passport\/"]}]},{"@type":"ImageObject","inLanguage":"en-US","@id":"https:\/\/hoinka.com\/en\/leistungen\/building-resource-passport\/#primaryimage","url":"https:\/\/hoinka.com\/wp-content\/uploads\/DGNB-Logo.png","contentUrl":"https:\/\/hoinka.com\/wp-content\/uploads\/DGNB-Logo.png","width":720,"height":720,"caption":"Die DGNB-Deutsche-Gesellschaft-f\u00fcr-Nachhaltiges-Bauen-Auditor-Zertifizierung"},{"@type":"BreadcrumbList","@id":"https:\/\/hoinka.com\/en\/leistungen\/building-resource-passport\/#breadcrumb","itemListElement":[{"@type":"ListItem","position":1,"name":"Home","item":"https:\/\/hoinka.com\/en\/"},{"@type":"ListItem","position":2,"name":"Services","item":"https:\/\/hoinka.com\/en\/leistungen\/"},{"@type":"ListItem","position":3,"name":"Building resource passport"}]},{"@type":"WebSite","@id":"https:\/\/hoinka.com\/en\/#website","url":"https:\/\/hoinka.com\/en\/","name":"HOINKA","description":"Sustainable Planning - Green Building","publisher":{"@id":"https:\/\/hoinka.com\/en\/#organization"},"potentialAction":[{"@type":"SearchAction","target":{"@type":"EntryPoint","urlTemplate":"https:\/\/hoinka.com\/en\/?s={search_term_string}"},"query-input":{"@type":"PropertyValueSpecification","valueRequired":true,"valueName":"search_term_string"}}],"inLanguage":"en-US"},{"@type":"Organization","@id":"https:\/\/hoinka.com\/en\/#organization","name":"HOINKA","url":"https:\/\/hoinka.com\/en\/","logo":{"@type":"ImageObject","inLanguage":"en-US","@id":"https:\/\/hoinka.com\/en\/#\/schema\/logo\/image\/","url":"https:\/\/hoinka.com\/wp-content\/uploads\/logo_hoinka_sm.jpg","contentUrl":"https:\/\/hoinka.com\/wp-content\/uploads\/logo_hoinka_sm.jpg","width":450,"height":92,"caption":"HOINKA"},"image":{"@id":"https:\/\/hoinka.com\/en\/#\/schema\/logo\/image\/"},"sameAs":["https:\/\/de-de.facebook.com\/pages\/category\/Consulting-Agency\/HOINKA-GmbH-202893899755765\/","https:\/\/www.linkedin.com\/company\/hoinka-gmbh?originalSubdomain=de"]}]}},"_links":{"self":[{"href":"https:\/\/hoinka.com\/en\/wp-json\/wp\/v2\/pages\/12364","targetHints":{"allow":["GET"]}}],"collection":[{"href":"https:\/\/hoinka.com\/en\/wp-json\/wp\/v2\/pages"}],"about":[{"href":"https:\/\/hoinka.com\/en\/wp-json\/wp\/v2\/types\/page"}],"author":[{"embeddable":true,"href":"https:\/\/hoinka.com\/en\/wp-json\/wp\/v2\/users\/10"}],"replies":[{"embeddable":true,"href":"https:\/\/hoinka.com\/en\/wp-json\/wp\/v2\/comments?post=12364"}],"version-history":[{"count":9,"href":"https:\/\/hoinka.com\/en\/wp-json\/wp\/v2\/pages\/12364\/revisions"}],"predecessor-version":[{"id":15316,"href":"https:\/\/hoinka.com\/en\/wp-json\/wp\/v2\/pages\/12364\/revisions\/15316"}],"up":[{"embeddable":true,"href":"https:\/\/hoinka.com\/en\/wp-json\/wp\/v2\/pages\/426"}],"wp:featuredmedia":[{"embeddable":true,"href":"https:\/\/hoinka.com\/en\/wp-json\/wp\/v2\/media\/15313"}],"wp:attachment":[{"href":"https:\/\/hoinka.com\/en\/wp-json\/wp\/v2\/media?parent=12364"}],"curies":[{"name":"wp","href":"https:\/\/api.w.org\/{rel}","templated":true}]}}