{"id":12141,"date":"2025-03-04T09:33:54","date_gmt":"2025-03-04T08:33:54","guid":{"rendered":"https:\/\/dev.hoinka.com\/?page_id=12141"},"modified":"2025-04-08T08:55:23","modified_gmt":"2025-04-08T06:55:23","slug":"crrem","status":"publish","type":"page","link":"https:\/\/hoinka.com\/en\/leistungen\/crrem\/","title":{"rendered":"CRREM analysis"},"content":{"rendered":"<h1>Dekarbonisierungspfade f\u00fcr Immobilien und Portfolios: CRREM<\/h1>\n<p>Wir sind Ihr zuverl\u00e4ssiger Ansprechpartner f\u00fcr CRREM &#8211; Carbon Risk Real Estate Monitor f\u00fcr ihre Immobilie. Erfahren Sie hier, wie die Kohlenstoffintensit\u00e4t Ihrer Immobilie deren Wert beeinflusst und wie eine effektive Dekarbonisierungsstrategie zur Wertsteigerung beitr\u00e4gt.<\/p>\n\t<a class=\"paoc-popup-click paoc-popup-cust-6225 paoc-popup-button paoc-popup-btn \" href=\"javascript:void(0);\">Kontaktieren Sie uns<\/a>\r\n\n<hr>\n<h2>CRREM &#8211; Carbon Risk Real Estate Monitor<\/h2>\n<p>Limiting the global temperature increase to a maximum of 2\u00b0C or 1.5\u00b0C is a central goal of the Paris Climate Agreement. A decarbonization strategy not only helps to achieve this goal, but is also essential to avoid stranded assets and the associated financial risk. The Carbon Risk Real Estate Monitor<a href=\"https:\/\/www.crrem.eu\/\">(CRREM<\/a>) and the associated Risk Assessment Tool show the CO2 impact of properties and portfolios and provide appropriate decarbonization pathways for a meaningful and effective reduction of emissions.  <\/p>\n<div class=\"flex-grid top-xs-xxl\"><div class=\"row gutter-md\"><div class=\"flex-entry entry col col-xs-12 col-sm-6 col-md-4 col-lg-4 post-11083 page type-page status-publish has-post-thumbnail boxed aspect-ratio has-bg-image has-bg-link has-overlay light-content\" style=\"--aspect-ratio:700\/526;\"><div class=\"aspect-outer\"><div class=\"aspect-inner column middle-xs end-xs text-xs-center\"><picture class=\"bg-picture\"><source srcset=\"https:\/\/hoinka.com\/wp-content\/uploads\/CRREM_Logo-1-520x390.png\" media=\"(max-width: 520px)\"><img loading=\"lazy\" decoding=\"async\" width=\"700\" height=\"526\" src=\"https:\/\/hoinka.com\/wp-content\/uploads\/CRREM_Logo-1-700x526.png\" class=\"wp-post-image bg-image\" alt=\"Das Logo des Carbon Risk Real Estate Monitor (CRREM)\" srcset=\"https:\/\/hoinka.com\/wp-content\/uploads\/CRREM_Logo-1-700x526.png 700w, https:\/\/hoinka.com\/wp-content\/uploads\/CRREM_Logo-1-520x390.png 520w\" sizes=\"auto, (max-width: 700px) 100vw, 700px\" \/><\/picture><span class=\"overlay overlay-gradient\"><\/span><header class=\"entry-header\"><h3 class=\"entry-title\"><a href=\"https:\/\/hoinka.com\/en\/building-certification\/crrem\/carbon-risk-real-estate-monitor-crrem\/\" title=\"Carbon Risk Real Estate Monitor (CRREM)\">Carbon Risk Real Estate Monitor (CRREM)<\/a><\/h3><\/header><a class=\"bg-link\" href=\"https:\/\/hoinka.com\/en\/building-certification\/crrem\/carbon-risk-real-estate-monitor-crrem\/\"><span class=\"screen-reader-text\" aria-hidden=\"true\">Carbon Risk Real Estate Monitor (CRREM)<\/span><\/a><\/div><\/div><\/div><\/div><\/div>\n<h2>CRREM Risk Assessment Tool: Analysis<\/h2>\n<p>The CRREM Risk Assessment Tool shows how much CO2 individual buildings or portfolios actually produce and how much they are likely to produce in order to achieve the climate targets. The tool can be used to create these pathways and forecasts for both the 2-degree and 1.5-degree targets. When calculating the &#8220;target values&#8221;, CRREM relies on average values for certain asset classes and countries.  <\/p>\n<p>CRREM uses greenhouse gas emissions and energy consumption per m2 to determine an intensity-based transition pathway for a building or portfolio. As basic data, the property location, size and asset class must be entered once. Energy data must be updated annually.  <\/p>\n<p>This data is presented as &#8220;pathways&#8221;, i.e. transition paths for the individual assets with forecasts up to the year 2050. These pathways in turn consist of more detailed paths that map the decarbonization target for the individual years. <\/p>\n<p>The CRREM analysis includes the following points in the risk assessment:<\/p>\n<ul>\n<li>National requirements<\/li>\n<li>International requirements: Paris Agreement, climate targets, EU taxonomy<\/li>\n<li>Changing market expectations: increasing interest in sustainability and sustainable investments<\/li>\n<\/ul>\n<p>If changing requirements or expectations are not taken into account in property maintenance, stranded assets can quickly arise and assets rapidly lose value.<\/p>\n<h3>How does the CRREM Risk Assessment Tool work?<\/h3>\n<p>The software developed as part of the CRREM project derives CO2 emission intensities and energy consumption intensities from the real estate data provided and assesses the extent to which the properties analyzed are equipped to meet the 2\u00b0C target. In other words, it assesses whether a property can cope with the changing requirements associated with limiting global warming to a maximum of 2\u00b0C. The software helps to identify those properties in the portfolio that are at risk of a massive loss in value: On the one hand, because they do not meet the increasingly stringent building codes and regulations and, on the other hand, because they cause significant additional costs due to high emission intensities and rising CO2 prices.<br \/>\nIn addition to identifying CO2 risks, the tool also helps to identify and visualize improvement strategies. The CRREM tool offers the possibility to assess the progress of a portfolio&#8217;s CO2 reduction performance based on the reduction targets (the developed &#8220;pathways&#8221;) according to the Paris Agreement (i.e. limiting global warming to 2 \u00b0C \/ 1.5 \u00b0C). The tool can also be used to analyze the impact of the refurbishment of individual properties on a company&#8217;s overall CO2 performance.    <\/p>\n<h3>CRREM and GRESB<\/h3>\n<p><a href=\"https:\/\/hoinka.com\/en\/leistungen\/esg-consulting\/gresb-assessment\/\">GRESB<\/a> is part of the CRREM project and offers its users the option of having the stored portfolio data automatically transferred to the CRREM tool in order to identify potential transition risks for individual assets and provide guidance on existing CRREM paths. GRESB is a rating system for measuring and evaluating the sustainability performance of entire real estate portfolios according to ESG criteria. It is designed to make it easier for investors to access reliable data on the ESG performance of potential investments.  <\/p>\n<p>If you have any questions about decarbonization strategies and ESG requirements, we will be happy to advise you personally!<\/p>\n<p class=\"buttonpopup\" style=\"text-align: center;\">\t<a class=\"paoc-popup-click paoc-popup-cust-6251 paoc-popup-button paoc-popup-btn \" href=\"javascript:void(0);\">Angebot anfordern<\/a>\r\n\n<p style=\"text-align: center;\">Phone <a class=\"\" href=\"tel:+49%20711%2062049-340\">+49 711 62049-340<\/a><br \/>\nEmail <a class=\"\" href=\"mailto:info@hoinka.com\">info@hoinka.com<\/a><\/p>\n","protected":false},"excerpt":{"rendered":"<h1 style=\"text-align: center;\">CRREM: Emission pathways as orientation for a decarbonization strategy in the building sector<\/h1>\n<p>In order to limit the effects of climate change, the participants at the 2015 UN Climate Change Conference in Paris agreed to limit average global warming to &hellip; <a href=\"https:\/\/hoinka.com\/en\/building-certification\/crrem\/carbon-risk-real-estate-monitor-crrem\/\" class=\"read-more\">Read the rest <\/a><\/p>","protected":false},"author":7,"featured_media":12225,"parent":426,"menu_order":8,"comment_status":"closed","ping_status":"closed","template":"sections.php","meta":{"_acf_changed":false,"_genesis_hide_title":false,"_genesis_hide_breadcrumbs":false,"_genesis_hide_singular_image":false,"_genesis_hide_footer_widgets":false,"_genesis_custom_body_class":"","_genesis_custom_post_class":"","_genesis_layout":"","footnotes":"","_links_to":"","_links_to_target":""},"class_list":{"0":"post-12141","1":"page","2":"type-page","3":"status-publish","4":"has-post-thumbnail","6":"entry"},"acf":[],"yoast_head":"<!-- This site is optimized with the Yoast SEO plugin v27.0 - https:\/\/yoast.com\/product\/yoast-seo-wordpress\/ -->\n<title>CRREM Carbon Risk Real Estate Monitor &#8211; HOINKA<\/title>\n<meta name=\"description\" content=\"CRREM - Carbon Risk Real Estate Monitor shows how carbon intensity influences real estate value. Contact us!\" \/>\n<meta name=\"robots\" content=\"index, follow, max-snippet:-1, max-image-preview:large, max-video-preview:-1\" \/>\n<link rel=\"canonical\" href=\"https:\/\/hoinka.com\/en\/leistungen\/crrem\/\" \/>\n<meta property=\"og:locale\" content=\"en_US\" \/>\n<meta property=\"og:type\" content=\"article\" \/>\n<meta property=\"og:title\" content=\"CRREM Carbon Risk Real Estate Monitor &#8211; HOINKA\" \/>\n<meta property=\"og:description\" content=\"CRREM - Carbon Risk Real Estate Monitor shows how carbon intensity influences real estate value. Contact us!\" \/>\n<meta property=\"og:url\" content=\"https:\/\/hoinka.com\/en\/leistungen\/crrem\/\" \/>\n<meta property=\"og:site_name\" content=\"HOINKA\" \/>\n<meta property=\"article:publisher\" content=\"https:\/\/de-de.facebook.com\/pages\/category\/Consulting-Agency\/HOINKA-GmbH-202893899755765\/\" \/>\n<meta property=\"article:modified_time\" content=\"2025-04-08T06:55:23+00:00\" \/>\n<meta property=\"og:image\" content=\"https:\/\/hoinka.com\/wp-content\/uploads\/CRREM_Logo.png\" \/>\n\t<meta property=\"og:image:width\" content=\"720\" \/>\n\t<meta property=\"og:image:height\" content=\"720\" \/>\n\t<meta property=\"og:image:type\" content=\"image\/png\" \/>\n<meta name=\"twitter:card\" content=\"summary_large_image\" \/>\n<meta name=\"twitter:label1\" content=\"Est. reading time\" \/>\n\t<meta name=\"twitter:data1\" content=\"3 minutes\" \/>\n<script type=\"application\/ld+json\" class=\"yoast-schema-graph\">{\"@context\":\"https:\/\/schema.org\",\"@graph\":[{\"@type\":\"WebPage\",\"@id\":\"https:\/\/hoinka.com\/en\/leistungen\/crrem\/\",\"url\":\"https:\/\/hoinka.com\/en\/leistungen\/crrem\/\",\"name\":\"CRREM Carbon Risk Real Estate Monitor &#8211; HOINKA\",\"isPartOf\":{\"@id\":\"https:\/\/hoinka.com\/en\/#website\"},\"primaryImageOfPage\":{\"@id\":\"https:\/\/hoinka.com\/en\/leistungen\/crrem\/#primaryimage\"},\"image\":{\"@id\":\"https:\/\/hoinka.com\/en\/leistungen\/crrem\/#primaryimage\"},\"thumbnailUrl\":\"https:\/\/hoinka.com\/wp-content\/uploads\/CRREM_Logo.png\",\"datePublished\":\"2025-03-04T08:33:54+00:00\",\"dateModified\":\"2025-04-08T06:55:23+00:00\",\"description\":\"CRREM - Carbon Risk Real Estate Monitor shows how carbon intensity influences real estate value. Contact us!\",\"breadcrumb\":{\"@id\":\"https:\/\/hoinka.com\/en\/leistungen\/crrem\/#breadcrumb\"},\"inLanguage\":\"en-US\",\"potentialAction\":[{\"@type\":\"ReadAction\",\"target\":[\"https:\/\/hoinka.com\/en\/leistungen\/crrem\/\"]}]},{\"@type\":\"ImageObject\",\"inLanguage\":\"en-US\",\"@id\":\"https:\/\/hoinka.com\/en\/leistungen\/crrem\/#primaryimage\",\"url\":\"https:\/\/hoinka.com\/wp-content\/uploads\/CRREM_Logo.png\",\"contentUrl\":\"https:\/\/hoinka.com\/wp-content\/uploads\/CRREM_Logo.png\",\"width\":720,\"height\":720,\"caption\":\"Das Logo des Carbon Risk Real Estate Monitor (CRREM)\"},{\"@type\":\"BreadcrumbList\",\"@id\":\"https:\/\/hoinka.com\/en\/leistungen\/crrem\/#breadcrumb\",\"itemListElement\":[{\"@type\":\"ListItem\",\"position\":1,\"name\":\"Home\",\"item\":\"https:\/\/hoinka.com\/en\/\"},{\"@type\":\"ListItem\",\"position\":2,\"name\":\"Services\",\"item\":\"https:\/\/hoinka.com\/en\/leistungen\/\"},{\"@type\":\"ListItem\",\"position\":3,\"name\":\"CRREM analysis\"}]},{\"@type\":\"WebSite\",\"@id\":\"https:\/\/hoinka.com\/en\/#website\",\"url\":\"https:\/\/hoinka.com\/en\/\",\"name\":\"HOINKA\",\"description\":\"Sustainable Planning - Green Building\",\"publisher\":{\"@id\":\"https:\/\/hoinka.com\/en\/#organization\"},\"potentialAction\":[{\"@type\":\"SearchAction\",\"target\":{\"@type\":\"EntryPoint\",\"urlTemplate\":\"https:\/\/hoinka.com\/en\/?s={search_term_string}\"},\"query-input\":{\"@type\":\"PropertyValueSpecification\",\"valueRequired\":true,\"valueName\":\"search_term_string\"}}],\"inLanguage\":\"en-US\"},{\"@type\":\"Organization\",\"@id\":\"https:\/\/hoinka.com\/en\/#organization\",\"name\":\"HOINKA\",\"url\":\"https:\/\/hoinka.com\/en\/\",\"logo\":{\"@type\":\"ImageObject\",\"inLanguage\":\"en-US\",\"@id\":\"https:\/\/hoinka.com\/en\/#\/schema\/logo\/image\/\",\"url\":\"https:\/\/hoinka.com\/wp-content\/uploads\/logo_hoinka_sm.jpg\",\"contentUrl\":\"https:\/\/hoinka.com\/wp-content\/uploads\/logo_hoinka_sm.jpg\",\"width\":450,\"height\":92,\"caption\":\"HOINKA\"},\"image\":{\"@id\":\"https:\/\/hoinka.com\/en\/#\/schema\/logo\/image\/\"},\"sameAs\":[\"https:\/\/de-de.facebook.com\/pages\/category\/Consulting-Agency\/HOINKA-GmbH-202893899755765\/\",\"https:\/\/www.linkedin.com\/company\/hoinka-gmbh?originalSubdomain=de\"]}]}<\/script>\n<!-- \/ Yoast SEO plugin. -->","yoast_head_json":{"title":"CRREM Carbon Risk Real Estate Monitor &#8211; HOINKA","description":"CRREM - Carbon Risk Real Estate Monitor shows how carbon intensity influences real estate value. Contact us!","robots":{"index":"index","follow":"follow","max-snippet":"max-snippet:-1","max-image-preview":"max-image-preview:large","max-video-preview":"max-video-preview:-1"},"canonical":"https:\/\/hoinka.com\/en\/leistungen\/crrem\/","og_locale":"en_US","og_type":"article","og_title":"CRREM Carbon Risk Real Estate Monitor &#8211; HOINKA","og_description":"CRREM - Carbon Risk Real Estate Monitor shows how carbon intensity influences real estate value. Contact us!","og_url":"https:\/\/hoinka.com\/en\/leistungen\/crrem\/","og_site_name":"HOINKA","article_publisher":"https:\/\/de-de.facebook.com\/pages\/category\/Consulting-Agency\/HOINKA-GmbH-202893899755765\/","article_modified_time":"2025-04-08T06:55:23+00:00","og_image":[{"width":720,"height":720,"url":"https:\/\/hoinka.com\/wp-content\/uploads\/CRREM_Logo.png","type":"image\/png"}],"twitter_card":"summary_large_image","twitter_misc":{"Est. reading time":"3 minutes"},"schema":{"@context":"https:\/\/schema.org","@graph":[{"@type":"WebPage","@id":"https:\/\/hoinka.com\/en\/leistungen\/crrem\/","url":"https:\/\/hoinka.com\/en\/leistungen\/crrem\/","name":"CRREM Carbon Risk Real Estate Monitor &#8211; HOINKA","isPartOf":{"@id":"https:\/\/hoinka.com\/en\/#website"},"primaryImageOfPage":{"@id":"https:\/\/hoinka.com\/en\/leistungen\/crrem\/#primaryimage"},"image":{"@id":"https:\/\/hoinka.com\/en\/leistungen\/crrem\/#primaryimage"},"thumbnailUrl":"https:\/\/hoinka.com\/wp-content\/uploads\/CRREM_Logo.png","datePublished":"2025-03-04T08:33:54+00:00","dateModified":"2025-04-08T06:55:23+00:00","description":"CRREM - Carbon Risk Real Estate Monitor shows how carbon intensity influences real estate value. Contact us!","breadcrumb":{"@id":"https:\/\/hoinka.com\/en\/leistungen\/crrem\/#breadcrumb"},"inLanguage":"en-US","potentialAction":[{"@type":"ReadAction","target":["https:\/\/hoinka.com\/en\/leistungen\/crrem\/"]}]},{"@type":"ImageObject","inLanguage":"en-US","@id":"https:\/\/hoinka.com\/en\/leistungen\/crrem\/#primaryimage","url":"https:\/\/hoinka.com\/wp-content\/uploads\/CRREM_Logo.png","contentUrl":"https:\/\/hoinka.com\/wp-content\/uploads\/CRREM_Logo.png","width":720,"height":720,"caption":"Das Logo des Carbon Risk Real Estate Monitor (CRREM)"},{"@type":"BreadcrumbList","@id":"https:\/\/hoinka.com\/en\/leistungen\/crrem\/#breadcrumb","itemListElement":[{"@type":"ListItem","position":1,"name":"Home","item":"https:\/\/hoinka.com\/en\/"},{"@type":"ListItem","position":2,"name":"Services","item":"https:\/\/hoinka.com\/en\/leistungen\/"},{"@type":"ListItem","position":3,"name":"CRREM analysis"}]},{"@type":"WebSite","@id":"https:\/\/hoinka.com\/en\/#website","url":"https:\/\/hoinka.com\/en\/","name":"HOINKA","description":"Sustainable Planning - Green Building","publisher":{"@id":"https:\/\/hoinka.com\/en\/#organization"},"potentialAction":[{"@type":"SearchAction","target":{"@type":"EntryPoint","urlTemplate":"https:\/\/hoinka.com\/en\/?s={search_term_string}"},"query-input":{"@type":"PropertyValueSpecification","valueRequired":true,"valueName":"search_term_string"}}],"inLanguage":"en-US"},{"@type":"Organization","@id":"https:\/\/hoinka.com\/en\/#organization","name":"HOINKA","url":"https:\/\/hoinka.com\/en\/","logo":{"@type":"ImageObject","inLanguage":"en-US","@id":"https:\/\/hoinka.com\/en\/#\/schema\/logo\/image\/","url":"https:\/\/hoinka.com\/wp-content\/uploads\/logo_hoinka_sm.jpg","contentUrl":"https:\/\/hoinka.com\/wp-content\/uploads\/logo_hoinka_sm.jpg","width":450,"height":92,"caption":"HOINKA"},"image":{"@id":"https:\/\/hoinka.com\/en\/#\/schema\/logo\/image\/"},"sameAs":["https:\/\/de-de.facebook.com\/pages\/category\/Consulting-Agency\/HOINKA-GmbH-202893899755765\/","https:\/\/www.linkedin.com\/company\/hoinka-gmbh?originalSubdomain=de"]}]}},"_links":{"self":[{"href":"https:\/\/hoinka.com\/en\/wp-json\/wp\/v2\/pages\/12141","targetHints":{"allow":["GET"]}}],"collection":[{"href":"https:\/\/hoinka.com\/en\/wp-json\/wp\/v2\/pages"}],"about":[{"href":"https:\/\/hoinka.com\/en\/wp-json\/wp\/v2\/types\/page"}],"author":[{"embeddable":true,"href":"https:\/\/hoinka.com\/en\/wp-json\/wp\/v2\/users\/7"}],"replies":[{"embeddable":true,"href":"https:\/\/hoinka.com\/en\/wp-json\/wp\/v2\/comments?post=12141"}],"version-history":[{"count":8,"href":"https:\/\/hoinka.com\/en\/wp-json\/wp\/v2\/pages\/12141\/revisions"}],"predecessor-version":[{"id":13290,"href":"https:\/\/hoinka.com\/en\/wp-json\/wp\/v2\/pages\/12141\/revisions\/13290"}],"up":[{"embeddable":true,"href":"https:\/\/hoinka.com\/en\/wp-json\/wp\/v2\/pages\/426"}],"wp:featuredmedia":[{"embeddable":true,"href":"https:\/\/hoinka.com\/en\/wp-json\/wp\/v2\/media\/12225"}],"wp:attachment":[{"href":"https:\/\/hoinka.com\/en\/wp-json\/wp\/v2\/media?parent=12141"}],"curies":[{"name":"wp","href":"https:\/\/api.w.org\/{rel}","templated":true}]}}