{"id":12082,"date":"2025-03-04T09:53:26","date_gmt":"2025-03-04T08:53:26","guid":{"rendered":"https:\/\/dev.hoinka.com\/?page_id=12082"},"modified":"2025-08-04T10:06:10","modified_gmt":"2025-08-04T08:06:10","slug":"bnk-bng","status":"publish","type":"page","link":"https:\/\/hoinka.com\/en\/building-certification\/bnk-bng\/","title":{"rendered":"BNK\/BNG"},"content":{"rendered":"<h1><strong>BNK\/BNG &#8211; Assessment system for sustainable small-scale housing\/assessment system for sustainable buildings<\/strong><\/h1>\n<p>We support you with your BNK\/BNG certification.<\/p>\n\t<a class=\"paoc-popup-click paoc-popup-cust-6225 paoc-popup-button paoc-popup-btn \" href=\"javascript:void(0);\">Kontaktieren Sie uns<\/a>\r\n\n<span style=\"font-weight: 400;\">Das BNK\/BNG Zertifikat ist ein G\u00fctesiegel f\u00fcr nachhaltiges Bauen, das Wohngeb\u00e4ude in Deutschland auszeichnet. Seit dem 01.01.2023 k\u00f6nnen alle Wohngeb\u00e4udegr\u00f6\u00dfen zertifiziert werden: Das <strong>Bewertungssystem Nachhaltiger Kleinwohnungsbau<\/strong> (BNK) f\u00fcr Geb\u00e4ude mit 1 bis 5 Wohneinheiten und\u00a0 das <strong>Bewertungssystem Nachhaltige Geb\u00e4ude<\/strong> (BNG) f\u00fcr Geb\u00e4ude mit mehr als 5 Wohneinheiten.\u00a0<\/span><\/p>\n<p><span style=\"font-weight: 400;\">Der Zertifizierungsprozess verl\u00e4uft parallel zur Planung und dem Bau des Geb\u00e4udes. Ein BNK\/BNG Auditor begleitet das Projekt von der Planungsphase bis zur Fertigstellung. Die Zertifizierung erfolgt in mehreren Schritten:<\/span><\/p>\n<ol>\n<li style=\"font-weight: 400;\" aria-level=\"1\"><b>Auswahl eines BNK\/BNG Auditors:<\/b><span style=\"font-weight: 400;\"> Diese sind von BiRN ausgebildete Experten f\u00fcr nachhaltiges Bauen, wie Architekten, Ingenieure oder Energieberater. Sie unterst\u00fctzen bei der Planung und Umsetzung der Nachhaltigkeitsziele.<\/span><\/li>\n<li style=\"font-weight: 400;\" aria-level=\"1\"><b>Anmeldung des Projekts bei BiRN:<\/b><span style=\"font-weight: 400;\"> Der Bauherr meldet das Geb\u00e4ude zur Zertifizierung an und schlie\u00dft Vertr\u00e4ge mit dem Auditor sowie der Zertifizierungsstelle BiRN ab.<\/span><\/li>\n<\/ol>\n<p><b>Festlegung der nachhaltigen Planungsziele und Dokumentation:<\/b><span style=\"font-weight: 400;\"> Gemeinsam mit dem Auditor werden nachhaltige Ziele definiert und die erforderlichen Unterlagen erstellt. Nach Abschluss des Baus pr\u00fcft BiRN die Dokumentation und stellt bei erfolgreicher Pr\u00fcfung das Zertifikat aus.\u00a0<\/span><\/p>\n<p>Das BNG\/BNK Zertifikat ist eine der Auszeichnungen, die als Voraussetzung f\u00fcr den Erhalt des <a href=\"https:\/\/hoinka.com\/leistungen\/bnb-bnk-bng-qng-nawoh-klimafreundlicher-neubau\/qng\/\">QNG<\/a> und somit auch f\u00fcr die <a href=\"https:\/\/hoinka.com\/leistungen\/bnb-bnk-bng-qng-nawoh-klimafreundlicher-neubau\/klimafreundlicher-neubau\/\">F\u00f6rderung Klimafreundlicher Neubau<\/a> mit QNG gelten. Mit der F\u00f6rderung Klimafreundlicher Neubau bietet die KFW im Rahmen der Bundesf\u00f6rderung f\u00fcr effiziente Geb\u00e4ude (BEG) zinsg\u00fcnstige Kredite f\u00fcr klimafreundliche Neubauprojekte. Projekte, die die Anforderungen f\u00fcr QNG-Plus oder -Premium erf\u00fcllen und mit einem Nachhaltigkeitszertifikat augezeichnet werden, qualifizieren sich f\u00fcr eine h\u00f6here F\u00f6rderung.<\/p>\n<div class=\"flex-grid top-xs-xxl\"><div class=\"row gutter-md\"><div class=\"flex-entry entry col col-xs-12 col-sm-6 col-md-4 col-lg-4 post-13860 page type-page status-publish has-post-thumbnail boxed aspect-ratio has-bg-image has-bg-link has-overlay light-content\" style=\"--aspect-ratio:700\/526;\"><div class=\"aspect-outer\"><div class=\"aspect-inner column middle-xs end-xs text-xs-center\"><picture class=\"bg-picture\"><source srcset=\"https:\/\/hoinka.com\/wp-content\/uploads\/BNK_BNG_LOGO11-520x390.png\" media=\"(max-width: 520px)\"><img loading=\"lazy\" decoding=\"async\" width=\"700\" height=\"526\" src=\"https:\/\/hoinka.com\/wp-content\/uploads\/BNK_BNG_LOGO11-700x526.png\" class=\"wp-post-image bg-image\" alt=\"Das BNK BNG Logo gr\u00fcn auf wei\u00dfem Hintergrund\" srcset=\"https:\/\/hoinka.com\/wp-content\/uploads\/BNK_BNG_LOGO11-700x526.png 700w, https:\/\/hoinka.com\/wp-content\/uploads\/BNK_BNG_LOGO11-520x390.png 520w\" sizes=\"auto, (max-width: 700px) 100vw, 700px\" \/><\/picture><span class=\"overlay overlay-gradient\"><\/span><header class=\"entry-header\"><h3 class=\"entry-title\"><a href=\"https:\/\/hoinka.com\/en\/building-certification\/bnk-bng\/bnk-bng-certification\/\" title=\"BNK\/BNG certification\">BNK\/BNG certification<\/a><\/h3><\/header><a class=\"bg-link\" href=\"https:\/\/hoinka.com\/en\/building-certification\/bnk-bng\/bnk-bng-certification\/\"><span class=\"screen-reader-text\" aria-hidden=\"true\">BNK\/BNG certification<\/span><\/a><\/div><\/div><\/div><div class=\"flex-entry entry col col-xs-12 col-sm-6 col-md-4 col-lg-4 post-12086 page type-page status-publish has-post-thumbnail boxed aspect-ratio has-bg-image has-bg-link has-overlay light-content\" style=\"--aspect-ratio:700\/526;\"><div class=\"aspect-outer\"><div class=\"aspect-inner column middle-xs end-xs text-xs-center\"><picture class=\"bg-picture\"><source srcset=\"https:\/\/hoinka.com\/wp-content\/uploads\/BNK_BNG_LOGO11-520x390.png\" media=\"(max-width: 520px)\"><img loading=\"lazy\" decoding=\"async\" width=\"700\" height=\"526\" src=\"https:\/\/hoinka.com\/wp-content\/uploads\/BNK_BNG_LOGO11-700x526.png\" class=\"wp-post-image bg-image\" alt=\"Das BNK BNG Logo gr\u00fcn auf wei\u00dfem Hintergrund\" srcset=\"https:\/\/hoinka.com\/wp-content\/uploads\/BNK_BNG_LOGO11-700x526.png 700w, https:\/\/hoinka.com\/wp-content\/uploads\/BNK_BNG_LOGO11-520x390.png 520w\" sizes=\"auto, (max-width: 700px) 100vw, 700px\" \/><\/picture><span class=\"overlay overlay-gradient\"><\/span><header class=\"entry-header\"><h3 class=\"entry-title\"><a href=\"https:\/\/hoinka.com\/en\/building-certification\/bnk-bng\/gpc-certification\/\" title=\"BNK\/BNG criteria\">BNK\/BNG criteria<\/a><\/h3><\/header><a class=\"bg-link\" href=\"https:\/\/hoinka.com\/en\/building-certification\/bnk-bng\/gpc-certification\/\"><span class=\"screen-reader-text\" aria-hidden=\"true\">BNK\/BNG criteria<\/span><\/a><\/div><\/div><\/div><div class=\"flex-entry entry col col-xs-12 col-sm-6 col-md-4 col-lg-4 post-12096 page type-page status-publish has-post-thumbnail boxed aspect-ratio has-bg-image has-bg-link has-overlay light-content\" style=\"--aspect-ratio:700\/526;\"><div class=\"aspect-outer\"><div class=\"aspect-inner column middle-xs end-xs text-xs-center\"><picture class=\"bg-picture\"><source srcset=\"https:\/\/hoinka.com\/wp-content\/uploads\/BNK_BNG_LOGO11-520x390.png\" media=\"(max-width: 520px)\"><img loading=\"lazy\" decoding=\"async\" width=\"700\" height=\"526\" src=\"https:\/\/hoinka.com\/wp-content\/uploads\/BNK_BNG_LOGO11-700x526.png\" class=\"wp-post-image bg-image\" alt=\"Das BNK BNG Logo gr\u00fcn auf wei\u00dfem Hintergrund\" srcset=\"https:\/\/hoinka.com\/wp-content\/uploads\/BNK_BNG_LOGO11-700x526.png 700w, https:\/\/hoinka.com\/wp-content\/uploads\/BNK_BNG_LOGO11-520x390.png 520w\" sizes=\"auto, (max-width: 700px) 100vw, 700px\" \/><\/picture><span class=\"overlay overlay-gradient\"><\/span><header class=\"entry-header\"><h3 class=\"entry-title\"><a href=\"https:\/\/hoinka.com\/en\/building-certification\/bnk-bng\/bnk-bng-costs\/\" title=\"BNK\/BNG costs\">BNK\/BNG costs<\/a><\/h3><\/header><a class=\"bg-link\" href=\"https:\/\/hoinka.com\/en\/building-certification\/bnk-bng\/bnk-bng-costs\/\"><span class=\"screen-reader-text\" aria-hidden=\"true\">BNK\/BNG costs<\/span><\/a><\/div><\/div><\/div><div class=\"flex-entry entry col col-xs-12 col-sm-6 col-md-4 col-lg-4 post-12092 page type-page status-publish has-post-thumbnail boxed aspect-ratio has-bg-image has-bg-link has-overlay light-content\" style=\"--aspect-ratio:700\/526;\"><div class=\"aspect-outer\"><div class=\"aspect-inner column middle-xs end-xs text-xs-center\"><picture class=\"bg-picture\"><source srcset=\"https:\/\/hoinka.com\/wp-content\/uploads\/BNK_BNG_LOGO11-520x390.png\" media=\"(max-width: 520px)\"><img loading=\"lazy\" decoding=\"async\" width=\"700\" height=\"526\" src=\"https:\/\/hoinka.com\/wp-content\/uploads\/BNK_BNG_LOGO11-700x526.png\" class=\"wp-post-image bg-image\" alt=\"Das BNK BNG Logo gr\u00fcn auf wei\u00dfem Hintergrund\" srcset=\"https:\/\/hoinka.com\/wp-content\/uploads\/BNK_BNG_LOGO11-700x526.png 700w, https:\/\/hoinka.com\/wp-content\/uploads\/BNK_BNG_LOGO11-520x390.png 520w\" sizes=\"auto, (max-width: 700px) 100vw, 700px\" \/><\/picture><span class=\"overlay overlay-gradient\"><\/span><header class=\"entry-header\"><h3 class=\"entry-title\"><a href=\"https:\/\/hoinka.com\/en\/building-certification\/bnk-bng\/bnk-bng-auditor\/\" title=\"BNK\/BNG Auditor\">BNK\/BNG Auditor<\/a><\/h3><\/header><a class=\"bg-link\" href=\"https:\/\/hoinka.com\/en\/building-certification\/bnk-bng\/bnk-bng-auditor\/\"><span class=\"screen-reader-text\" aria-hidden=\"true\">BNK\/BNG Auditor<\/span><\/a><\/div><\/div><\/div><div class=\"flex-entry entry col col-xs-12 col-sm-6 col-md-4 col-lg-4 post-12100 page type-page status-publish has-post-thumbnail boxed aspect-ratio has-bg-image has-bg-link has-overlay light-content\" style=\"--aspect-ratio:700\/526;\"><div class=\"aspect-outer\"><div class=\"aspect-inner column middle-xs end-xs text-xs-center\"><picture class=\"bg-picture\"><source srcset=\"https:\/\/hoinka.com\/wp-content\/uploads\/BNK_BNG_LOGO11-520x390.png\" media=\"(max-width: 520px)\"><img loading=\"lazy\" decoding=\"async\" width=\"700\" height=\"526\" src=\"https:\/\/hoinka.com\/wp-content\/uploads\/BNK_BNG_LOGO11-700x526.png\" class=\"wp-post-image bg-image\" alt=\"Das BNK BNG Logo gr\u00fcn auf wei\u00dfem Hintergrund\" srcset=\"https:\/\/hoinka.com\/wp-content\/uploads\/BNK_BNG_LOGO11-700x526.png 700w, https:\/\/hoinka.com\/wp-content\/uploads\/BNK_BNG_LOGO11-520x390.png 520w\" sizes=\"auto, (max-width: 700px) 100vw, 700px\" \/><\/picture><span class=\"overlay overlay-gradient\"><\/span><header class=\"entry-header\"><h3 class=\"entry-title\"><a href=\"https:\/\/hoinka.com\/en\/building-certification\/bnk-bng\/birn\/\" title=\"BiRN\">BiRN<\/a><\/h3><\/header><a class=\"bg-link\" href=\"https:\/\/hoinka.com\/en\/building-certification\/bnk-bng\/birn\/\"><span class=\"screen-reader-text\" aria-hidden=\"true\">BiRN<\/span><\/a><\/div><\/div><\/div><\/div><\/div>\n<p style=\"text-align: left;\">Wir beantworten Fragen, beraten und unterst\u00fctzen Sie bei der erfolgreichen Erf\u00fcllung Ihrer BNK\/BNG Zertifizierung. Erfahren Sie mehr \u00fcber das Bewertungssystem in Bezug auf die die Anforderungskriterien, die Zertifizierungskosten und den Ablauf einer Zertifizierung.<\/p>\n<p class=\"buttonpopup\" style=\"text-align: center;\">\t<a class=\"paoc-popup-click paoc-popup-cust-6251 paoc-popup-button paoc-popup-btn \" href=\"javascript:void(0);\">Angebot anfordern<\/a>\r\n\n<p style=\"text-align: center;\">Phone <a class=\"\" href=\"tel:+49%20711%2062049-340\">+49 711 62049-340<\/a><br \/>\nEmail <a class=\"\" href=\"mailto:info@hoinka.com\">info@hoinka.com<\/a><\/p>\n","protected":false},"excerpt":{"rendered":"<h2>BiRN &#8211; Building Institute for Resource Efficient and Sustainable Construction<\/h2>\n<p><span style=\"font-weight: 400;\">The BiRN &#8211; Bau-Institut f\u00fcr Ressourceneffizientes und Nachhaltiges Bauen GmbH &#8211; is based in Bamberg, Germany. It specializes in the promotion of resource-efficient and sustainable construction. The institute offers various <\/span>&hellip; <a href=\"https:\/\/hoinka.com\/en\/building-certification\/bnk-bng\/birn\/\" class=\"read-more\">Read the rest <\/a><\/p>","protected":false},"author":7,"featured_media":12313,"parent":7146,"menu_order":6,"comment_status":"closed","ping_status":"closed","template":"sections.php","meta":{"_acf_changed":false,"_genesis_hide_title":false,"_genesis_hide_breadcrumbs":false,"_genesis_hide_singular_image":false,"_genesis_hide_footer_widgets":false,"_genesis_custom_body_class":"","_genesis_custom_post_class":"","_genesis_layout":"full-width-content","footnotes":"","_links_to":"","_links_to_target":""},"class_list":{"0":"post-12082","1":"page","2":"type-page","3":"status-publish","4":"has-post-thumbnail","6":"entry"},"acf":[],"yoast_head":"<!-- This site is optimized with the Yoast SEO plugin v27.0 - https:\/\/yoast.com\/product\/yoast-seo-wordpress\/ -->\n<title>BNK\/BNG Assessment system for sustainable building &#8211; HOINKA<\/title>\n<meta name=\"description\" content=\"Find out more about the BNK\/BNG assessment system of the Bau-Institut f\u00fcr Ressourceneffizientes und Nachhaltiges Bauen (BiRN).\" \/>\n<meta name=\"robots\" content=\"index, follow, max-snippet:-1, max-image-preview:large, max-video-preview:-1\" \/>\n<link rel=\"canonical\" href=\"https:\/\/hoinka.com\/en\/building-certification\/bnk-bng\/\" \/>\n<meta property=\"og:locale\" content=\"en_US\" \/>\n<meta property=\"og:type\" content=\"article\" \/>\n<meta property=\"og:title\" content=\"BNK\/BNG Assessment system for sustainable building &#8211; HOINKA\" \/>\n<meta property=\"og:description\" content=\"Find out more about the BNK\/BNG assessment system of the Bau-Institut f\u00fcr Ressourceneffizientes und Nachhaltiges Bauen (BiRN).\" \/>\n<meta property=\"og:url\" content=\"https:\/\/hoinka.com\/en\/building-certification\/bnk-bng\/\" \/>\n<meta property=\"og:site_name\" content=\"HOINKA\" \/>\n<meta property=\"article:publisher\" content=\"https:\/\/de-de.facebook.com\/pages\/category\/Consulting-Agency\/HOINKA-GmbH-202893899755765\/\" \/>\n<meta property=\"article:modified_time\" content=\"2025-08-04T08:06:10+00:00\" \/>\n<meta property=\"og:image\" content=\"https:\/\/hoinka.com\/wp-content\/uploads\/BNK_BNG_LOGO11.png\" \/>\n\t<meta property=\"og:image:width\" content=\"720\" \/>\n\t<meta property=\"og:image:height\" content=\"720\" \/>\n\t<meta property=\"og:image:type\" content=\"image\/png\" \/>\n<meta name=\"twitter:card\" content=\"summary_large_image\" \/>\n<meta name=\"twitter:label1\" content=\"Est. reading time\" \/>\n\t<meta name=\"twitter:data1\" content=\"2 minutes\" \/>\n<script type=\"application\/ld+json\" class=\"yoast-schema-graph\">{\"@context\":\"https:\/\/schema.org\",\"@graph\":[{\"@type\":\"WebPage\",\"@id\":\"https:\/\/hoinka.com\/en\/building-certification\/bnk-bng\/\",\"url\":\"https:\/\/hoinka.com\/en\/building-certification\/bnk-bng\/\",\"name\":\"BNK\/BNG Assessment system for sustainable building &#8211; HOINKA\",\"isPartOf\":{\"@id\":\"https:\/\/hoinka.com\/en\/#website\"},\"primaryImageOfPage\":{\"@id\":\"https:\/\/hoinka.com\/en\/building-certification\/bnk-bng\/#primaryimage\"},\"image\":{\"@id\":\"https:\/\/hoinka.com\/en\/building-certification\/bnk-bng\/#primaryimage\"},\"thumbnailUrl\":\"https:\/\/hoinka.com\/wp-content\/uploads\/BNK_BNG_LOGO11.png\",\"datePublished\":\"2025-03-04T08:53:26+00:00\",\"dateModified\":\"2025-08-04T08:06:10+00:00\",\"description\":\"Find out more about the BNK\/BNG assessment system of the Bau-Institut f\u00fcr Ressourceneffizientes und Nachhaltiges Bauen (BiRN).\",\"breadcrumb\":{\"@id\":\"https:\/\/hoinka.com\/en\/building-certification\/bnk-bng\/#breadcrumb\"},\"inLanguage\":\"en-US\",\"potentialAction\":[{\"@type\":\"ReadAction\",\"target\":[\"https:\/\/hoinka.com\/en\/building-certification\/bnk-bng\/\"]}]},{\"@type\":\"ImageObject\",\"inLanguage\":\"en-US\",\"@id\":\"https:\/\/hoinka.com\/en\/building-certification\/bnk-bng\/#primaryimage\",\"url\":\"https:\/\/hoinka.com\/wp-content\/uploads\/BNK_BNG_LOGO11.png\",\"contentUrl\":\"https:\/\/hoinka.com\/wp-content\/uploads\/BNK_BNG_LOGO11.png\",\"width\":720,\"height\":720,\"caption\":\"Das BNK BNG Logo gr\u00fcn auf wei\u00dfem Hintergrund\"},{\"@type\":\"BreadcrumbList\",\"@id\":\"https:\/\/hoinka.com\/en\/building-certification\/bnk-bng\/#breadcrumb\",\"itemListElement\":[{\"@type\":\"ListItem\",\"position\":1,\"name\":\"Home\",\"item\":\"https:\/\/hoinka.com\/en\/\"},{\"@type\":\"ListItem\",\"position\":2,\"name\":\"Building certification\",\"item\":\"https:\/\/hoinka.com\/en\/building-certification\/\"},{\"@type\":\"ListItem\",\"position\":3,\"name\":\"BNK\/BNG\"}]},{\"@type\":\"WebSite\",\"@id\":\"https:\/\/hoinka.com\/en\/#website\",\"url\":\"https:\/\/hoinka.com\/en\/\",\"name\":\"HOINKA\",\"description\":\"Sustainable Planning - Green Building\",\"publisher\":{\"@id\":\"https:\/\/hoinka.com\/en\/#organization\"},\"potentialAction\":[{\"@type\":\"SearchAction\",\"target\":{\"@type\":\"EntryPoint\",\"urlTemplate\":\"https:\/\/hoinka.com\/en\/?s={search_term_string}\"},\"query-input\":{\"@type\":\"PropertyValueSpecification\",\"valueRequired\":true,\"valueName\":\"search_term_string\"}}],\"inLanguage\":\"en-US\"},{\"@type\":\"Organization\",\"@id\":\"https:\/\/hoinka.com\/en\/#organization\",\"name\":\"HOINKA\",\"url\":\"https:\/\/hoinka.com\/en\/\",\"logo\":{\"@type\":\"ImageObject\",\"inLanguage\":\"en-US\",\"@id\":\"https:\/\/hoinka.com\/en\/#\/schema\/logo\/image\/\",\"url\":\"https:\/\/hoinka.com\/wp-content\/uploads\/logo_hoinka_sm.jpg\",\"contentUrl\":\"https:\/\/hoinka.com\/wp-content\/uploads\/logo_hoinka_sm.jpg\",\"width\":450,\"height\":92,\"caption\":\"HOINKA\"},\"image\":{\"@id\":\"https:\/\/hoinka.com\/en\/#\/schema\/logo\/image\/\"},\"sameAs\":[\"https:\/\/de-de.facebook.com\/pages\/category\/Consulting-Agency\/HOINKA-GmbH-202893899755765\/\",\"https:\/\/www.linkedin.com\/company\/hoinka-gmbh?originalSubdomain=de\"]}]}<\/script>\n<!-- \/ Yoast SEO plugin. -->","yoast_head_json":{"title":"BNK\/BNG Assessment system for sustainable building &#8211; HOINKA","description":"Find out more about the BNK\/BNG assessment system of the Bau-Institut f\u00fcr Ressourceneffizientes und Nachhaltiges Bauen (BiRN).","robots":{"index":"index","follow":"follow","max-snippet":"max-snippet:-1","max-image-preview":"max-image-preview:large","max-video-preview":"max-video-preview:-1"},"canonical":"https:\/\/hoinka.com\/en\/building-certification\/bnk-bng\/","og_locale":"en_US","og_type":"article","og_title":"BNK\/BNG Assessment system for sustainable building &#8211; HOINKA","og_description":"Find out more about the BNK\/BNG assessment system of the Bau-Institut f\u00fcr Ressourceneffizientes und Nachhaltiges Bauen (BiRN).","og_url":"https:\/\/hoinka.com\/en\/building-certification\/bnk-bng\/","og_site_name":"HOINKA","article_publisher":"https:\/\/de-de.facebook.com\/pages\/category\/Consulting-Agency\/HOINKA-GmbH-202893899755765\/","article_modified_time":"2025-08-04T08:06:10+00:00","og_image":[{"width":720,"height":720,"url":"https:\/\/hoinka.com\/wp-content\/uploads\/BNK_BNG_LOGO11.png","type":"image\/png"}],"twitter_card":"summary_large_image","twitter_misc":{"Est. reading time":"2 minutes"},"schema":{"@context":"https:\/\/schema.org","@graph":[{"@type":"WebPage","@id":"https:\/\/hoinka.com\/en\/building-certification\/bnk-bng\/","url":"https:\/\/hoinka.com\/en\/building-certification\/bnk-bng\/","name":"BNK\/BNG Assessment system for sustainable building &#8211; HOINKA","isPartOf":{"@id":"https:\/\/hoinka.com\/en\/#website"},"primaryImageOfPage":{"@id":"https:\/\/hoinka.com\/en\/building-certification\/bnk-bng\/#primaryimage"},"image":{"@id":"https:\/\/hoinka.com\/en\/building-certification\/bnk-bng\/#primaryimage"},"thumbnailUrl":"https:\/\/hoinka.com\/wp-content\/uploads\/BNK_BNG_LOGO11.png","datePublished":"2025-03-04T08:53:26+00:00","dateModified":"2025-08-04T08:06:10+00:00","description":"Find out more about the BNK\/BNG assessment system of the Bau-Institut f\u00fcr Ressourceneffizientes und Nachhaltiges Bauen (BiRN).","breadcrumb":{"@id":"https:\/\/hoinka.com\/en\/building-certification\/bnk-bng\/#breadcrumb"},"inLanguage":"en-US","potentialAction":[{"@type":"ReadAction","target":["https:\/\/hoinka.com\/en\/building-certification\/bnk-bng\/"]}]},{"@type":"ImageObject","inLanguage":"en-US","@id":"https:\/\/hoinka.com\/en\/building-certification\/bnk-bng\/#primaryimage","url":"https:\/\/hoinka.com\/wp-content\/uploads\/BNK_BNG_LOGO11.png","contentUrl":"https:\/\/hoinka.com\/wp-content\/uploads\/BNK_BNG_LOGO11.png","width":720,"height":720,"caption":"Das BNK BNG Logo gr\u00fcn auf wei\u00dfem Hintergrund"},{"@type":"BreadcrumbList","@id":"https:\/\/hoinka.com\/en\/building-certification\/bnk-bng\/#breadcrumb","itemListElement":[{"@type":"ListItem","position":1,"name":"Home","item":"https:\/\/hoinka.com\/en\/"},{"@type":"ListItem","position":2,"name":"Building certification","item":"https:\/\/hoinka.com\/en\/building-certification\/"},{"@type":"ListItem","position":3,"name":"BNK\/BNG"}]},{"@type":"WebSite","@id":"https:\/\/hoinka.com\/en\/#website","url":"https:\/\/hoinka.com\/en\/","name":"HOINKA","description":"Sustainable Planning - Green Building","publisher":{"@id":"https:\/\/hoinka.com\/en\/#organization"},"potentialAction":[{"@type":"SearchAction","target":{"@type":"EntryPoint","urlTemplate":"https:\/\/hoinka.com\/en\/?s={search_term_string}"},"query-input":{"@type":"PropertyValueSpecification","valueRequired":true,"valueName":"search_term_string"}}],"inLanguage":"en-US"},{"@type":"Organization","@id":"https:\/\/hoinka.com\/en\/#organization","name":"HOINKA","url":"https:\/\/hoinka.com\/en\/","logo":{"@type":"ImageObject","inLanguage":"en-US","@id":"https:\/\/hoinka.com\/en\/#\/schema\/logo\/image\/","url":"https:\/\/hoinka.com\/wp-content\/uploads\/logo_hoinka_sm.jpg","contentUrl":"https:\/\/hoinka.com\/wp-content\/uploads\/logo_hoinka_sm.jpg","width":450,"height":92,"caption":"HOINKA"},"image":{"@id":"https:\/\/hoinka.com\/en\/#\/schema\/logo\/image\/"},"sameAs":["https:\/\/de-de.facebook.com\/pages\/category\/Consulting-Agency\/HOINKA-GmbH-202893899755765\/","https:\/\/www.linkedin.com\/company\/hoinka-gmbh?originalSubdomain=de"]}]}},"_links":{"self":[{"href":"https:\/\/hoinka.com\/en\/wp-json\/wp\/v2\/pages\/12082","targetHints":{"allow":["GET"]}}],"collection":[{"href":"https:\/\/hoinka.com\/en\/wp-json\/wp\/v2\/pages"}],"about":[{"href":"https:\/\/hoinka.com\/en\/wp-json\/wp\/v2\/types\/page"}],"author":[{"embeddable":true,"href":"https:\/\/hoinka.com\/en\/wp-json\/wp\/v2\/users\/7"}],"replies":[{"embeddable":true,"href":"https:\/\/hoinka.com\/en\/wp-json\/wp\/v2\/comments?post=12082"}],"version-history":[{"count":7,"href":"https:\/\/hoinka.com\/en\/wp-json\/wp\/v2\/pages\/12082\/revisions"}],"predecessor-version":[{"id":13924,"href":"https:\/\/hoinka.com\/en\/wp-json\/wp\/v2\/pages\/12082\/revisions\/13924"}],"up":[{"embeddable":true,"href":"https:\/\/hoinka.com\/en\/wp-json\/wp\/v2\/pages\/7146"}],"wp:featuredmedia":[{"embeddable":true,"href":"https:\/\/hoinka.com\/en\/wp-json\/wp\/v2\/media\/12313"}],"wp:attachment":[{"href":"https:\/\/hoinka.com\/en\/wp-json\/wp\/v2\/media?parent=12082"}],"curies":[{"name":"wp","href":"https:\/\/api.w.org\/{rel}","templated":true}]}}