{"id":12035,"date":"2025-03-04T10:45:25","date_gmt":"2025-03-04T09:45:25","guid":{"rendered":"https:\/\/dev.hoinka.com\/?page_id=12035"},"modified":"2025-07-16T10:28:56","modified_gmt":"2025-07-16T08:28:56","slug":"bnb-certification","status":"publish","type":"page","link":"https:\/\/hoinka.com\/en\/building-certification\/bnb\/bnb-certification\/","title":{"rendered":"BNB certification"},"content":{"rendered":"<h1>BNB\u00a0 &#8211; Bewertungssystem Nachhaltiges Bauen<\/h1>\n<h2>Was ist BNB?<\/h2>\n<p><span style=\"font-weight: 400;\">Das Bewertungssystem Nachhaltiges Bauen (BNB) ist ein Instrument zur Planung und Bewertung nachhaltiger Bauvorhaben, insbesondere im \u00f6ffentlichen Sektor. Es erg\u00e4nzt den <\/span><a href=\"https:\/\/www.bnb-nachhaltigesbauen.de\/fileadmin\/publikationen\/BBSR_LFNB_D_190125.pdf\"><span style=\"font-weight: 400;\">Leitfaden Nachhaltiges Bauen<\/span><\/a><span style=\"font-weight: 400;\"> des Bundesministeriums f\u00fcr Wohnen, Stadtentwicklung und Bauwesen (BMWSB) und bietet eine ganzheitliche Bewertungsmethodik f\u00fcr (Bundes-)Geb\u00e4ude und deren Umfeld. In einer zweij\u00e4hrigen Zusammenarbeit vom Bundesbauministerium und der <a href=\"https:\/\/hoinka.com\/?page_id=5864\">DGNB<\/a> wurde der erste Kriterienkatalog f\u00fcr das Bewertungssystem Nachhaltiges Bauen, basierend auf den Anforderungen des Leitfadens, entwickelt.\u00a0<\/span><\/p>\n<p><span style=\"font-weight: 400;\">Das System dient nicht nur der abschlie\u00dfenden Bewertung, sondern auch der Qualit\u00e4tssicherung w\u00e4hrend der Planungs- und Bauphase. Die Nachhaltigkeitskriterien des BNB sollten also bereits bei der Projektplanung als Orientierung f\u00fcr die Zielvereinbarung eines Bauvorhabens genutzt werden. So wird die Umsetzung der Systemanforderungen auch w\u00e4hrend der Bauphase sichergestellt.\u00a0<\/span><\/p>\n<p><span style=\"font-weight: 400;\">Die Beratung und Zusammenstellung der zur Bewertung erforderlichen Unterlagen erfolgt durch ausgebildete <a href=\"https:\/\/hoinka.com\/gebaeudezertifizierung\/bnb\/bnb-nachhaltigkeitskoordinator\/\" target=\"_blank\" rel=\"noopener\">BNB-Nachhaltigkeitskoordinatoren<\/a>.<\/span><\/p>\n<h2>Bewertungssystem Nachhaltiges Bauen (BNB) &#8211; ein ganzheitlicher Ansatz:<\/h2>\n<p><span style=\"font-weight: 400;\">Das BNB ber\u00fccksichtigt den gesamten Lebenszyklus eines Geb\u00e4udes und bewertet dabei folgende Qualit\u00e4ten und Merkmale:<\/span><\/p>\n<ul>\n<li style=\"list-style-type: none;\">\n<ul>\n<li style=\"font-weight: 400;\" aria-level=\"1\"><b>\u00d6kologische Qualit\u00e4t:<\/b><span style=\"font-weight: 400;\"> Umweltvertr\u00e4glichkeit und Ressourcenschonung.<\/span><\/li>\n<li style=\"font-weight: 400;\" aria-level=\"1\"><b>\u00d6konomische Qualit\u00e4t:<\/b><span style=\"font-weight: 400;\"> Lebenszykluskosten und Wirtschaftlichkeit.<\/span><\/li>\n<li style=\"font-weight: 400;\" aria-level=\"1\"><b>Soziokulturelle Qualit\u00e4t:<\/b><span style=\"font-weight: 400;\"> Nutzerkomfort, Gesundheit und kulturelle Aspekte.<\/span><\/li>\n<li style=\"font-weight: 400;\" aria-level=\"1\"><b>Technische Qualit\u00e4t:<\/b><span style=\"font-weight: 400;\"> Funktionalit\u00e4t und technische Ausf\u00fchrung.<\/span><\/li>\n<li style=\"font-weight: 400;\" aria-level=\"1\"><b>Prozessqualit\u00e4t:<\/b><span style=\"font-weight: 400;\"> Planungs- und Bauprozesse.<\/span><\/li>\n<li style=\"font-weight: 400;\" aria-level=\"1\"><b>Standortmerkmale: <\/b><span style=\"font-weight: 400;\">besondere Standorteigenschaften, informative Beschreibung ohne Einfluss auf das Gesamtergebnis.<\/span><\/li>\n<\/ul>\n<\/li>\n<\/ul>\n<p><span style=\"font-weight: 400;\">Diese umfassende Betrachtung zielt darauf ab, die <\/span><b>\u00f6kologischen, \u00f6konomischen und sozialen Schutzziele<\/b><span style=\"font-weight: 400;\"> des nachhaltigen Bauens zu bewahren, also allgemeine G\u00fcter wie Umwelt, Ressourcen, Gesundheit, Kultur und Kapital zu sch\u00fctzen.<\/span><\/p>\n<h2>F\u00fcr welche Projekte l\u00e4sst sich das Bewertungssystem Nachhaltiges Bauen anwenden?<\/h2>\n<p><span style=\"font-weight: 400;\">Der Leitfaden Nachhaltiges Bauen und das <strong>BNB<\/strong> wurden f\u00fcr <\/span><b>Bundesgeb\u00e4ude<\/b><span style=\"font-weight: 400;\"> entwickelt und finden verpflichtend bei allen Bauprojekten des Bundesbauministeriums Anwendung.<\/span><\/p>\n<p><span style=\"font-weight: 400;\">Der Leitfaden und das Bewertungssystem Nachhaltiges Bauen d\u00fcrfen aber auch kostenfrei von L\u00e4ndern, Kommunen oder der Privatwirtschaft als Grundlage f\u00fcr eine nachhaltige Planung genutzt werden.\u00a0<\/span><\/p>\n<p><span style=\"font-weight: 400;\">Grunds\u00e4tzlich gelten die Anforderungen des BNB gleicherma\u00dfen f\u00fcr alle Geb\u00e4udetypen, f\u00fcr nutzungsspezifische Besonderheiten wurden allerdings Systemvarianten f\u00fcr verschiedene Nutzungsarten entwickelt. Aktuell stehen Varianten f\u00fcr <\/span><b>B\u00fcro- und Verwaltungsgeb\u00e4ude<\/b><span style=\"font-weight: 400;\">, <\/span><b>Unterrichtsgeb\u00e4ude, Laborgeb\u00e4ude<\/b><span style=\"font-weight: 400;\"> sowie <\/span><b>Au\u00dfenanlagen<\/b><span style=\"font-weight: 400;\"> zur Verf\u00fcgung. Zudem wurden Module f\u00fcr <\/span><b>Neubau, Komplettmodernisierung<\/b><span style=\"font-weight: 400;\"> sowie <\/span><b>Nutzung und Betrieb<\/b><span style=\"font-weight: 400;\"> entwickelt, um eine kontinuierliche Bewertung in unterschiedlichen Lebenszyklusphasen zu erm\u00f6glichen.<\/span><\/p>\n<h2>Sinngem\u00e4\u00dfe BNB-Anwendung<\/h2>\n<p><span style=\"font-weight: 400;\">Eine Besonderheit im Bewertungssystem Nachhaltiges Bauen ist die M\u00f6glichkeit zur \u201csinngem\u00e4\u00dfen BNB-Anwendung\u201d f\u00fcr Bauvorhaben, die keiner der BNB-Systemvarianten zugeordnet werden k\u00f6nnen. Hierf\u00fcr werden die Kriterien zu Beginn einzeln auf ihre Anwendbarkeit gepr\u00fcft und gegebenenfalls angepasst. So k\u00f6nnen trotzdem Ma\u00dfnahmen zum Erhalt der Schutzziele definiert und w\u00e4hrend der Projektlaufzeit als Orientierung genutzt werden. Die anzuwendenden Ersatzverfahren zur Nachweisf\u00fchrung wurden durch das BMWSB ver\u00f6ffentlicht.\u00a0<\/span><\/p>\n<h2>Wie l\u00e4uft eine Zertifizierung mit dem Bewertungssystem Nachhaltiges Bauen ab?<\/h2>\n<ol>\n<li style=\"font-weight: 400;\" aria-level=\"1\"><span style=\"font-weight: 400;\">Festlegung von Zielwerten f\u00fcr die Geb\u00e4udequalit\u00e4ten anhand der BNB-Kriterien<\/span><\/li>\n<li style=\"font-weight: 400;\" aria-level=\"1\"><span style=\"font-weight: 400;\">Abstimmungen und Optimierungen im Planungsteam<\/span><\/li>\n<li style=\"font-weight: 400;\" aria-level=\"1\"><span style=\"font-weight: 400;\">Zwischenbewertungen zum Planungsstand anhand der BNB-Kriterien\u00a0<\/span><\/li>\n<li style=\"font-weight: 400;\" aria-level=\"1\"><span style=\"font-weight: 400;\">Planungs- und baubegleitende Dokumentation zu den BNB-Kriterien \/ erreichten Qualit\u00e4ten<\/span><\/li>\n<li style=\"font-weight: 400;\" aria-level=\"1\"><span style=\"font-weight: 400;\">\u00dcberpr\u00fcfung durch Konformit\u00e4tspr\u00fcfungsstelle<\/span><\/li>\n<li style=\"font-weight: 400;\" aria-level=\"1\"><span style=\"font-weight: 400;\">Vergabe des BNB-Zertifikates<\/span><\/li>\n<\/ol>\n<p><span style=\"font-weight: 400;\">F\u00fcr Bundesgeb\u00e4ude sind f\u00fcr die Umsetzung des Leitfadens Nachhaltiges Bauen und BNB eigene Nachhaltigkeitskoordinatoren und Konformit\u00e4tspr\u00fcfungsstellen verantwortlich. F\u00fcr andere Bauvorhaben, beispielsweise auf Landes- oder kommunaler Ebene, werden Zertifizierungen von anerkannten Systembetreibern bzw. Zertifizierungsstellen durchgef\u00fchrt. <\/span><span style=\"font-weight: 400;\">Auch in diesem Fall ist die Begleitung der Zertifizierung durch einen BNB-Nachhaltigkeitskoordinator notwendig. Eine aktuelle Liste der akkreditierten Zertifizierungstellen, die die Pr\u00fcfung der Nachweisunterlagen und die Auszeichnung nach BNB f\u00fcr Bauprojekte anbieten, finden Sie auf der <\/span><a href=\"https:\/\/www.bnb-nachhaltigesbauen.de\/austausch\/weitere-ansprechpartner\/\"><span style=\"font-weight: 400;\">Webseite des Bundesbauministeriums<\/span><\/a><span style=\"font-weight: 400;\">.\u00a0<\/span><\/p>\n<p>Quellen:\u00a0<a href=\"https:\/\/www.bnb-nachhaltigesbauen.de\/bewertungssystem.html\" target=\"_blank\" rel=\"noopener\">https:\/\/www.bnb-nachhaltigesbauen.de\/bewertungssystem.html<\/a><\/p>\n<p class=\"buttonpopup\" style=\"text-align: center;\">\t<a class=\"paoc-popup-click paoc-popup-cust-6251 paoc-popup-button paoc-popup-btn \" href=\"javascript:void(0);\">Angebot anfordern<\/a>\r\n\n<p style=\"text-align: center;\">Phone <a class=\"\" href=\"tel:+49%20711%2062049-340\">+49 711 62049-340<\/a><br \/>\nEmail <a class=\"\" href=\"mailto:info@hoinka.com\">info@hoinka.com<\/a><\/p>\n","protected":false},"excerpt":{"rendered":"<p>BNB\u00a0 &#8211; Bewertungssystem Nachhaltiges Bauen Was ist BNB? Das Bewertungssystem Nachhaltiges Bauen (BNB) ist ein Instrument zur Planung und Bewertung nachhaltiger Bauvorhaben, insbesondere im \u00f6ffentlichen Sektor. Es erg\u00e4nzt den Leitfaden Nachhaltiges Bauen des Bundesministeriums f\u00fcr Wohnen, Stadtentwicklung und Bauwesen (BMWSB) und bietet eine ganzheitliche Bewertungsmethodik f\u00fcr (Bundes-)Geb\u00e4ude und deren Umfeld. In einer zweij\u00e4hrigen Zusammenarbeit vom &hellip;<\/p>\n","protected":false},"author":7,"featured_media":6075,"parent":7147,"menu_order":10,"comment_status":"closed","ping_status":"closed","template":"sections.php","meta":{"_acf_changed":false,"_genesis_hide_title":false,"_genesis_hide_breadcrumbs":false,"_genesis_hide_singular_image":false,"_genesis_hide_footer_widgets":false,"_genesis_custom_body_class":"","_genesis_custom_post_class":"","_genesis_layout":"","footnotes":"","_links_to":"","_links_to_target":""},"class_list":{"0":"post-12035","1":"page","2":"type-page","3":"status-publish","4":"has-post-thumbnail","6":"entry"},"acf":[],"yoast_head":"<!-- This site is optimized with the Yoast SEO plugin v27.0 - https:\/\/yoast.com\/product\/yoast-seo-wordpress\/ -->\n<title>BNB certification: Guiding Principles Compliance &#8211; HOINKA<\/title>\n<meta name=\"description\" content=\"We answer questions, advise and support you in the successful fulfillment of your BNB certification\" \/>\n<meta name=\"robots\" content=\"index, follow, max-snippet:-1, max-image-preview:large, max-video-preview:-1\" \/>\n<link rel=\"canonical\" href=\"https:\/\/hoinka.com\/en\/building-certification\/bnb\/bnb-certification\/\" \/>\n<meta property=\"og:locale\" content=\"en_US\" \/>\n<meta property=\"og:type\" content=\"article\" \/>\n<meta property=\"og:title\" content=\"BNB certification: Guiding Principles Compliance &#8211; HOINKA\" \/>\n<meta property=\"og:description\" content=\"We answer questions, advise and support you in the successful fulfillment of your BNB certification\" \/>\n<meta property=\"og:url\" content=\"https:\/\/hoinka.com\/en\/building-certification\/bnb\/bnb-certification\/\" \/>\n<meta property=\"og:site_name\" content=\"HOINKA\" \/>\n<meta property=\"article:publisher\" content=\"https:\/\/de-de.facebook.com\/pages\/category\/Consulting-Agency\/HOINKA-GmbH-202893899755765\/\" \/>\n<meta property=\"article:modified_time\" content=\"2025-07-16T08:28:56+00:00\" \/>\n<meta property=\"og:image\" content=\"https:\/\/hoinka.com\/wp-content\/uploads\/BNB-Bewertungssystem-nachhaltiges-Bauen-Bund-e1739435126443.png\" \/>\n\t<meta property=\"og:image:width\" content=\"928\" \/>\n\t<meta property=\"og:image:height\" content=\"675\" \/>\n\t<meta property=\"og:image:type\" content=\"image\/png\" \/>\n<meta name=\"twitter:card\" content=\"summary_large_image\" \/>\n<meta name=\"twitter:label1\" content=\"Est. reading time\" \/>\n\t<meta name=\"twitter:data1\" content=\"3 minutes\" \/>\n<script type=\"application\/ld+json\" class=\"yoast-schema-graph\">{\"@context\":\"https:\/\/schema.org\",\"@graph\":[{\"@type\":\"WebPage\",\"@id\":\"https:\/\/hoinka.com\/en\/building-certification\/bnb\/bnb-certification\/\",\"url\":\"https:\/\/hoinka.com\/en\/building-certification\/bnb\/bnb-certification\/\",\"name\":\"BNB certification: Guiding Principles Compliance &#8211; HOINKA\",\"isPartOf\":{\"@id\":\"https:\/\/hoinka.com\/en\/#website\"},\"primaryImageOfPage\":{\"@id\":\"https:\/\/hoinka.com\/en\/building-certification\/bnb\/bnb-certification\/#primaryimage\"},\"image\":{\"@id\":\"https:\/\/hoinka.com\/en\/building-certification\/bnb\/bnb-certification\/#primaryimage\"},\"thumbnailUrl\":\"https:\/\/hoinka.com\/wp-content\/uploads\/BNB-Bewertungssystem-nachhaltiges-Bauen-Bund-e1739435126443.png\",\"datePublished\":\"2025-03-04T09:45:25+00:00\",\"dateModified\":\"2025-07-16T08:28:56+00:00\",\"description\":\"We answer questions, advise and support you in the successful fulfillment of your BNB certification\",\"breadcrumb\":{\"@id\":\"https:\/\/hoinka.com\/en\/building-certification\/bnb\/bnb-certification\/#breadcrumb\"},\"inLanguage\":\"en-US\",\"potentialAction\":[{\"@type\":\"ReadAction\",\"target\":[\"https:\/\/hoinka.com\/en\/building-certification\/bnb\/bnb-certification\/\"]}]},{\"@type\":\"ImageObject\",\"inLanguage\":\"en-US\",\"@id\":\"https:\/\/hoinka.com\/en\/building-certification\/bnb\/bnb-certification\/#primaryimage\",\"url\":\"https:\/\/hoinka.com\/wp-content\/uploads\/BNB-Bewertungssystem-nachhaltiges-Bauen-Bund-e1739435126443.png\",\"contentUrl\":\"https:\/\/hoinka.com\/wp-content\/uploads\/BNB-Bewertungssystem-nachhaltiges-Bauen-Bund-e1739435126443.png\",\"width\":928,\"height\":675,\"caption\":\"BNB Bewertungssystem nachhaltiges Bauen Logo\"},{\"@type\":\"BreadcrumbList\",\"@id\":\"https:\/\/hoinka.com\/en\/building-certification\/bnb\/bnb-certification\/#breadcrumb\",\"itemListElement\":[{\"@type\":\"ListItem\",\"position\":1,\"name\":\"Home\",\"item\":\"https:\/\/hoinka.com\/en\/\"},{\"@type\":\"ListItem\",\"position\":2,\"name\":\"Building certification\",\"item\":\"https:\/\/hoinka.com\/en\/building-certification\/\"},{\"@type\":\"ListItem\",\"position\":3,\"name\":\"NBB\",\"item\":\"https:\/\/hoinka.com\/en\/building-certification\/bnb\/\"},{\"@type\":\"ListItem\",\"position\":4,\"name\":\"BNB certification\"}]},{\"@type\":\"WebSite\",\"@id\":\"https:\/\/hoinka.com\/en\/#website\",\"url\":\"https:\/\/hoinka.com\/en\/\",\"name\":\"HOINKA\",\"description\":\"Sustainable Planning - Green Building\",\"publisher\":{\"@id\":\"https:\/\/hoinka.com\/en\/#organization\"},\"potentialAction\":[{\"@type\":\"SearchAction\",\"target\":{\"@type\":\"EntryPoint\",\"urlTemplate\":\"https:\/\/hoinka.com\/en\/?s={search_term_string}\"},\"query-input\":{\"@type\":\"PropertyValueSpecification\",\"valueRequired\":true,\"valueName\":\"search_term_string\"}}],\"inLanguage\":\"en-US\"},{\"@type\":\"Organization\",\"@id\":\"https:\/\/hoinka.com\/en\/#organization\",\"name\":\"HOINKA\",\"url\":\"https:\/\/hoinka.com\/en\/\",\"logo\":{\"@type\":\"ImageObject\",\"inLanguage\":\"en-US\",\"@id\":\"https:\/\/hoinka.com\/en\/#\/schema\/logo\/image\/\",\"url\":\"https:\/\/hoinka.com\/wp-content\/uploads\/logo_hoinka_sm.jpg\",\"contentUrl\":\"https:\/\/hoinka.com\/wp-content\/uploads\/logo_hoinka_sm.jpg\",\"width\":450,\"height\":92,\"caption\":\"HOINKA\"},\"image\":{\"@id\":\"https:\/\/hoinka.com\/en\/#\/schema\/logo\/image\/\"},\"sameAs\":[\"https:\/\/de-de.facebook.com\/pages\/category\/Consulting-Agency\/HOINKA-GmbH-202893899755765\/\",\"https:\/\/www.linkedin.com\/company\/hoinka-gmbh?originalSubdomain=de\"]}]}<\/script>\n<!-- \/ Yoast SEO plugin. -->","yoast_head_json":{"title":"BNB certification: Guiding Principles Compliance &#8211; HOINKA","description":"We answer questions, advise and support you in the successful fulfillment of your BNB certification","robots":{"index":"index","follow":"follow","max-snippet":"max-snippet:-1","max-image-preview":"max-image-preview:large","max-video-preview":"max-video-preview:-1"},"canonical":"https:\/\/hoinka.com\/en\/building-certification\/bnb\/bnb-certification\/","og_locale":"en_US","og_type":"article","og_title":"BNB certification: Guiding Principles Compliance &#8211; HOINKA","og_description":"We answer questions, advise and support you in the successful fulfillment of your BNB certification","og_url":"https:\/\/hoinka.com\/en\/building-certification\/bnb\/bnb-certification\/","og_site_name":"HOINKA","article_publisher":"https:\/\/de-de.facebook.com\/pages\/category\/Consulting-Agency\/HOINKA-GmbH-202893899755765\/","article_modified_time":"2025-07-16T08:28:56+00:00","og_image":[{"width":928,"height":675,"url":"https:\/\/hoinka.com\/wp-content\/uploads\/BNB-Bewertungssystem-nachhaltiges-Bauen-Bund-e1739435126443.png","type":"image\/png"}],"twitter_card":"summary_large_image","twitter_misc":{"Est. reading time":"3 minutes"},"schema":{"@context":"https:\/\/schema.org","@graph":[{"@type":"WebPage","@id":"https:\/\/hoinka.com\/en\/building-certification\/bnb\/bnb-certification\/","url":"https:\/\/hoinka.com\/en\/building-certification\/bnb\/bnb-certification\/","name":"BNB certification: Guiding Principles Compliance &#8211; HOINKA","isPartOf":{"@id":"https:\/\/hoinka.com\/en\/#website"},"primaryImageOfPage":{"@id":"https:\/\/hoinka.com\/en\/building-certification\/bnb\/bnb-certification\/#primaryimage"},"image":{"@id":"https:\/\/hoinka.com\/en\/building-certification\/bnb\/bnb-certification\/#primaryimage"},"thumbnailUrl":"https:\/\/hoinka.com\/wp-content\/uploads\/BNB-Bewertungssystem-nachhaltiges-Bauen-Bund-e1739435126443.png","datePublished":"2025-03-04T09:45:25+00:00","dateModified":"2025-07-16T08:28:56+00:00","description":"We answer questions, advise and support you in the successful fulfillment of your BNB certification","breadcrumb":{"@id":"https:\/\/hoinka.com\/en\/building-certification\/bnb\/bnb-certification\/#breadcrumb"},"inLanguage":"en-US","potentialAction":[{"@type":"ReadAction","target":["https:\/\/hoinka.com\/en\/building-certification\/bnb\/bnb-certification\/"]}]},{"@type":"ImageObject","inLanguage":"en-US","@id":"https:\/\/hoinka.com\/en\/building-certification\/bnb\/bnb-certification\/#primaryimage","url":"https:\/\/hoinka.com\/wp-content\/uploads\/BNB-Bewertungssystem-nachhaltiges-Bauen-Bund-e1739435126443.png","contentUrl":"https:\/\/hoinka.com\/wp-content\/uploads\/BNB-Bewertungssystem-nachhaltiges-Bauen-Bund-e1739435126443.png","width":928,"height":675,"caption":"BNB Bewertungssystem nachhaltiges Bauen Logo"},{"@type":"BreadcrumbList","@id":"https:\/\/hoinka.com\/en\/building-certification\/bnb\/bnb-certification\/#breadcrumb","itemListElement":[{"@type":"ListItem","position":1,"name":"Home","item":"https:\/\/hoinka.com\/en\/"},{"@type":"ListItem","position":2,"name":"Building certification","item":"https:\/\/hoinka.com\/en\/building-certification\/"},{"@type":"ListItem","position":3,"name":"NBB","item":"https:\/\/hoinka.com\/en\/building-certification\/bnb\/"},{"@type":"ListItem","position":4,"name":"BNB certification"}]},{"@type":"WebSite","@id":"https:\/\/hoinka.com\/en\/#website","url":"https:\/\/hoinka.com\/en\/","name":"HOINKA","description":"Sustainable Planning - Green Building","publisher":{"@id":"https:\/\/hoinka.com\/en\/#organization"},"potentialAction":[{"@type":"SearchAction","target":{"@type":"EntryPoint","urlTemplate":"https:\/\/hoinka.com\/en\/?s={search_term_string}"},"query-input":{"@type":"PropertyValueSpecification","valueRequired":true,"valueName":"search_term_string"}}],"inLanguage":"en-US"},{"@type":"Organization","@id":"https:\/\/hoinka.com\/en\/#organization","name":"HOINKA","url":"https:\/\/hoinka.com\/en\/","logo":{"@type":"ImageObject","inLanguage":"en-US","@id":"https:\/\/hoinka.com\/en\/#\/schema\/logo\/image\/","url":"https:\/\/hoinka.com\/wp-content\/uploads\/logo_hoinka_sm.jpg","contentUrl":"https:\/\/hoinka.com\/wp-content\/uploads\/logo_hoinka_sm.jpg","width":450,"height":92,"caption":"HOINKA"},"image":{"@id":"https:\/\/hoinka.com\/en\/#\/schema\/logo\/image\/"},"sameAs":["https:\/\/de-de.facebook.com\/pages\/category\/Consulting-Agency\/HOINKA-GmbH-202893899755765\/","https:\/\/www.linkedin.com\/company\/hoinka-gmbh?originalSubdomain=de"]}]}},"_links":{"self":[{"href":"https:\/\/hoinka.com\/en\/wp-json\/wp\/v2\/pages\/12035","targetHints":{"allow":["GET"]}}],"collection":[{"href":"https:\/\/hoinka.com\/en\/wp-json\/wp\/v2\/pages"}],"about":[{"href":"https:\/\/hoinka.com\/en\/wp-json\/wp\/v2\/types\/page"}],"author":[{"embeddable":true,"href":"https:\/\/hoinka.com\/en\/wp-json\/wp\/v2\/users\/7"}],"replies":[{"embeddable":true,"href":"https:\/\/hoinka.com\/en\/wp-json\/wp\/v2\/comments?post=12035"}],"version-history":[{"count":9,"href":"https:\/\/hoinka.com\/en\/wp-json\/wp\/v2\/pages\/12035\/revisions"}],"predecessor-version":[{"id":13712,"href":"https:\/\/hoinka.com\/en\/wp-json\/wp\/v2\/pages\/12035\/revisions\/13712"}],"up":[{"embeddable":true,"href":"https:\/\/hoinka.com\/en\/wp-json\/wp\/v2\/pages\/7147"}],"wp:featuredmedia":[{"embeddable":true,"href":"https:\/\/hoinka.com\/en\/wp-json\/wp\/v2\/media\/6075"}],"wp:attachment":[{"href":"https:\/\/hoinka.com\/en\/wp-json\/wp\/v2\/media?parent=12035"}],"curies":[{"name":"wp","href":"https:\/\/api.w.org\/{rel}","templated":true}]}}