{"id":11838,"date":"2025-02-08T10:06:10","date_gmt":"2025-02-08T09:06:10","guid":{"rendered":"https:\/\/dev.hoinka.com\/?page_id=11838"},"modified":"2025-04-04T10:13:41","modified_gmt":"2025-04-04T08:13:41","slug":"create-csrd-report","status":"publish","type":"page","link":"https:\/\/hoinka.com\/en\/leistungen\/csrd-reporting-2\/create-csrd-report\/","title":{"rendered":"Create CSRD report"},"content":{"rendered":"<h2>CSRD Bericht anfertigen<\/h2>\n<h2 class=\"h3\">Berichterstattung nach CSRD \/ ESRS<\/h2>\n<p data-pm-slice=\"1 1 []\">Die Corporate Sustainability Reporting Directive (CSRD) stellt Unternehmen vor neue Herausforderungen im Bereich der Nachhaltigkeitsberichterstattung. Wir unterst\u00fctzen Sie mit ma\u00dfgeschneiderten L\u00f6sungen f\u00fcr die Erstellung konformer und pr\u00fcff\u00e4higer Nachhaltigkeitsberichte nach den European Sustainability Reporting Standards (ESRS). Die Nachhaltigkeitsberichterstattung wird in den Konzern Lagebericht integriert. Der Bericht wird digital im European Single Electronic Format (ESEF) angefertigt und muss die <a href=\"https:\/\/hoinka.com\/leistungen\/csrd-reporting-leistungen\/csrd-anforderungen-nach-e\/\">12 Anforderungen nach der ESRS<\/a> umfassen.<\/p>\n<p>Wenn Sie die n\u00f6tigen Daten erhoben haben, k\u00f6nnen Sie mit der Berichterstattung starten.<\/p>\n<p>Die Nachhaltigkeitsberichterstattung integrieren Sie in den (Konzern-)Lagebericht. Informationen sind digital im European Single Electronic Format (ESEF) bereitzustellen. Die ESRS listen die geforderten Inhalte auf. Alle Informationen m\u00fcssen im Bericht selbst enthalten sein. Zus\u00e4tzliche Nachweise werden nicht explizit eingefordert.<\/p>\n<h2>Erstellen eines CSRD Berichts<\/h2>\n<p>F\u00fcr die Pr\u00fcfung des Nachhaltigkeitsberichts nach CSRD gibt es keine eigenst\u00e4ndige Zertifizierungsstelle. Stattdessen werden die Berichte von externen, unabh\u00e4ngigen Zertifizierungsstellen erstellt. Die Pr\u00fcfungstiefe wird Schrittweise von der EU-Kommission erweitert:<\/p>\n<ol>\n<li><strong>Limited Assurance:<\/strong>\u00a0Pr\u00fcfung mit begrenzter Sicherheit<\/li>\n<li><strong>Resonable Assurance:<\/strong>\u00a0Pr\u00fcfungstiefe im Rahmen einer Finanzberichtserstattung<\/li>\n<\/ol>\n<p>Sie haben Fragen zum CSRD oder ben\u00f6tigen Unterst\u00fctzung bei der Umsetzung der CSRD-Anforderungen? Wenden Sie sich an uns!<\/p>\n<p class=\"buttonpopup\" style=\"text-align: center;\">\t<a class=\"paoc-popup-click paoc-popup-cust-6251 paoc-popup-button paoc-popup-btn \" href=\"javascript:void(0);\">Angebot anfordern<\/a>\r\n\n<p style=\"text-align: center;\">Telefon\u00a0\u00a0<a class=\"\" href=\"tel:+49 711 62049-340\">+49 711 62049-340<\/a><br \/>\nEmail <a class=\"\" href=\"mailto:info@hoinka.com\">info@hoinka.com<\/a><\/p>\n","protected":false},"excerpt":{"rendered":"<p>CSRD Bericht anfertigen Berichterstattung nach CSRD \/ ESRS Die Corporate Sustainability Reporting Directive (CSRD) stellt Unternehmen vor neue Herausforderungen im Bereich der Nachhaltigkeitsberichterstattung. Wir unterst\u00fctzen Sie mit ma\u00dfgeschneiderten L\u00f6sungen f\u00fcr die Erstellung konformer und pr\u00fcff\u00e4higer Nachhaltigkeitsberichte nach den European Sustainability Reporting Standards (ESRS). Die Nachhaltigkeitsberichterstattung wird in den Konzern Lagebericht integriert. Der Bericht wird digital &hellip;<\/p>\n","protected":false},"author":7,"featured_media":12241,"parent":11831,"menu_order":30,"comment_status":"closed","ping_status":"closed","template":"sections.php","meta":{"_acf_changed":false,"_genesis_hide_title":false,"_genesis_hide_breadcrumbs":false,"_genesis_hide_singular_image":false,"_genesis_hide_footer_widgets":false,"_genesis_custom_body_class":"","_genesis_custom_post_class":"","_genesis_layout":"","footnotes":"","_links_to":"","_links_to_target":""},"class_list":{"0":"post-11838","1":"page","2":"type-page","3":"status-publish","4":"has-post-thumbnail","6":"entry"},"acf":[],"yoast_head":"<!-- This site is optimized with the Yoast SEO plugin v27.0 - https:\/\/yoast.com\/product\/yoast-seo-wordpress\/ -->\n<title>Create a successful CSRD sustainability report with HOINKA<\/title>\n<meta name=\"description\" content=\"Find out more about CSRD sustainability reporting for your company here.\" \/>\n<meta name=\"robots\" content=\"index, follow, max-snippet:-1, max-image-preview:large, max-video-preview:-1\" \/>\n<link rel=\"canonical\" href=\"https:\/\/hoinka.com\/en\/leistungen\/csrd-reporting-2\/create-csrd-report\/\" \/>\n<meta property=\"og:locale\" content=\"en_US\" \/>\n<meta property=\"og:type\" content=\"article\" \/>\n<meta property=\"og:title\" content=\"Create a successful CSRD sustainability report with HOINKA\" \/>\n<meta property=\"og:description\" content=\"Find out more about CSRD sustainability reporting for your company here.\" \/>\n<meta property=\"og:url\" content=\"https:\/\/hoinka.com\/en\/leistungen\/csrd-reporting-2\/create-csrd-report\/\" \/>\n<meta property=\"og:site_name\" content=\"HOINKA\" \/>\n<meta property=\"article:publisher\" content=\"https:\/\/de-de.facebook.com\/pages\/category\/Consulting-Agency\/HOINKA-GmbH-202893899755765\/\" \/>\n<meta property=\"article:modified_time\" content=\"2025-04-04T08:13:41+00:00\" \/>\n<meta property=\"og:image\" content=\"https:\/\/hoinka.com\/wp-content\/uploads\/CSRD_LOGODirective-1.png\" \/>\n\t<meta property=\"og:image:width\" content=\"720\" \/>\n\t<meta property=\"og:image:height\" content=\"720\" \/>\n\t<meta property=\"og:image:type\" content=\"image\/png\" \/>\n<meta name=\"twitter:card\" content=\"summary_large_image\" \/>\n<meta name=\"twitter:label1\" content=\"Est. reading time\" \/>\n\t<meta name=\"twitter:data1\" content=\"1 minute\" \/>\n<script type=\"application\/ld+json\" class=\"yoast-schema-graph\">{\"@context\":\"https:\/\/schema.org\",\"@graph\":[{\"@type\":\"WebPage\",\"@id\":\"https:\/\/hoinka.com\/en\/leistungen\/csrd-reporting-2\/create-csrd-report\/\",\"url\":\"https:\/\/hoinka.com\/en\/leistungen\/csrd-reporting-2\/create-csrd-report\/\",\"name\":\"Create a successful CSRD sustainability report with HOINKA\",\"isPartOf\":{\"@id\":\"https:\/\/hoinka.com\/en\/#website\"},\"primaryImageOfPage\":{\"@id\":\"https:\/\/hoinka.com\/en\/leistungen\/csrd-reporting-2\/create-csrd-report\/#primaryimage\"},\"image\":{\"@id\":\"https:\/\/hoinka.com\/en\/leistungen\/csrd-reporting-2\/create-csrd-report\/#primaryimage\"},\"thumbnailUrl\":\"https:\/\/hoinka.com\/wp-content\/uploads\/CSRD_LOGODirective-1.png\",\"datePublished\":\"2025-02-08T09:06:10+00:00\",\"dateModified\":\"2025-04-04T08:13:41+00:00\",\"description\":\"Find out more about CSRD sustainability reporting for your company here.\",\"breadcrumb\":{\"@id\":\"https:\/\/hoinka.com\/en\/leistungen\/csrd-reporting-2\/create-csrd-report\/#breadcrumb\"},\"inLanguage\":\"en-US\",\"potentialAction\":[{\"@type\":\"ReadAction\",\"target\":[\"https:\/\/hoinka.com\/en\/leistungen\/csrd-reporting-2\/create-csrd-report\/\"]}]},{\"@type\":\"ImageObject\",\"inLanguage\":\"en-US\",\"@id\":\"https:\/\/hoinka.com\/en\/leistungen\/csrd-reporting-2\/create-csrd-report\/#primaryimage\",\"url\":\"https:\/\/hoinka.com\/wp-content\/uploads\/CSRD_LOGODirective-1.png\",\"contentUrl\":\"https:\/\/hoinka.com\/wp-content\/uploads\/CSRD_LOGODirective-1.png\",\"width\":720,\"height\":720,\"caption\":\"Das Logo der Corporate Sustainability Reporting Directive (CSRD)\"},{\"@type\":\"BreadcrumbList\",\"@id\":\"https:\/\/hoinka.com\/en\/leistungen\/csrd-reporting-2\/create-csrd-report\/#breadcrumb\",\"itemListElement\":[{\"@type\":\"ListItem\",\"position\":1,\"name\":\"Home\",\"item\":\"https:\/\/hoinka.com\/en\/\"},{\"@type\":\"ListItem\",\"position\":2,\"name\":\"Services\",\"item\":\"https:\/\/hoinka.com\/en\/leistungen\/\"},{\"@type\":\"ListItem\",\"position\":3,\"name\":\"CSRD reporting\",\"item\":\"https:\/\/hoinka.com\/en\/leistungen\/csrd-reporting-2\/\"},{\"@type\":\"ListItem\",\"position\":4,\"name\":\"Create CSRD report\"}]},{\"@type\":\"WebSite\",\"@id\":\"https:\/\/hoinka.com\/en\/#website\",\"url\":\"https:\/\/hoinka.com\/en\/\",\"name\":\"HOINKA\",\"description\":\"Sustainable Planning - Green Building\",\"publisher\":{\"@id\":\"https:\/\/hoinka.com\/en\/#organization\"},\"potentialAction\":[{\"@type\":\"SearchAction\",\"target\":{\"@type\":\"EntryPoint\",\"urlTemplate\":\"https:\/\/hoinka.com\/en\/?s={search_term_string}\"},\"query-input\":{\"@type\":\"PropertyValueSpecification\",\"valueRequired\":true,\"valueName\":\"search_term_string\"}}],\"inLanguage\":\"en-US\"},{\"@type\":\"Organization\",\"@id\":\"https:\/\/hoinka.com\/en\/#organization\",\"name\":\"HOINKA\",\"url\":\"https:\/\/hoinka.com\/en\/\",\"logo\":{\"@type\":\"ImageObject\",\"inLanguage\":\"en-US\",\"@id\":\"https:\/\/hoinka.com\/en\/#\/schema\/logo\/image\/\",\"url\":\"https:\/\/hoinka.com\/wp-content\/uploads\/logo_hoinka_sm.jpg\",\"contentUrl\":\"https:\/\/hoinka.com\/wp-content\/uploads\/logo_hoinka_sm.jpg\",\"width\":450,\"height\":92,\"caption\":\"HOINKA\"},\"image\":{\"@id\":\"https:\/\/hoinka.com\/en\/#\/schema\/logo\/image\/\"},\"sameAs\":[\"https:\/\/de-de.facebook.com\/pages\/category\/Consulting-Agency\/HOINKA-GmbH-202893899755765\/\",\"https:\/\/www.linkedin.com\/company\/hoinka-gmbh?originalSubdomain=de\"]}]}<\/script>\n<!-- \/ Yoast SEO plugin. -->","yoast_head_json":{"title":"Create a successful CSRD sustainability report with HOINKA","description":"Find out more about CSRD sustainability reporting for your company here.","robots":{"index":"index","follow":"follow","max-snippet":"max-snippet:-1","max-image-preview":"max-image-preview:large","max-video-preview":"max-video-preview:-1"},"canonical":"https:\/\/hoinka.com\/en\/leistungen\/csrd-reporting-2\/create-csrd-report\/","og_locale":"en_US","og_type":"article","og_title":"Create a successful CSRD sustainability report with HOINKA","og_description":"Find out more about CSRD sustainability reporting for your company here.","og_url":"https:\/\/hoinka.com\/en\/leistungen\/csrd-reporting-2\/create-csrd-report\/","og_site_name":"HOINKA","article_publisher":"https:\/\/de-de.facebook.com\/pages\/category\/Consulting-Agency\/HOINKA-GmbH-202893899755765\/","article_modified_time":"2025-04-04T08:13:41+00:00","og_image":[{"width":720,"height":720,"url":"https:\/\/hoinka.com\/wp-content\/uploads\/CSRD_LOGODirective-1.png","type":"image\/png"}],"twitter_card":"summary_large_image","twitter_misc":{"Est. reading time":"1 minute"},"schema":{"@context":"https:\/\/schema.org","@graph":[{"@type":"WebPage","@id":"https:\/\/hoinka.com\/en\/leistungen\/csrd-reporting-2\/create-csrd-report\/","url":"https:\/\/hoinka.com\/en\/leistungen\/csrd-reporting-2\/create-csrd-report\/","name":"Create a successful CSRD sustainability report with HOINKA","isPartOf":{"@id":"https:\/\/hoinka.com\/en\/#website"},"primaryImageOfPage":{"@id":"https:\/\/hoinka.com\/en\/leistungen\/csrd-reporting-2\/create-csrd-report\/#primaryimage"},"image":{"@id":"https:\/\/hoinka.com\/en\/leistungen\/csrd-reporting-2\/create-csrd-report\/#primaryimage"},"thumbnailUrl":"https:\/\/hoinka.com\/wp-content\/uploads\/CSRD_LOGODirective-1.png","datePublished":"2025-02-08T09:06:10+00:00","dateModified":"2025-04-04T08:13:41+00:00","description":"Find out more about CSRD sustainability reporting for your company here.","breadcrumb":{"@id":"https:\/\/hoinka.com\/en\/leistungen\/csrd-reporting-2\/create-csrd-report\/#breadcrumb"},"inLanguage":"en-US","potentialAction":[{"@type":"ReadAction","target":["https:\/\/hoinka.com\/en\/leistungen\/csrd-reporting-2\/create-csrd-report\/"]}]},{"@type":"ImageObject","inLanguage":"en-US","@id":"https:\/\/hoinka.com\/en\/leistungen\/csrd-reporting-2\/create-csrd-report\/#primaryimage","url":"https:\/\/hoinka.com\/wp-content\/uploads\/CSRD_LOGODirective-1.png","contentUrl":"https:\/\/hoinka.com\/wp-content\/uploads\/CSRD_LOGODirective-1.png","width":720,"height":720,"caption":"Das Logo der Corporate Sustainability Reporting Directive (CSRD)"},{"@type":"BreadcrumbList","@id":"https:\/\/hoinka.com\/en\/leistungen\/csrd-reporting-2\/create-csrd-report\/#breadcrumb","itemListElement":[{"@type":"ListItem","position":1,"name":"Home","item":"https:\/\/hoinka.com\/en\/"},{"@type":"ListItem","position":2,"name":"Services","item":"https:\/\/hoinka.com\/en\/leistungen\/"},{"@type":"ListItem","position":3,"name":"CSRD reporting","item":"https:\/\/hoinka.com\/en\/leistungen\/csrd-reporting-2\/"},{"@type":"ListItem","position":4,"name":"Create CSRD report"}]},{"@type":"WebSite","@id":"https:\/\/hoinka.com\/en\/#website","url":"https:\/\/hoinka.com\/en\/","name":"HOINKA","description":"Sustainable Planning - Green Building","publisher":{"@id":"https:\/\/hoinka.com\/en\/#organization"},"potentialAction":[{"@type":"SearchAction","target":{"@type":"EntryPoint","urlTemplate":"https:\/\/hoinka.com\/en\/?s={search_term_string}"},"query-input":{"@type":"PropertyValueSpecification","valueRequired":true,"valueName":"search_term_string"}}],"inLanguage":"en-US"},{"@type":"Organization","@id":"https:\/\/hoinka.com\/en\/#organization","name":"HOINKA","url":"https:\/\/hoinka.com\/en\/","logo":{"@type":"ImageObject","inLanguage":"en-US","@id":"https:\/\/hoinka.com\/en\/#\/schema\/logo\/image\/","url":"https:\/\/hoinka.com\/wp-content\/uploads\/logo_hoinka_sm.jpg","contentUrl":"https:\/\/hoinka.com\/wp-content\/uploads\/logo_hoinka_sm.jpg","width":450,"height":92,"caption":"HOINKA"},"image":{"@id":"https:\/\/hoinka.com\/en\/#\/schema\/logo\/image\/"},"sameAs":["https:\/\/de-de.facebook.com\/pages\/category\/Consulting-Agency\/HOINKA-GmbH-202893899755765\/","https:\/\/www.linkedin.com\/company\/hoinka-gmbh?originalSubdomain=de"]}]}},"_links":{"self":[{"href":"https:\/\/hoinka.com\/en\/wp-json\/wp\/v2\/pages\/11838","targetHints":{"allow":["GET"]}}],"collection":[{"href":"https:\/\/hoinka.com\/en\/wp-json\/wp\/v2\/pages"}],"about":[{"href":"https:\/\/hoinka.com\/en\/wp-json\/wp\/v2\/types\/page"}],"author":[{"embeddable":true,"href":"https:\/\/hoinka.com\/en\/wp-json\/wp\/v2\/users\/7"}],"replies":[{"embeddable":true,"href":"https:\/\/hoinka.com\/en\/wp-json\/wp\/v2\/comments?post=11838"}],"version-history":[{"count":4,"href":"https:\/\/hoinka.com\/en\/wp-json\/wp\/v2\/pages\/11838\/revisions"}],"predecessor-version":[{"id":13021,"href":"https:\/\/hoinka.com\/en\/wp-json\/wp\/v2\/pages\/11838\/revisions\/13021"}],"up":[{"embeddable":true,"href":"https:\/\/hoinka.com\/en\/wp-json\/wp\/v2\/pages\/11831"}],"wp:featuredmedia":[{"embeddable":true,"href":"https:\/\/hoinka.com\/en\/wp-json\/wp\/v2\/media\/12241"}],"wp:attachment":[{"href":"https:\/\/hoinka.com\/en\/wp-json\/wp\/v2\/media?parent=11838"}],"curies":[{"name":"wp","href":"https:\/\/api.w.org\/{rel}","templated":true}]}}