{"id":11831,"date":"2025-02-08T14:13:58","date_gmt":"2025-02-08T13:13:58","guid":{"rendered":"https:\/\/dev.hoinka.com\/?page_id=11831"},"modified":"2025-04-04T10:13:30","modified_gmt":"2025-04-04T08:13:30","slug":"csrd-reporting-2","status":"publish","type":"page","link":"https:\/\/hoinka.com\/en\/leistungen\/csrd-reporting-2\/","title":{"rendered":"CSRD reporting"},"content":{"rendered":"<h1>Corporate Sustainability Reporting Directive (CSRD)<\/h1>\n<p>We are your experienced contact for the new EU directive on corporate sustainability reporting.<\/p>\n\t<a class=\"paoc-popup-click paoc-popup-cust-6225 paoc-popup-button paoc-popup-btn \" href=\"javascript:void(0);\">Kontaktieren Sie uns<\/a>\r\n\n<hr>\n<h2 style=\"text-align: center;\">CSRD: Growing importance of CSR reporting<\/h2>\n<div class=\"su-spacer\" style=\"height:20px\"><\/div>\nSustainability is becoming increasingly important for companies &#8211; not only out of environmental and social responsibility, but also due to regulatory requirements. With the <strong>Corporate Sustainability Reporting Directive (CSRD)<\/strong>, the European Union has introduced a new directive that obliges companies to provide comprehensive and transparent sustainability reporting. It replaces the previous <strong>Non-Financial Reporting Directive (NFRD)<\/strong> and significantly expands the group of companies subject to reporting requirements as well as the content requirements.  <\/p>\n<p>The aim of the CSRD is to make companies more accountable and to create better comparability and transparency for investors, customers and other stakeholders through standardized reporting formats. At the same time, risks and opportunities in connection with sustainability aspects &#8211; particularly with regard to climate change &#8211; are to be systematically recorded and disclosed. <\/p>\n<p>The new requirements affect tens of thousands of companies in the EU. In addition to stricter requirements for data collection and reporting, companies that implement sustainable measures at an early stage can achieve long-term competitive advantages. <\/p>\n<div class=\"flex-grid top-xs-xxl\"><div class=\"row gutter-md center-xs bottom-xs text-xs-center\"><div class=\"flex-entry entry col col-xs-12 col-sm-6 col-md-4 col-lg-4 post-11845 page type-page status-publish has-post-thumbnail boxed aspect-ratio has-bg-image has-bg-link has-overlay light-content\" style=\"--aspect-ratio:700\/526;\"><div class=\"aspect-outer\"><div class=\"aspect-inner column middle-xs end-xs text-xs-center\"><picture class=\"bg-picture\"><source srcset=\"https:\/\/hoinka.com\/wp-content\/uploads\/CSRD_LOGODirective-1-520x390.png\" media=\"(max-width: 520px)\"><img loading=\"lazy\" decoding=\"async\" width=\"700\" height=\"526\" src=\"https:\/\/hoinka.com\/wp-content\/uploads\/CSRD_LOGODirective-1-700x526.png\" class=\"wp-post-image bg-image\" alt=\"Das Logo der Corporate Sustainability Reporting Directive (CSRD)\" srcset=\"https:\/\/hoinka.com\/wp-content\/uploads\/CSRD_LOGODirective-1-700x526.png 700w, https:\/\/hoinka.com\/wp-content\/uploads\/CSRD_LOGODirective-1-520x390.png 520w\" sizes=\"auto, (max-width: 700px) 100vw, 700px\" \/><\/picture><span class=\"overlay overlay-gradient\"><\/span><header class=\"entry-header\"><h3 class=\"entry-title\"><a href=\"https:\/\/hoinka.com\/en\/leistungen\/csrd-reporting-2\/csrd-requirements-according-to-esrs\/\" title=\"CSRD requirements according to ESRS\">CSRD requirements according to ESRS<\/a><\/h3><\/header><a class=\"bg-link\" href=\"https:\/\/hoinka.com\/en\/leistungen\/csrd-reporting-2\/csrd-requirements-according-to-esrs\/\"><span class=\"screen-reader-text\" aria-hidden=\"true\">CSRD requirements according to ESRS<\/span><\/a><\/div><\/div><\/div><div class=\"flex-entry entry col col-xs-12 col-sm-6 col-md-4 col-lg-4 post-11838 page type-page status-publish has-post-thumbnail boxed aspect-ratio has-bg-image has-bg-link has-overlay light-content\" style=\"--aspect-ratio:700\/526;\"><div class=\"aspect-outer\"><div class=\"aspect-inner column middle-xs end-xs text-xs-center\"><picture class=\"bg-picture\"><source srcset=\"https:\/\/hoinka.com\/wp-content\/uploads\/CSRD_LOGODirective-1-520x390.png\" media=\"(max-width: 520px)\"><img loading=\"lazy\" decoding=\"async\" width=\"700\" height=\"526\" src=\"https:\/\/hoinka.com\/wp-content\/uploads\/CSRD_LOGODirective-1-700x526.png\" class=\"wp-post-image bg-image\" alt=\"Das Logo der Corporate Sustainability Reporting Directive (CSRD)\" srcset=\"https:\/\/hoinka.com\/wp-content\/uploads\/CSRD_LOGODirective-1-700x526.png 700w, https:\/\/hoinka.com\/wp-content\/uploads\/CSRD_LOGODirective-1-520x390.png 520w\" sizes=\"auto, (max-width: 700px) 100vw, 700px\" \/><\/picture><span class=\"overlay overlay-gradient\"><\/span><header class=\"entry-header\"><h3 class=\"entry-title\"><a href=\"https:\/\/hoinka.com\/en\/leistungen\/csrd-reporting-2\/create-csrd-report\/\" title=\"Create CSRD report\">Create CSRD report<\/a><\/h3><\/header><a class=\"bg-link\" href=\"https:\/\/hoinka.com\/en\/leistungen\/csrd-reporting-2\/create-csrd-report\/\"><span class=\"screen-reader-text\" aria-hidden=\"true\">Create CSRD report<\/span><\/a><\/div><\/div><\/div><\/div><\/div>\n<h2>Which companies have to prepare a CSRD report?<\/h2>\n<p>The following corporations and commercial partnerships with exclusively limited liability shareholders are affected by the reporting obligation:<\/p>\n<ul>\n<li class=\"list-item\">large companies in terms of accounting law,<\/li>\n<li class=\"list-item\">In terms of accounting law, small and medium-sized enterprises (SMEs) that are capital market-oriented,<\/li>\n<li class=\"list-item\">Third-country companies with a turnover of EUR <span class=\"whitespace-nowrap\">150 million<\/span> in the EU whose subsidiaries meet the above size criteria or whose branches achieve a turnover of more than EUR<span class=\"whitespace-nowrap\"> 40 million<\/span>.<\/li>\n<li>from 01.01.2024 are companies of public interest with more than 500 employees,<\/li>\n<li>from 01.01.2025 all large companies under accounting law,<\/li>\n<li>from 01.01.2026 all capital market-oriented SMEs, unless they make use of the option to defer until 2028.<\/li>\n<\/ul>\n<p>Micro-enterprises are not affected by the new directive.<\/p>\n<hr>\n<p class=\"buttonpopup\" style=\"text-align: center;\">\t<a class=\"paoc-popup-click paoc-popup-cust-6251 paoc-popup-button paoc-popup-btn \" href=\"javascript:void(0);\">Angebot anfordern<\/a>\r\n\n<p style=\"text-align: center;\">Phone <a class=\"\" href=\"tel:+49%20711%2062049-340\">+49 711 62049-340<\/a><br \/>\nEmail <a class=\"\" href=\"mailto:info@hoinka.com\">info@hoinka.com<\/a><\/p>\n","protected":false},"excerpt":{"rendered":"<h2>CSRD Bericht anfertigen<\/h2>\n<h2 class=\"h3\">Berichterstattung nach CSRD \/ ESRS<\/h2>\n<p data-pm-slice=\"1 1 []\">Die Corporate Sustainability Reporting Directive (CSRD) stellt Unternehmen vor neue Herausforderungen im Bereich der Nachhaltigkeitsberichterstattung. Wir unterst\u00fctzen Sie mit ma\u00dfgeschneiderten L\u00f6sungen f\u00fcr die Erstellung konformer und pr\u00fcff\u00e4higer Nachhaltigkeitsberichte nach den European Sustainability &hellip; <a href=\"https:\/\/hoinka.com\/en\/leistungen\/csrd-reporting-2\/create-csrd-report\/\" class=\"read-more\">Read the rest <\/a><\/p>","protected":false},"author":7,"featured_media":12241,"parent":426,"menu_order":12,"comment_status":"closed","ping_status":"closed","template":"sections.php","meta":{"_acf_changed":false,"_genesis_hide_title":false,"_genesis_hide_breadcrumbs":false,"_genesis_hide_singular_image":false,"_genesis_hide_footer_widgets":false,"_genesis_custom_body_class":"","_genesis_custom_post_class":"","_genesis_layout":"","footnotes":"","_links_to":"","_links_to_target":""},"class_list":{"0":"post-11831","1":"page","2":"type-page","3":"status-publish","4":"has-post-thumbnail","6":"entry"},"acf":[],"yoast_head":"<!-- This site is optimized with the Yoast SEO plugin v27.0 - https:\/\/yoast.com\/product\/yoast-seo-wordpress\/ -->\n<title>CSRD Sustainability Report&#8211; HOINKA<\/title>\n<meta name=\"description\" content=\"Receive support with the preparation of a Corporate Sustainability Reporting Directive (CSRD) sustainability report\" \/>\n<meta name=\"robots\" content=\"index, follow, max-snippet:-1, max-image-preview:large, max-video-preview:-1\" \/>\n<link rel=\"canonical\" href=\"https:\/\/hoinka.com\/en\/leistungen\/csrd-reporting-2\/\" \/>\n<meta property=\"og:locale\" content=\"en_US\" \/>\n<meta property=\"og:type\" content=\"article\" \/>\n<meta property=\"og:title\" content=\"CSRD Sustainability Report&#8211; HOINKA\" \/>\n<meta property=\"og:description\" content=\"Receive support with the preparation of a Corporate Sustainability Reporting Directive (CSRD) sustainability report\" \/>\n<meta property=\"og:url\" content=\"https:\/\/hoinka.com\/en\/leistungen\/csrd-reporting-2\/\" \/>\n<meta property=\"og:site_name\" content=\"HOINKA\" \/>\n<meta property=\"article:publisher\" content=\"https:\/\/de-de.facebook.com\/pages\/category\/Consulting-Agency\/HOINKA-GmbH-202893899755765\/\" \/>\n<meta property=\"article:modified_time\" content=\"2025-04-04T08:13:30+00:00\" \/>\n<meta property=\"og:image\" content=\"https:\/\/hoinka.com\/wp-content\/uploads\/CSRD_LOGODirective-1.png\" \/>\n\t<meta property=\"og:image:width\" content=\"720\" \/>\n\t<meta property=\"og:image:height\" content=\"720\" \/>\n\t<meta property=\"og:image:type\" content=\"image\/png\" \/>\n<meta name=\"twitter:card\" content=\"summary_large_image\" \/>\n<meta name=\"twitter:label1\" content=\"Est. reading time\" \/>\n\t<meta name=\"twitter:data1\" content=\"2 minutes\" \/>\n<script type=\"application\/ld+json\" class=\"yoast-schema-graph\">{\"@context\":\"https:\/\/schema.org\",\"@graph\":[{\"@type\":\"WebPage\",\"@id\":\"https:\/\/hoinka.com\/en\/leistungen\/csrd-reporting-2\/\",\"url\":\"https:\/\/hoinka.com\/en\/leistungen\/csrd-reporting-2\/\",\"name\":\"CSRD Sustainability Report&#8211; HOINKA\",\"isPartOf\":{\"@id\":\"https:\/\/hoinka.com\/en\/#website\"},\"primaryImageOfPage\":{\"@id\":\"https:\/\/hoinka.com\/en\/leistungen\/csrd-reporting-2\/#primaryimage\"},\"image\":{\"@id\":\"https:\/\/hoinka.com\/en\/leistungen\/csrd-reporting-2\/#primaryimage\"},\"thumbnailUrl\":\"https:\/\/hoinka.com\/wp-content\/uploads\/CSRD_LOGODirective-1.png\",\"datePublished\":\"2025-02-08T13:13:58+00:00\",\"dateModified\":\"2025-04-04T08:13:30+00:00\",\"description\":\"Receive support with the preparation of a Corporate Sustainability Reporting Directive (CSRD) sustainability report\",\"breadcrumb\":{\"@id\":\"https:\/\/hoinka.com\/en\/leistungen\/csrd-reporting-2\/#breadcrumb\"},\"inLanguage\":\"en-US\",\"potentialAction\":[{\"@type\":\"ReadAction\",\"target\":[\"https:\/\/hoinka.com\/en\/leistungen\/csrd-reporting-2\/\"]}]},{\"@type\":\"ImageObject\",\"inLanguage\":\"en-US\",\"@id\":\"https:\/\/hoinka.com\/en\/leistungen\/csrd-reporting-2\/#primaryimage\",\"url\":\"https:\/\/hoinka.com\/wp-content\/uploads\/CSRD_LOGODirective-1.png\",\"contentUrl\":\"https:\/\/hoinka.com\/wp-content\/uploads\/CSRD_LOGODirective-1.png\",\"width\":720,\"height\":720,\"caption\":\"Das Logo der Corporate Sustainability Reporting Directive (CSRD)\"},{\"@type\":\"BreadcrumbList\",\"@id\":\"https:\/\/hoinka.com\/en\/leistungen\/csrd-reporting-2\/#breadcrumb\",\"itemListElement\":[{\"@type\":\"ListItem\",\"position\":1,\"name\":\"Home\",\"item\":\"https:\/\/hoinka.com\/en\/\"},{\"@type\":\"ListItem\",\"position\":2,\"name\":\"Services\",\"item\":\"https:\/\/hoinka.com\/en\/leistungen\/\"},{\"@type\":\"ListItem\",\"position\":3,\"name\":\"CSRD reporting\"}]},{\"@type\":\"WebSite\",\"@id\":\"https:\/\/hoinka.com\/en\/#website\",\"url\":\"https:\/\/hoinka.com\/en\/\",\"name\":\"HOINKA\",\"description\":\"Sustainable Planning - Green Building\",\"publisher\":{\"@id\":\"https:\/\/hoinka.com\/en\/#organization\"},\"potentialAction\":[{\"@type\":\"SearchAction\",\"target\":{\"@type\":\"EntryPoint\",\"urlTemplate\":\"https:\/\/hoinka.com\/en\/?s={search_term_string}\"},\"query-input\":{\"@type\":\"PropertyValueSpecification\",\"valueRequired\":true,\"valueName\":\"search_term_string\"}}],\"inLanguage\":\"en-US\"},{\"@type\":\"Organization\",\"@id\":\"https:\/\/hoinka.com\/en\/#organization\",\"name\":\"HOINKA\",\"url\":\"https:\/\/hoinka.com\/en\/\",\"logo\":{\"@type\":\"ImageObject\",\"inLanguage\":\"en-US\",\"@id\":\"https:\/\/hoinka.com\/en\/#\/schema\/logo\/image\/\",\"url\":\"https:\/\/hoinka.com\/wp-content\/uploads\/logo_hoinka_sm.jpg\",\"contentUrl\":\"https:\/\/hoinka.com\/wp-content\/uploads\/logo_hoinka_sm.jpg\",\"width\":450,\"height\":92,\"caption\":\"HOINKA\"},\"image\":{\"@id\":\"https:\/\/hoinka.com\/en\/#\/schema\/logo\/image\/\"},\"sameAs\":[\"https:\/\/de-de.facebook.com\/pages\/category\/Consulting-Agency\/HOINKA-GmbH-202893899755765\/\",\"https:\/\/www.linkedin.com\/company\/hoinka-gmbh?originalSubdomain=de\"]}]}<\/script>\n<!-- \/ Yoast SEO plugin. -->","yoast_head_json":{"title":"CSRD Sustainability Report&#8211; HOINKA","description":"Receive support with the preparation of a Corporate Sustainability Reporting Directive (CSRD) sustainability report","robots":{"index":"index","follow":"follow","max-snippet":"max-snippet:-1","max-image-preview":"max-image-preview:large","max-video-preview":"max-video-preview:-1"},"canonical":"https:\/\/hoinka.com\/en\/leistungen\/csrd-reporting-2\/","og_locale":"en_US","og_type":"article","og_title":"CSRD Sustainability Report&#8211; HOINKA","og_description":"Receive support with the preparation of a Corporate Sustainability Reporting Directive (CSRD) sustainability report","og_url":"https:\/\/hoinka.com\/en\/leistungen\/csrd-reporting-2\/","og_site_name":"HOINKA","article_publisher":"https:\/\/de-de.facebook.com\/pages\/category\/Consulting-Agency\/HOINKA-GmbH-202893899755765\/","article_modified_time":"2025-04-04T08:13:30+00:00","og_image":[{"width":720,"height":720,"url":"https:\/\/hoinka.com\/wp-content\/uploads\/CSRD_LOGODirective-1.png","type":"image\/png"}],"twitter_card":"summary_large_image","twitter_misc":{"Est. reading time":"2 minutes"},"schema":{"@context":"https:\/\/schema.org","@graph":[{"@type":"WebPage","@id":"https:\/\/hoinka.com\/en\/leistungen\/csrd-reporting-2\/","url":"https:\/\/hoinka.com\/en\/leistungen\/csrd-reporting-2\/","name":"CSRD Sustainability Report&#8211; HOINKA","isPartOf":{"@id":"https:\/\/hoinka.com\/en\/#website"},"primaryImageOfPage":{"@id":"https:\/\/hoinka.com\/en\/leistungen\/csrd-reporting-2\/#primaryimage"},"image":{"@id":"https:\/\/hoinka.com\/en\/leistungen\/csrd-reporting-2\/#primaryimage"},"thumbnailUrl":"https:\/\/hoinka.com\/wp-content\/uploads\/CSRD_LOGODirective-1.png","datePublished":"2025-02-08T13:13:58+00:00","dateModified":"2025-04-04T08:13:30+00:00","description":"Receive support with the preparation of a Corporate Sustainability Reporting Directive (CSRD) sustainability report","breadcrumb":{"@id":"https:\/\/hoinka.com\/en\/leistungen\/csrd-reporting-2\/#breadcrumb"},"inLanguage":"en-US","potentialAction":[{"@type":"ReadAction","target":["https:\/\/hoinka.com\/en\/leistungen\/csrd-reporting-2\/"]}]},{"@type":"ImageObject","inLanguage":"en-US","@id":"https:\/\/hoinka.com\/en\/leistungen\/csrd-reporting-2\/#primaryimage","url":"https:\/\/hoinka.com\/wp-content\/uploads\/CSRD_LOGODirective-1.png","contentUrl":"https:\/\/hoinka.com\/wp-content\/uploads\/CSRD_LOGODirective-1.png","width":720,"height":720,"caption":"Das Logo der Corporate Sustainability Reporting Directive (CSRD)"},{"@type":"BreadcrumbList","@id":"https:\/\/hoinka.com\/en\/leistungen\/csrd-reporting-2\/#breadcrumb","itemListElement":[{"@type":"ListItem","position":1,"name":"Home","item":"https:\/\/hoinka.com\/en\/"},{"@type":"ListItem","position":2,"name":"Services","item":"https:\/\/hoinka.com\/en\/leistungen\/"},{"@type":"ListItem","position":3,"name":"CSRD reporting"}]},{"@type":"WebSite","@id":"https:\/\/hoinka.com\/en\/#website","url":"https:\/\/hoinka.com\/en\/","name":"HOINKA","description":"Sustainable Planning - Green Building","publisher":{"@id":"https:\/\/hoinka.com\/en\/#organization"},"potentialAction":[{"@type":"SearchAction","target":{"@type":"EntryPoint","urlTemplate":"https:\/\/hoinka.com\/en\/?s={search_term_string}"},"query-input":{"@type":"PropertyValueSpecification","valueRequired":true,"valueName":"search_term_string"}}],"inLanguage":"en-US"},{"@type":"Organization","@id":"https:\/\/hoinka.com\/en\/#organization","name":"HOINKA","url":"https:\/\/hoinka.com\/en\/","logo":{"@type":"ImageObject","inLanguage":"en-US","@id":"https:\/\/hoinka.com\/en\/#\/schema\/logo\/image\/","url":"https:\/\/hoinka.com\/wp-content\/uploads\/logo_hoinka_sm.jpg","contentUrl":"https:\/\/hoinka.com\/wp-content\/uploads\/logo_hoinka_sm.jpg","width":450,"height":92,"caption":"HOINKA"},"image":{"@id":"https:\/\/hoinka.com\/en\/#\/schema\/logo\/image\/"},"sameAs":["https:\/\/de-de.facebook.com\/pages\/category\/Consulting-Agency\/HOINKA-GmbH-202893899755765\/","https:\/\/www.linkedin.com\/company\/hoinka-gmbh?originalSubdomain=de"]}]}},"_links":{"self":[{"href":"https:\/\/hoinka.com\/en\/wp-json\/wp\/v2\/pages\/11831","targetHints":{"allow":["GET"]}}],"collection":[{"href":"https:\/\/hoinka.com\/en\/wp-json\/wp\/v2\/pages"}],"about":[{"href":"https:\/\/hoinka.com\/en\/wp-json\/wp\/v2\/types\/page"}],"author":[{"embeddable":true,"href":"https:\/\/hoinka.com\/en\/wp-json\/wp\/v2\/users\/7"}],"replies":[{"embeddable":true,"href":"https:\/\/hoinka.com\/en\/wp-json\/wp\/v2\/comments?post=11831"}],"version-history":[{"count":7,"href":"https:\/\/hoinka.com\/en\/wp-json\/wp\/v2\/pages\/11831\/revisions"}],"predecessor-version":[{"id":13018,"href":"https:\/\/hoinka.com\/en\/wp-json\/wp\/v2\/pages\/11831\/revisions\/13018"}],"up":[{"embeddable":true,"href":"https:\/\/hoinka.com\/en\/wp-json\/wp\/v2\/pages\/426"}],"wp:featuredmedia":[{"embeddable":true,"href":"https:\/\/hoinka.com\/en\/wp-json\/wp\/v2\/media\/12241"}],"wp:attachment":[{"href":"https:\/\/hoinka.com\/en\/wp-json\/wp\/v2\/media?parent=11831"}],"curies":[{"name":"wp","href":"https:\/\/api.w.org\/{rel}","templated":true}]}}