{"id":11074,"date":"2024-08-02T12:31:31","date_gmt":"2024-08-02T10:31:31","guid":{"rendered":"https:\/\/dev.hoinka.com\/bafa-module-1-cross-sectional-technologies\/"},"modified":"2025-04-04T16:34:42","modified_gmt":"2025-04-04T14:34:42","slug":"bafa-module-1-cross-sectional-technologies","status":"publish","type":"page","link":"https:\/\/hoinka.com\/en\/leistungen\/bafa-funding\/bafa-module-1-cross-sectional-technologies\/","title":{"rendered":"BAFA Module 1: Cross-sectional technologies"},"content":{"rendered":"<h1><strong>BAFA Modul 1: Querschnittstechnologien<\/strong><\/h1>\n<p>Wir unterst\u00fctzen Sie bei der Einbindung innovativer Technologien zur Steigerung der Energieeffizienz in Ihrem Unternehmen.<\/p>\n\t<a class=\"paoc-popup-click paoc-popup-cust-6225 paoc-popup-button paoc-popup-btn \" href=\"javascript:void(0);\">Kontaktieren Sie uns<\/a>\r\n\n<hr \/>\n<h2 style=\"text-align: center;\">Energie einsparen mit modernen Technologien<\/h2>\n<p>Durch die Anwendung moderner Technologien l\u00e4sst sich eine Menge Energie einsparen. Um die Nutzung dieser Technologien zu f\u00f6rdern, unterst\u00fctzt das BAFA Unternehmen bei der Einbindung von sogenannten Querschnittstechnologien. Als Querschnittstechnologien gelten innovative Technologien, mit denen branchen\u00fcbergreifend Abl\u00e4ufe optimiert und die Effizienz in verschiedenen Bereichen gesteigert werden kann.<\/p>\n<h3>Was wird in <em>Modul 1: Querschnittstechnologien<\/em> vom BAFA gef\u00f6rdert?<\/h3>\n<p>Im Modul 1 der Bundesf\u00f6rderung f\u00fcr Energie- und Ressourceneffizienz in der Wirtschaft werden Investitionen in am Markt verf\u00fcgbare Technologien gef\u00f6rdert, die zur Erh\u00f6hung der Energieeffizienz beitragen.<\/p>\n<h3>F\u00f6rderf\u00e4hige Investitionskosten<\/h3>\n<p>Gef\u00f6rdert werden Ersatz oder Neuanschaffung hocheffizienter Anlagen bzw. Aggregate f\u00fcr die industrielle und gewerbliche Anwendung in den folgenden Querschnittstechnologien:<\/p>\n<ul>\n<li>elektrische Motoren und Antriebe,<\/li>\n<li>Pumpen (industrielle und gewerbliche Anwendung),<\/li>\n<li>Ventilatoren (industrielle und gewerbliche Anwendung),<\/li>\n<li>Druckluftanlagen (inkl. \u00fcbergeordnete Steuerung),<\/li>\n<li>W\u00e4rme\u00fcbertrager f\u00fcr die Abw\u00e4rmenutzung\/W\u00e4rmer\u00fcckgewinnung aus einem w\u00e4rmef\u00fchrenden Abwasser- oder Prozesswasserstrom,<\/li>\n<li>D\u00e4mmung von industriellen Anlagen\/Anlagenteilen,<\/li>\n<li>Frequenzumrichter.<\/li>\n<\/ul>\n<h3>Investitionsvolumen &amp; F\u00f6rderh\u00f6he<\/h3>\n<ul>\n<li>Netto-Investitionsvolumen (Einzelma\u00dfnahmen) inkl. Nebenkosten: mind. 2000\u20ac<\/li>\n<li>F\u00f6rderf\u00e4hige Nebenkosten: max. 30% der Investitionskosten<\/li>\n<li>Maximale F\u00f6rderung (F\u00f6rderquote bis 40 % d. f\u00f6rderf\u00e4higen Investitionskosten: 20.000 \u20ac<\/li>\n<\/ul>\n<h3>Technische Anforderungen<\/h3>\n<p>F\u00fcr alle Anlagen\/Aggregate m\u00fcssen von der BAFA festgelegte technische Anforderungen erf\u00fcllt werden. Die Pr\u00fcfung der F\u00f6rderf\u00e4higkeit erfolgt jeweils Anhand dieser Kriterien und basiert auf einem Nachweis in Form einer Herstellererkl\u00e4rung oder eines Produkt- bzw. Materialdatenblatts. Gegebenenfalls m\u00fcssen f\u00fcr die Nachweise, die von der BAFA zur Verf\u00fcgung gestellten Vordrucke verwendet werden. Ein Merkblatt mit den genauen technischen Anforderungen ist auf der <a href=\"https:\/\/www.bafa.de\/DE\/Energie\/Energieeffizienz\/Energieeffizienz_und_Prozesswaerme\/Modul1_Querschnittstechnologien\/modul1_querschnittstechnologien_node.html\">Webseite des BAFA<\/a> zum Download verf\u00fcgbar.<\/p>\n<p class=\"buttonpopup\" style=\"text-align: center;\">\t<a class=\"paoc-popup-click paoc-popup-cust-6251 paoc-popup-button paoc-popup-btn \" href=\"javascript:void(0);\">Angebot anfordern<\/a>\r\n\n<p style=\"text-align: center;\">Telefon\u00a0\u00a0<a class=\"\" href=\"tel:+49 711 62049-340\">+49 711 62049-340<\/a><br \/>\nEmail <a class=\"\" href=\"mailto:info@hoinka.com\">info@hoinka.com<\/a><\/p>\n","protected":false},"excerpt":{"rendered":"<p>BAFA Modul 1: Querschnittstechnologien Wir unterst\u00fctzen Sie bei der Einbindung innovativer Technologien zur Steigerung der Energieeffizienz in Ihrem Unternehmen. Energie einsparen mit modernen Technologien Durch die Anwendung moderner Technologien l\u00e4sst sich eine Menge Energie einsparen. Um die Nutzung dieser Technologien zu f\u00f6rdern, unterst\u00fctzt das BAFA Unternehmen bei der Einbindung von sogenannten Querschnittstechnologien. Als Querschnittstechnologien gelten &hellip;<\/p>\n","protected":false},"author":2,"featured_media":13152,"parent":11076,"menu_order":10,"comment_status":"closed","ping_status":"closed","template":"sections.php","meta":{"_acf_changed":false,"_genesis_hide_title":false,"_genesis_hide_breadcrumbs":false,"_genesis_hide_singular_image":false,"_genesis_hide_footer_widgets":false,"_genesis_custom_body_class":"","_genesis_custom_post_class":"","_genesis_layout":"","footnotes":"","_links_to":"","_links_to_target":""},"class_list":{"0":"post-11074","1":"page","2":"type-page","3":"status-publish","4":"has-post-thumbnail","6":"entry"},"acf":[],"yoast_head":"<!-- This site is optimized with the Yoast SEO plugin v27.0 - https:\/\/yoast.com\/product\/yoast-seo-wordpress\/ -->\n<title>BAFA Module 1: Cross-sectional technologies &#8211; HOINKA<\/title>\n<meta name=\"description\" content=\"BAFA Module 1: Cross-sectional technologies - We support the integration of innovative technologies to increase energy efficiency.\" \/>\n<meta name=\"robots\" content=\"index, follow, max-snippet:-1, max-image-preview:large, max-video-preview:-1\" \/>\n<link rel=\"canonical\" href=\"https:\/\/hoinka.com\/en\/leistungen\/bafa-funding\/bafa-module-1-cross-sectional-technologies\/\" \/>\n<meta property=\"og:locale\" content=\"en_US\" \/>\n<meta property=\"og:type\" content=\"article\" \/>\n<meta property=\"og:title\" content=\"BAFA Module 1: Cross-sectional technologies &#8211; HOINKA\" \/>\n<meta property=\"og:description\" content=\"BAFA Module 1: Cross-sectional technologies - We support the integration of innovative technologies to increase energy efficiency.\" \/>\n<meta property=\"og:url\" content=\"https:\/\/hoinka.com\/en\/leistungen\/bafa-funding\/bafa-module-1-cross-sectional-technologies\/\" \/>\n<meta property=\"og:site_name\" content=\"HOINKA\" \/>\n<meta property=\"article:publisher\" content=\"https:\/\/de-de.facebook.com\/pages\/category\/Consulting-Agency\/HOINKA-GmbH-202893899755765\/\" \/>\n<meta property=\"article:modified_time\" content=\"2025-04-04T14:34:42+00:00\" \/>\n<meta property=\"og:image\" content=\"https:\/\/hoinka.com\/wp-content\/uploads\/Corporate-Sustainability-Reporting-Directive-7-1.png\" \/>\n\t<meta property=\"og:image:width\" content=\"2070\" \/>\n\t<meta property=\"og:image:height\" content=\"2070\" \/>\n\t<meta property=\"og:image:type\" content=\"image\/png\" \/>\n<meta name=\"twitter:card\" content=\"summary_large_image\" \/>\n<meta name=\"twitter:label1\" content=\"Est. reading time\" \/>\n\t<meta name=\"twitter:data1\" content=\"2 minutes\" \/>\n<script type=\"application\/ld+json\" class=\"yoast-schema-graph\">{\"@context\":\"https:\/\/schema.org\",\"@graph\":[{\"@type\":\"WebPage\",\"@id\":\"https:\/\/hoinka.com\/en\/leistungen\/bafa-funding\/bafa-module-1-cross-sectional-technologies\/\",\"url\":\"https:\/\/hoinka.com\/en\/leistungen\/bafa-funding\/bafa-module-1-cross-sectional-technologies\/\",\"name\":\"BAFA Module 1: Cross-sectional technologies &#8211; HOINKA\",\"isPartOf\":{\"@id\":\"https:\/\/hoinka.com\/en\/#website\"},\"primaryImageOfPage\":{\"@id\":\"https:\/\/hoinka.com\/en\/leistungen\/bafa-funding\/bafa-module-1-cross-sectional-technologies\/#primaryimage\"},\"image\":{\"@id\":\"https:\/\/hoinka.com\/en\/leistungen\/bafa-funding\/bafa-module-1-cross-sectional-technologies\/#primaryimage\"},\"thumbnailUrl\":\"https:\/\/hoinka.com\/wp-content\/uploads\/Corporate-Sustainability-Reporting-Directive-7-1.png\",\"datePublished\":\"2024-08-02T10:31:31+00:00\",\"dateModified\":\"2025-04-04T14:34:42+00:00\",\"description\":\"BAFA Module 1: Cross-sectional technologies - We support the integration of innovative technologies to increase energy efficiency.\",\"breadcrumb\":{\"@id\":\"https:\/\/hoinka.com\/en\/leistungen\/bafa-funding\/bafa-module-1-cross-sectional-technologies\/#breadcrumb\"},\"inLanguage\":\"en-US\",\"potentialAction\":[{\"@type\":\"ReadAction\",\"target\":[\"https:\/\/hoinka.com\/en\/leistungen\/bafa-funding\/bafa-module-1-cross-sectional-technologies\/\"]}]},{\"@type\":\"ImageObject\",\"inLanguage\":\"en-US\",\"@id\":\"https:\/\/hoinka.com\/en\/leistungen\/bafa-funding\/bafa-module-1-cross-sectional-technologies\/#primaryimage\",\"url\":\"https:\/\/hoinka.com\/wp-content\/uploads\/Corporate-Sustainability-Reporting-Directive-7-1.png\",\"contentUrl\":\"https:\/\/hoinka.com\/wp-content\/uploads\/Corporate-Sustainability-Reporting-Directive-7-1.png\",\"width\":2070,\"height\":2070,\"caption\":\"BAFA F\u00f6rderung Querschnittstechnologien\"},{\"@type\":\"BreadcrumbList\",\"@id\":\"https:\/\/hoinka.com\/en\/leistungen\/bafa-funding\/bafa-module-1-cross-sectional-technologies\/#breadcrumb\",\"itemListElement\":[{\"@type\":\"ListItem\",\"position\":1,\"name\":\"Home\",\"item\":\"https:\/\/hoinka.com\/en\/\"},{\"@type\":\"ListItem\",\"position\":2,\"name\":\"Services\",\"item\":\"https:\/\/hoinka.com\/en\/leistungen\/\"},{\"@type\":\"ListItem\",\"position\":3,\"name\":\"BAFA funding\",\"item\":\"https:\/\/hoinka.com\/en\/leistungen\/bafa-funding\/\"},{\"@type\":\"ListItem\",\"position\":4,\"name\":\"BAFA Module 1: Cross-sectional technologies\"}]},{\"@type\":\"WebSite\",\"@id\":\"https:\/\/hoinka.com\/en\/#website\",\"url\":\"https:\/\/hoinka.com\/en\/\",\"name\":\"HOINKA\",\"description\":\"Sustainable Planning - Green Building\",\"publisher\":{\"@id\":\"https:\/\/hoinka.com\/en\/#organization\"},\"potentialAction\":[{\"@type\":\"SearchAction\",\"target\":{\"@type\":\"EntryPoint\",\"urlTemplate\":\"https:\/\/hoinka.com\/en\/?s={search_term_string}\"},\"query-input\":{\"@type\":\"PropertyValueSpecification\",\"valueRequired\":true,\"valueName\":\"search_term_string\"}}],\"inLanguage\":\"en-US\"},{\"@type\":\"Organization\",\"@id\":\"https:\/\/hoinka.com\/en\/#organization\",\"name\":\"HOINKA\",\"url\":\"https:\/\/hoinka.com\/en\/\",\"logo\":{\"@type\":\"ImageObject\",\"inLanguage\":\"en-US\",\"@id\":\"https:\/\/hoinka.com\/en\/#\/schema\/logo\/image\/\",\"url\":\"https:\/\/hoinka.com\/wp-content\/uploads\/logo_hoinka_sm.jpg\",\"contentUrl\":\"https:\/\/hoinka.com\/wp-content\/uploads\/logo_hoinka_sm.jpg\",\"width\":450,\"height\":92,\"caption\":\"HOINKA\"},\"image\":{\"@id\":\"https:\/\/hoinka.com\/en\/#\/schema\/logo\/image\/\"},\"sameAs\":[\"https:\/\/de-de.facebook.com\/pages\/category\/Consulting-Agency\/HOINKA-GmbH-202893899755765\/\",\"https:\/\/www.linkedin.com\/company\/hoinka-gmbh?originalSubdomain=de\"]}]}<\/script>\n<!-- \/ Yoast SEO plugin. -->","yoast_head_json":{"title":"BAFA Module 1: Cross-sectional technologies &#8211; HOINKA","description":"BAFA Module 1: Cross-sectional technologies - We support the integration of innovative technologies to increase energy efficiency.","robots":{"index":"index","follow":"follow","max-snippet":"max-snippet:-1","max-image-preview":"max-image-preview:large","max-video-preview":"max-video-preview:-1"},"canonical":"https:\/\/hoinka.com\/en\/leistungen\/bafa-funding\/bafa-module-1-cross-sectional-technologies\/","og_locale":"en_US","og_type":"article","og_title":"BAFA Module 1: Cross-sectional technologies &#8211; HOINKA","og_description":"BAFA Module 1: Cross-sectional technologies - We support the integration of innovative technologies to increase energy efficiency.","og_url":"https:\/\/hoinka.com\/en\/leistungen\/bafa-funding\/bafa-module-1-cross-sectional-technologies\/","og_site_name":"HOINKA","article_publisher":"https:\/\/de-de.facebook.com\/pages\/category\/Consulting-Agency\/HOINKA-GmbH-202893899755765\/","article_modified_time":"2025-04-04T14:34:42+00:00","og_image":[{"width":2070,"height":2070,"url":"https:\/\/hoinka.com\/wp-content\/uploads\/Corporate-Sustainability-Reporting-Directive-7-1.png","type":"image\/png"}],"twitter_card":"summary_large_image","twitter_misc":{"Est. reading time":"2 minutes"},"schema":{"@context":"https:\/\/schema.org","@graph":[{"@type":"WebPage","@id":"https:\/\/hoinka.com\/en\/leistungen\/bafa-funding\/bafa-module-1-cross-sectional-technologies\/","url":"https:\/\/hoinka.com\/en\/leistungen\/bafa-funding\/bafa-module-1-cross-sectional-technologies\/","name":"BAFA Module 1: Cross-sectional technologies &#8211; HOINKA","isPartOf":{"@id":"https:\/\/hoinka.com\/en\/#website"},"primaryImageOfPage":{"@id":"https:\/\/hoinka.com\/en\/leistungen\/bafa-funding\/bafa-module-1-cross-sectional-technologies\/#primaryimage"},"image":{"@id":"https:\/\/hoinka.com\/en\/leistungen\/bafa-funding\/bafa-module-1-cross-sectional-technologies\/#primaryimage"},"thumbnailUrl":"https:\/\/hoinka.com\/wp-content\/uploads\/Corporate-Sustainability-Reporting-Directive-7-1.png","datePublished":"2024-08-02T10:31:31+00:00","dateModified":"2025-04-04T14:34:42+00:00","description":"BAFA Module 1: Cross-sectional technologies - We support the integration of innovative technologies to increase energy efficiency.","breadcrumb":{"@id":"https:\/\/hoinka.com\/en\/leistungen\/bafa-funding\/bafa-module-1-cross-sectional-technologies\/#breadcrumb"},"inLanguage":"en-US","potentialAction":[{"@type":"ReadAction","target":["https:\/\/hoinka.com\/en\/leistungen\/bafa-funding\/bafa-module-1-cross-sectional-technologies\/"]}]},{"@type":"ImageObject","inLanguage":"en-US","@id":"https:\/\/hoinka.com\/en\/leistungen\/bafa-funding\/bafa-module-1-cross-sectional-technologies\/#primaryimage","url":"https:\/\/hoinka.com\/wp-content\/uploads\/Corporate-Sustainability-Reporting-Directive-7-1.png","contentUrl":"https:\/\/hoinka.com\/wp-content\/uploads\/Corporate-Sustainability-Reporting-Directive-7-1.png","width":2070,"height":2070,"caption":"BAFA F\u00f6rderung Querschnittstechnologien"},{"@type":"BreadcrumbList","@id":"https:\/\/hoinka.com\/en\/leistungen\/bafa-funding\/bafa-module-1-cross-sectional-technologies\/#breadcrumb","itemListElement":[{"@type":"ListItem","position":1,"name":"Home","item":"https:\/\/hoinka.com\/en\/"},{"@type":"ListItem","position":2,"name":"Services","item":"https:\/\/hoinka.com\/en\/leistungen\/"},{"@type":"ListItem","position":3,"name":"BAFA funding","item":"https:\/\/hoinka.com\/en\/leistungen\/bafa-funding\/"},{"@type":"ListItem","position":4,"name":"BAFA Module 1: Cross-sectional technologies"}]},{"@type":"WebSite","@id":"https:\/\/hoinka.com\/en\/#website","url":"https:\/\/hoinka.com\/en\/","name":"HOINKA","description":"Sustainable Planning - Green Building","publisher":{"@id":"https:\/\/hoinka.com\/en\/#organization"},"potentialAction":[{"@type":"SearchAction","target":{"@type":"EntryPoint","urlTemplate":"https:\/\/hoinka.com\/en\/?s={search_term_string}"},"query-input":{"@type":"PropertyValueSpecification","valueRequired":true,"valueName":"search_term_string"}}],"inLanguage":"en-US"},{"@type":"Organization","@id":"https:\/\/hoinka.com\/en\/#organization","name":"HOINKA","url":"https:\/\/hoinka.com\/en\/","logo":{"@type":"ImageObject","inLanguage":"en-US","@id":"https:\/\/hoinka.com\/en\/#\/schema\/logo\/image\/","url":"https:\/\/hoinka.com\/wp-content\/uploads\/logo_hoinka_sm.jpg","contentUrl":"https:\/\/hoinka.com\/wp-content\/uploads\/logo_hoinka_sm.jpg","width":450,"height":92,"caption":"HOINKA"},"image":{"@id":"https:\/\/hoinka.com\/en\/#\/schema\/logo\/image\/"},"sameAs":["https:\/\/de-de.facebook.com\/pages\/category\/Consulting-Agency\/HOINKA-GmbH-202893899755765\/","https:\/\/www.linkedin.com\/company\/hoinka-gmbh?originalSubdomain=de"]}]}},"_links":{"self":[{"href":"https:\/\/hoinka.com\/en\/wp-json\/wp\/v2\/pages\/11074","targetHints":{"allow":["GET"]}}],"collection":[{"href":"https:\/\/hoinka.com\/en\/wp-json\/wp\/v2\/pages"}],"about":[{"href":"https:\/\/hoinka.com\/en\/wp-json\/wp\/v2\/types\/page"}],"author":[{"embeddable":true,"href":"https:\/\/hoinka.com\/en\/wp-json\/wp\/v2\/users\/2"}],"replies":[{"embeddable":true,"href":"https:\/\/hoinka.com\/en\/wp-json\/wp\/v2\/comments?post=11074"}],"version-history":[{"count":4,"href":"https:\/\/hoinka.com\/en\/wp-json\/wp\/v2\/pages\/11074\/revisions"}],"predecessor-version":[{"id":13154,"href":"https:\/\/hoinka.com\/en\/wp-json\/wp\/v2\/pages\/11074\/revisions\/13154"}],"up":[{"embeddable":true,"href":"https:\/\/hoinka.com\/en\/wp-json\/wp\/v2\/pages\/11076"}],"wp:featuredmedia":[{"embeddable":true,"href":"https:\/\/hoinka.com\/en\/wp-json\/wp\/v2\/media\/13152"}],"wp:attachment":[{"href":"https:\/\/hoinka.com\/en\/wp-json\/wp\/v2\/media?parent=11074"}],"curies":[{"name":"wp","href":"https:\/\/api.w.org\/{rel}","templated":true}]}}